{"id":8004,"date":"2022-08-01T20:32:23","date_gmt":"2022-08-01T20:32:23","guid":{"rendered":"https:\/\/www.northcross.cl\/?page_id=8004"},"modified":"2025-03-14T13:01:17","modified_gmt":"2025-03-14T16:01:17","slug":"horario-entrada-y-salida","status":"publish","type":"page","link":"https:\/\/www.northcross.cl\/index.php\/horario-entrada-y-salida\/","title":{"rendered":"HORARIOS DE ALMUERZO, ENTRADA Y SALIDA"},"content":{"rendered":"\n<h2 class=\"wp-block-heading\">Estimada comunidad educativa:<\/h2>\n\n\n\n<h2 class=\"wp-block-heading\">Informamos que, desde el d\u00eda lunes 10 de marzo, comenzamos con la jornada escolar completa y, a continuaci\u00f3n detallamos los horarios de ingreso, salida y horarios de almuerzo de nuestros estudiantes.<\/h2>\n\n\n\n<figure class=\"wp-block-table\"><table class=\"has-fixed-layout\"><tbody><tr><td>CURSO<\/td><td>ENTRADA<\/td><td>SALIDA<\/td><td>ALMUERZO<\/td><\/tr><tr><td>PRE KINDER<\/td><td>8:30<\/td><td>15:30<\/td><td>12:00 A 12:45<\/td><\/tr><tr><td>KINDER<\/td><td>8:30<\/td><td>15:30<\/td><td>12:00 A 12:45<\/td><\/tr><tr><td>1\u00b0 BCO<\/td><td>8:30<\/td><td>15:35<\/td><td>12:45 A 13:30<\/td><\/tr><tr><td>2\u00b0 BCO<\/td><td>8:30<\/td><td>15:35<\/td><td>12:45 A 13:30<\/td><\/tr><tr><td>3\u00b0 BCO<\/td><td>8:30<\/td><td>15:45<\/td><td>13:20 A 14:05<\/td><\/tr><tr><td>4\u00b0 BCO<\/td><td>8:30<\/td><td>15:45<\/td><td>13:20 A 14:05<\/td><\/tr><tr><td>5\u00b0 BCO<\/td><td>8:30<\/td><td>15:45<\/td><td>13:30 A 14:15<\/td><\/tr><tr><td>6\u00b0 BCO<\/td><td>8:30<\/td><td>15:45<\/td><td>13:30 A 14:15<\/td><\/tr><tr><td>7\u00b0 BCO<\/td><td>8:15<\/td><td>15:35<\/td><td>14:05 A 14:50<\/td><\/tr><tr><td>8\u00b0 BCO<\/td><td>8:15<\/td><td>15:35<\/td><td>14:05 A 14:50<\/td><\/tr><tr><td>1\u00b0 MEDIO<\/td><td>8:15<\/td><td>16:20<\/td><td>14:05 A 14:50<\/td><\/tr><tr><td>2\u00b0 MEDIO<\/td><td>8:15<\/td><td>16:20<\/td><td>14:05 A 14:50<\/td><\/tr><tr><td>3\u00b0 MEDIO<\/td><td>8:15<\/td><td>16:20<\/td><td>14:05 A 14:50<\/td><\/tr><tr><td>4\u00b0 MEDIO<\/td><td>8:15<\/td><td>16:20<\/td><td>14:05 A 14:50<\/td><\/tr><\/tbody><\/table><\/figure>\n\n\n\n<h2 class=\"wp-block-heading\">Horario para d\u00eda viernes:<\/h2>\n\n\n\n<figure class=\"wp-block-table\"><table class=\"has-fixed-layout\"><tbody><tr><td><strong>CURSO<\/strong><\/td><td><strong>ENTRADA<\/strong><\/td><td><strong>SALIDA<\/strong><\/td><\/tr><tr><td>PRE KINDER A 6\u00b0 A\u00d1O B\u00c1SICO<\/td><td>08:30<\/td><td>13:30<\/td><\/tr><tr><td>7\u00b0 B\u00c1SICO A 4\u00b0 A\u00d1O MEDIO<\/td><td>08:15<\/td><td>13:15<\/td><\/tr><\/tbody><\/table><\/figure>\n\n\n\n<h2 class=\"wp-block-heading\">Recordamos, adem\u00e1s, que los almuerzos de los estudiantes deben estar en el colegio media hora antes como m\u00e1ximo y as\u00ed no retrasar a su pupilo en su horario; junto a ello, recordamos que deben traer el cubierto correspondiente y las loncheras y viandas deben venir debidamente identificadas con <strong>NOMBRE Y CURSO<\/strong> y dejarlo en inspector\u00eda.<\/h2>\n\n\n\n<p>Saludos cordiales,<\/p>\n\n\n\n<h2 class=\"wp-block-heading\">NORTH CROSS SCHOOL<\/h2>\n\n\n\n<figure class=\"wp-block-image size-large\"><img loading=\"lazy\" decoding=\"async\" width=\"1024\" height=\"319\" src=\"https:\/\/www.northcross.cl\/wp-content\/uploads\/2022\/09\/nnnnn-1024x319.png\" alt=\"\" class=\"wp-image-8297\" srcset=\"https:\/\/www.northcross.cl\/wp-content\/uploads\/2022\/09\/nnnnn-1024x319.png 1024w, https:\/\/www.northcross.cl\/wp-content\/uploads\/2022\/09\/nnnnn-300x94.png 300w, https:\/\/www.northcross.cl\/wp-content\/uploads\/2022\/09\/nnnnn-768x239.png 768w, https:\/\/www.northcross.cl\/wp-content\/uploads\/2022\/09\/nnnnn.png 1113w\" sizes=\"auto, (max-width: 1024px) 100vw, 1024px\" \/><\/figure>\n","protected":false},"excerpt":{"rendered":"<p>Estimada comunidad educativa: Informamos que, desde el d\u00eda lunes 10 de marzo, comenzamos con la jornada escolar completa y, a continuaci\u00f3n detallamos los horarios de ingreso, salida y horarios de&#8230;<\/p>\n<div class=\"royalnews-readmore-wrap\"><a href=\"https:\/\/www.northcross.cl\/index.php\/horario-entrada-y-salida\/\" class=\"royalnews-readmore\">Explore more <i class=\"far fa-hand-point-right\"><\/i><\/a><\/div>\n","protected":false},"author":1,"featured_media":0,"parent":0,"menu_order":0,"comment_status":"closed","ping_status":"closed","template":"","meta":{"footnotes":""},"class_list":["post-8004","page","type-page","status-publish","hentry"],"_links":{"self":[{"href":"https:\/\/www.northcross.cl\/index.php\/wp-json\/wp\/v2\/pages\/8004","targetHints":{"allow":["GET"]}}],"collection":[{"href":"https:\/\/www.northcross.cl\/index.php\/wp-json\/wp\/v2\/pages"}],"about":[{"href":"https:\/\/www.northcross.cl\/index.php\/wp-json\/wp\/v2\/types\/page"}],"author":[{"embeddable":true,"href":"https:\/\/www.northcross.cl\/index.php\/wp-json\/wp\/v2\/users\/1"}],"replies":[{"embeddable":true,"href":"https:\/\/www.northcross.cl\/index.php\/wp-json\/wp\/v2\/comments?post=8004"}],"version-history":[{"count":0,"href":"https:\/\/www.northcross.cl\/index.php\/wp-json\/wp\/v2\/pages\/8004\/revisions"}],"wp:attachment":[{"href":"https:\/\/www.northcross.cl\/index.php\/wp-json\/wp\/v2\/media?parent=8004"}],"curies":[{"name":"wp","href":"https:\/\/api.w.org\/{rel}","templated":true}]}}