{"id":6986,"date":"2022-03-11T16:22:03","date_gmt":"2022-03-11T16:22:03","guid":{"rendered":"http:\/\/www.northcross.cl\/?page_id=6986"},"modified":"2026-03-27T10:33:09","modified_gmt":"2026-03-27T13:33:09","slug":"atencion-de-apoderados-2","status":"publish","type":"page","link":"https:\/\/www.northcross.cl\/index.php\/atencion-de-apoderados-2\/","title":{"rendered":"Atenci\u00f3n Apoderados"},"content":{"rendered":"\n<p>Con el objetivo de fortalecer la comunicaci\u00f3n entre nuestra comunidad educativa, el Colegio North Cross pone a disposici\u00f3n de estudiantes y apoderados un espacio exclusivo donde podr\u00e1n acceder a los correos electr\u00f3nicos de todos los docentes.<br>Este recurso permitir\u00e1:<\/p>\n\n\n\n<ul class=\"wp-block-list\">\n<li>\u2709\ufe0f Agendar reuniones de manera directa y organizada.<\/li>\n\n\n\n<li>\ud83e\udd1d Facilitar la comunicaci\u00f3n entre familias y profesores.<\/li>\n\n\n\n<li>\ud83d\udccc Resolver dudas acad\u00e9micas y coordinar apoyos espec\u00edficos.<br><br>El compromiso del colegio es brindar canales claros y accesibles para acompa\u00f1ar el aprendizaje y mantener una comunicaci\u00f3n cercana y efectiva.<\/li>\n<\/ul>\n\n\n\n<p>&nbsp;<\/p>\n\n\n\n<figure class=\"wp-block-table\"><table class=\"has-fixed-layout\"><tbody><tr><td><strong><em>NOMBRE DOCENTE<\/em><\/strong><\/td><td><strong><em>CORREO PROFESOR\/A<\/em><\/strong><\/td><td><strong><em>Horario de atenci\u00f3n<\/em><\/strong><\/td><\/tr><tr><td><em>DAVID IBARRA<\/em><\/td><td><em><u>david.ibarra@northcross.cl<\/u><\/em><\/td><td><em>Martes 15:45 a 16:15 hrs.<\/em><\/td><\/tr><tr><td><em>ALEJANDRA GONZ\u00c1LEZ<\/em><\/td><td><em><u>alejandra.gonzalez@northcross.cl<\/u><\/em><\/td><td><em>Jueves 10:45 &#8211; 11:30 hrs.<\/em><\/td><\/tr><tr><td><em>CAROLINA CAMPOS<\/em><\/td><td><em><u>carolina.campos@northcross.cl<\/u><\/em><\/td><td><em>Lunes 8:30 a 9:00 hrs.<\/em><\/td><\/tr><tr><td><em>DANIEL JERIA<\/em><\/td><td><em><u>daniel.jeria@northcross.cl<\/u><\/em><\/td><td><em>Martes 15:50 a 16:20 hrs.<\/em><\/td><\/tr><tr><td><em>EELEEN REYES<\/em><\/td><td><em><u>eeleen.reyes@northcross.cl<\/u><\/em><\/td><td><em>Lunes 15:50 &#8211; 16:20<\/em><\/td><\/tr><tr><td><em>SASHA MOYA<\/em><\/td><td><em><u>sasha.moya@northcross.cl<\/u><\/em><\/td><td><em>Martes 15:40 a 16:10 hrs.<\/em><\/td><\/tr><tr><td><em>JUAN POU<\/em><\/td><td><em><u>juan.pou@northcross.cl<\/u><\/em><\/td><td><em>Martes 15:40 a 16:10 hrs.<\/em><\/td><\/tr><tr><td><em>KATHERINE FERRADA<\/em><\/td><td><em><u>katherine.ferrada@northcross.cl<\/u><\/em><\/td><td><em>Martes 11:00 a 11:30<\/em><\/td><\/tr><tr><td><em>NATHALY YA\u00d1EZ<\/em><\/td><td><em><u>nathaly.yanez@northcross.cl<\/u><\/em><\/td><td><em>Lunes 15:40 a 16:10 hrs.<\/em><\/td><\/tr><tr><td><em>SEBASTIAN RIQUELME<\/em><\/td><td><em><u>sebastian.riquelme@northcross.cl<\/u><\/em><\/td><td><em>Martes 15:40 a 16:10 hrs.<\/em><\/td><\/tr><tr><td><em>TANIA VERA<\/em><\/td><td><em><u>tania.vera@northcross.cl<\/u><\/em><\/td><td><em>Martes 16:00 &#8211; 16:30<\/em><\/td><\/tr><tr><td><em>VANESSA DIAZ<\/em><\/td><td><em><u>vanessa.diaz@northcross.cl<\/u><\/em><\/td><td><em>Lunes 9:10 &#8211; 9:40 am.<\/em><\/td><\/tr><tr><td><em>NATALY ORTIZ<\/em><\/td><td><em><u>nataly.ortiz@northcross.cl<\/u><\/em><\/td><td><em>Martes 13:20 a 13:50<\/em><\/td><\/tr><tr><td><em>ERIKA SEREY<\/em><\/td><td><em><u>erika.serey@northcross.cl<\/u><\/em><\/td><td><em>Lunes 15:40 a 16:10 hrs.<\/em><\/td><\/tr><tr><td><em>VICTORIA BERRUETA<\/em><\/td><td><em><u>victoria.berrueta@northcross.cl<\/u><\/em><\/td><td><em>Mi\u00e9rcoles 15:45 &#8211; 16:15<\/em><\/td><\/tr><tr><td><em>LIANG LAY<\/em><\/td><td><em><u>liang.lay@northcross.cl<\/u><\/em><\/td><td><em>Lunes 13:20 &#8211; 13:50<\/em><\/td><\/tr><tr><td><em>FRANCISCA WEGNER<\/em><\/td><td><em><u>francisca.wegner@northcross.cl<\/u><\/em><\/td><td><em>Lunes 8:15 &#8211; 9:00 hrs.<\/em><\/td><\/tr><tr><td><em>JASMIN VARGAS<\/em><\/td><td><em><u>jasmin.vargas@northcross.cl<\/u><\/em><\/td><td><em>Jueves 13:15 -14:05 hrs.<\/em><\/td><\/tr><tr><td><em>VANESSA ROJAS<\/em><\/td><td><em><u>vanessa.rojas@northcross.cl<\/u><\/em><\/td><td><em>Jueves 11:30 &#8211; 12:10<\/em><\/td><\/tr><tr><td><em>LJUBAB ESPINOZA<\/em><\/td><td><em><u>ljubab.espinosa@northcross.cl<\/u><\/em><\/td><td><em>Martes 14:15 -14:45<\/em><\/td><\/tr><tr><td><em>VICTOR HERRERA<\/em><\/td><td><em><u>victor.herrera@northcross.cl<\/u><\/em><\/td><td><em>Martes 16:30 &#8211; 17:00<\/em><\/td><\/tr><tr><td><em>GABRIEL LOPEZ<\/em><\/td><td><em><u>gabriel.lopez@northcross.cl<\/u><\/em><\/td><td><em>Mi\u00e9rcoles 15:15 &#8211; 15:45<\/em><\/td><\/tr><tr><td><em>VALERIA GUERRERO<\/em><\/td><td><em><u>valeria.guerrero@northcross.cl<\/u><\/em><\/td><td><em>Lunes 10:00 &#8211; 10:30<\/em><\/td><\/tr><tr><td><em>KARLA FERRADA<\/em><\/td><td><a href=\"mailto:Karla.ferrada@northcross.cl\"><em>Karla.ferrada@northcross.cl<\/em><\/a><em><u><\/u><\/em><\/td><td><em>Lunes 14.50 &#8211; 16.30<\/em><\/td><\/tr><tr><td><em>PILAR DUARTE<\/em><\/td><td><em><u>pilar.duarte@northcross.cl<\/u><\/em><\/td><td><em>&nbsp;Martes 16,00 -16,30<\/em><em><\/em><\/td><\/tr><tr><td><em>JAVIERA PARRA<\/em><\/td><td><em><u>Javiera.parra@northcross.cl<\/u><\/em><\/td><td><em>Lunes 15:50 &#8211; 16:20 <\/em><em><\/em><\/td><\/tr><tr><td>RODRIGO NAVAS<\/td><td>rodrigo.navas@northcross.cl<\/td><td>Lunes 16:25 &#8211; 16:55<\/td><\/tr><\/tbody><\/table><\/figure>\n\n\n\n<div class=\"wp-block-group is-nowrap is-layout-flex wp-container-core-group-is-layout-ad2f72ca wp-block-group-is-layout-flex\">\n<figure class=\"wp-block-image size-large\"><img loading=\"lazy\" decoding=\"async\" width=\"1024\" height=\"559\" src=\"https:\/\/www.northcross.cl\/wp-content\/uploads\/2026\/03\/Gemini_Generated_Image_d1eeqhd1eeqhd1ee-1024x559.png\" alt=\"\" class=\"wp-image-15048\" srcset=\"https:\/\/www.northcross.cl\/wp-content\/uploads\/2026\/03\/Gemini_Generated_Image_d1eeqhd1eeqhd1ee-1024x559.png 1024w, https:\/\/www.northcross.cl\/wp-content\/uploads\/2026\/03\/Gemini_Generated_Image_d1eeqhd1eeqhd1ee-300x164.png 300w, https:\/\/www.northcross.cl\/wp-content\/uploads\/2026\/03\/Gemini_Generated_Image_d1eeqhd1eeqhd1ee-768x419.png 768w, https:\/\/www.northcross.cl\/wp-content\/uploads\/2026\/03\/Gemini_Generated_Image_d1eeqhd1eeqhd1ee.png 1408w\" sizes=\"auto, (max-width: 1024px) 100vw, 1024px\" \/><\/figure>\n<\/div>\n\n\n\n<figure class=\"wp-block-image size-large\"><img loading=\"lazy\" decoding=\"async\" width=\"1007\" height=\"765\" src=\"https:\/\/www.northcross.cl\/wp-content\/uploads\/2026\/03\/image-18.png\" alt=\"\" class=\"wp-image-15108\" srcset=\"https:\/\/www.northcross.cl\/wp-content\/uploads\/2026\/03\/image-18.png 1007w, https:\/\/www.northcross.cl\/wp-content\/uploads\/2026\/03\/image-18-300x228.png 300w, https:\/\/www.northcross.cl\/wp-content\/uploads\/2026\/03\/image-18-768x583.png 768w\" sizes=\"auto, (max-width: 1007px) 100vw, 1007px\" \/><\/figure>\n","protected":false},"excerpt":{"rendered":"<p>Con el objetivo de fortalecer la comunicaci\u00f3n entre nuestra comunidad educativa, el Colegio North Cross pone a disposici\u00f3n de estudiantes y apoderados un espacio exclusivo donde podr\u00e1n acceder a los&#8230;<\/p>\n<div class=\"royalnews-readmore-wrap\"><a href=\"https:\/\/www.northcross.cl\/index.php\/atencion-de-apoderados-2\/\" class=\"royalnews-readmore\">Explore more <i class=\"far fa-hand-point-right\"><\/i><\/a><\/div>\n","protected":false},"author":1,"featured_media":0,"parent":0,"menu_order":0,"comment_status":"closed","ping_status":"closed","template":"","meta":{"footnotes":""},"class_list":["post-6986","page","type-page","status-publish","hentry"],"_links":{"self":[{"href":"https:\/\/www.northcross.cl\/index.php\/wp-json\/wp\/v2\/pages\/6986","targetHints":{"allow":["GET"]}}],"collection":[{"href":"https:\/\/www.northcross.cl\/index.php\/wp-json\/wp\/v2\/pages"}],"about":[{"href":"https:\/\/www.northcross.cl\/index.php\/wp-json\/wp\/v2\/types\/page"}],"author":[{"embeddable":true,"href":"https:\/\/www.northcross.cl\/index.php\/wp-json\/wp\/v2\/users\/1"}],"replies":[{"embeddable":true,"href":"https:\/\/www.northcross.cl\/index.php\/wp-json\/wp\/v2\/comments?post=6986"}],"version-history":[{"count":27,"href":"https:\/\/www.northcross.cl\/index.php\/wp-json\/wp\/v2\/pages\/6986\/revisions"}],"predecessor-version":[{"id":15235,"href":"https:\/\/www.northcross.cl\/index.php\/wp-json\/wp\/v2\/pages\/6986\/revisions\/15235"}],"wp:attachment":[{"href":"https:\/\/www.northcross.cl\/index.php\/wp-json\/wp\/v2\/media?parent=6986"}],"curies":[{"name":"wp","href":"https:\/\/api.w.org\/{rel}","templated":true}]}}