{"id":5840,"date":"2021-03-31T22:02:03","date_gmt":"2021-03-31T22:02:03","guid":{"rendered":"http:\/\/www.northcross.cl\/?page_id=5840"},"modified":"2025-12-04T14:36:02","modified_gmt":"2025-12-04T17:36:02","slug":"habitos-de-estudios","status":"publish","type":"page","link":"https:\/\/www.northcross.cl\/index.php\/habitos-de-estudios\/","title":{"rendered":"H\u00e1bitos de Estudio"},"content":{"rendered":"\n<hr class=\"wp-block-separator has-alpha-channel-opacity is-style-wide\"\/>\n\n\n\n<figure class=\"wp-block-image size-full is-resized\"><img loading=\"lazy\" decoding=\"async\" width=\"615\" height=\"390\" src=\"https:\/\/www.northcross.cl\/wp-content\/uploads\/2025\/03\/image-4.png\" alt=\"\" class=\"wp-image-12002\" style=\"width:645px;height:auto\" srcset=\"https:\/\/www.northcross.cl\/wp-content\/uploads\/2025\/03\/image-4.png 615w, https:\/\/www.northcross.cl\/wp-content\/uploads\/2025\/03\/image-4-300x190.png 300w\" sizes=\"auto, (max-width: 615px) 100vw, 615px\" \/><\/figure>\n\n\n\n<h2 class=\"wp-block-heading\">Habitos de Estudio Apoyando a nuestros estudiantes<\/h2>\n\n\n\n<h3 class=\"wp-block-heading\"><strong>algunos tip como Habitos de estudio<\/strong><\/h3>\n\n\n\n<hr class=\"wp-block-separator has-alpha-channel-opacity is-style-wide\"\/>\n\n\n\n<h3 class=\"wp-block-heading\">Bloques de estudio  Intensivos<\/h3>\n\n\n\n<p>Estudia <b>25-30 minutos concentrado<\/b> y toma un <b>descanso de 5 minutos<\/b><\/p>\n\n\n\n<h3 class=\"wp-block-heading\">Crea tu  Base de estudio<\/h3>\n\n\n\n<p>Define un lugar <b>ordenado y tranquilo<\/b> exclusivo para estudiar.<\/p>\n\n\n\n<h3 class=\"wp-block-heading\">Prioriza lo Dif\u00edcil <\/h3>\n\n\n\n<p>Empieza con la materia que te resulta <b>m\u00e1s desafiante<\/b> cuando tu energ\u00eda mental est\u00e1 al m\u00e1ximo.<\/p>\n\n\n\n<figure class=\"wp-block-image size-full is-resized\"><img loading=\"lazy\" decoding=\"async\" width=\"626\" height=\"641\" src=\"https:\/\/www.northcross.cl\/wp-content\/uploads\/2020\/05\/ninos-dibujos-animados-que-estudian-biblioteca_29190-5028.jpg\" alt=\"\" class=\"wp-image-5090\" style=\"width:599px;height:auto\" srcset=\"https:\/\/www.northcross.cl\/wp-content\/uploads\/2020\/05\/ninos-dibujos-animados-que-estudian-biblioteca_29190-5028.jpg 626w, https:\/\/www.northcross.cl\/wp-content\/uploads\/2020\/05\/ninos-dibujos-animados-que-estudian-biblioteca_29190-5028-293x300.jpg 293w\" sizes=\"auto, (max-width: 626px) 100vw, 626px\" \/><\/figure>\n\n\n\n<figure class=\"wp-block-gallery has-nested-images columns-default is-cropped wp-block-gallery-1 is-layout-flex wp-block-gallery-is-layout-flex\">\n<p style=\"font-size:26px\"><br><strong>1.- Los estudiantes, sin importar la edad deben entender que:<\/strong><\/p>\n\n\n\n<ul class=\"wp-block-list\">\n<li style=\"font-size:24px\">\u00a0<strong>Cuarentena no son vacaciones<\/strong> Los padres deben comenzar por explicarles a sus hijos e hijas que \u201cla cuarentena es para preservar y promover la salud, no son vacaciones y a veces nos cuesta entender eso\u201d.<\/li>\n<\/ul>\n\n\n\n<p style=\"font-size:26px\"><strong>2.- Rutina y horarios<\/strong><\/p>\n\n\n\n<ul class=\"wp-block-list\">\n<li style=\"font-size:25px\">&nbsp;Los ni\u00f1os y ni\u00f1as cuando est\u00e1n en la casa ven esto como que fueran vacaciones, pero no es as\u00ed, mantener un horario de estudio, no necesariamente a la fuerza, es vital. Tambi\u00e9n es importante que se respeten los horarios de sue\u00f1o, que hagan horarios de actividades y fijar horas de estudio.<\/li>\n\n\n\n<li style=\"font-size:25px\">&nbsp;Es importante \u201chacer pausa donde se d\u00e9 la instancia de recreaci\u00f3n, es s\u00faper beneficioso, porque le quitamos la mentalidad de que est\u00e1 obligado a estar estudiando, porque los ni\u00f1os ya tienen una concepci\u00f3n negativa del estudio, en la casa se le pueda dar el espacio para que vea televisi\u00f3n, para que escuche m\u00fasica, para que revise sus redes sociales, pero todo con una limitaci\u00f3n al igual que las tareas\u201d.<\/li>\n<\/ul>\n\n\n\n<p style=\"font-size:26px\"><strong>3.- Salud mental y estr\u00e9s<\/strong><\/p>\n\n\n\n<ul class=\"wp-block-list\">\n<li style=\"font-size:25px\">&nbsp;Es muy importante hacerle entender al ni\u00f1o que las actividades que se est\u00e1n haciendo, es para que no pierda el ritmo de los estudios y no quede con un vac\u00edo.<\/li>\n\n\n\n<li style=\"font-size:25px\">\u00a0Adem\u00e1s, la importancia de salvaguardar la salud mental de los ni\u00f1os y ni\u00f1as, porque ahora est\u00e1n bombardeados de informaci\u00f3n por todas partes, vale la pena sentarse con el estudiante como familia y conversar y que ellos se expresen sobre las inquietudes que tienen, las dudas y como los afecta a ellos el tema del coronavirus, cual es la necesidad o justificaci\u00f3n de una cuarentena y hacerles entender que si ellos se encuentran en sus casas por una cuarentena es para prevenir el contagio. <strong><em>\u201cSe les tiene que explicar que es una situaci\u00f3n pasajera que no se va a prolongar eternamente\u201d. Sin embargo, es vital no mentir, \u201ctampoco hay que cometer el error de decirle que esto se va a terminar ma\u00f1ana, porque eso est\u00e1 solamente potenciando sus niveles de ansiedad\u201d<\/em><\/strong><\/li>\n<\/ul>\n\n\n\n<figure class=\"wp-block-image size-large\"><img loading=\"lazy\" decoding=\"async\" width=\"962\" height=\"664\" data-id=\"7846\" src=\"https:\/\/www.northcross.cl\/wp-content\/uploads\/2022\/06\/ninos.png\" alt=\"\" class=\"wp-image-7846\" srcset=\"https:\/\/www.northcross.cl\/wp-content\/uploads\/2022\/06\/ninos.png 962w, https:\/\/www.northcross.cl\/wp-content\/uploads\/2022\/06\/ninos-300x207.png 300w, https:\/\/www.northcross.cl\/wp-content\/uploads\/2022\/06\/ninos-768x530.png 768w, https:\/\/www.northcross.cl\/wp-content\/uploads\/2022\/06\/ninos-392x272.png 392w, https:\/\/www.northcross.cl\/wp-content\/uploads\/2022\/06\/ninos-130x90.png 130w\" sizes=\"auto, (max-width: 962px) 100vw, 962px\" \/><\/figure>\n<\/figure>\n\n\n\n<p><\/p>\n","protected":false},"excerpt":{"rendered":"<p>Habitos de Estudio Apoyando a nuestros estudiantes algunos tip como Habitos de estudio Bloques de estudio Intensivos Estudia 25-30 minutos concentrado y toma un descanso de 5 minutos Crea tu&#8230;<\/p>\n<div class=\"royalnews-readmore-wrap\"><a href=\"https:\/\/www.northcross.cl\/index.php\/habitos-de-estudios\/\" class=\"royalnews-readmore\">Explore more <i class=\"far fa-hand-point-right\"><\/i><\/a><\/div>\n","protected":false},"author":1,"featured_media":0,"parent":0,"menu_order":0,"comment_status":"closed","ping_status":"closed","template":"","meta":{"footnotes":""},"class_list":["post-5840","page","type-page","status-publish","hentry"],"_links":{"self":[{"href":"https:\/\/www.northcross.cl\/index.php\/wp-json\/wp\/v2\/pages\/5840","targetHints":{"allow":["GET"]}}],"collection":[{"href":"https:\/\/www.northcross.cl\/index.php\/wp-json\/wp\/v2\/pages"}],"about":[{"href":"https:\/\/www.northcross.cl\/index.php\/wp-json\/wp\/v2\/types\/page"}],"author":[{"embeddable":true,"href":"https:\/\/www.northcross.cl\/index.php\/wp-json\/wp\/v2\/users\/1"}],"replies":[{"embeddable":true,"href":"https:\/\/www.northcross.cl\/index.php\/wp-json\/wp\/v2\/comments?post=5840"}],"version-history":[{"count":2,"href":"https:\/\/www.northcross.cl\/index.php\/wp-json\/wp\/v2\/pages\/5840\/revisions"}],"predecessor-version":[{"id":14620,"href":"https:\/\/www.northcross.cl\/index.php\/wp-json\/wp\/v2\/pages\/5840\/revisions\/14620"}],"wp:attachment":[{"href":"https:\/\/www.northcross.cl\/index.php\/wp-json\/wp\/v2\/media?parent=5840"}],"curies":[{"name":"wp","href":"https:\/\/api.w.org\/{rel}","templated":true}]}}