{"id":5707,"date":"2021-03-20T01:28:28","date_gmt":"2021-03-20T01:28:28","guid":{"rendered":"http:\/\/www.northcross.cl\/?page_id=5707"},"modified":"2026-04-15T11:58:19","modified_gmt":"2026-04-15T15:58:19","slug":"7-basico-b","status":"publish","type":"page","link":"https:\/\/www.northcross.cl\/index.php\/7-basico-b\/","title":{"rendered":"7\u00b0 B\u00c1SICO B   PRUEBAS Y EVALUACIONES"},"content":{"rendered":"\n<p class=\"has-white-color has-vivid-red-background-color has-text-color has-background has-link-color wp-elements-8a6bfccb3bd306d4db03c2a38f956ae1\"><strong>(Evaluaci\u00f3n de Lengua y Literatura)<\/strong><\/p>\n\n\n\n<p>Nombre Profesor(a): Nathaly Y\u00e1\u00f1ez<br>Curso: 7\u00b0B<br>Fecha de la evaluaci\u00f3n: martes 14 de abril<br>Contenido: timbres Unidad 1<\/p>\n\n\n\n<p class=\"has-white-color has-vivid-red-background-color has-text-color has-background has-link-color wp-elements-7f8e00dd3240e3c9e2bd93f0e5d9a592\"><strong>Evaluaci\u00f3n de Historia<\/strong><\/p>\n\n\n\n<p><br>Nombre Profesor(a): Liang Lay Roco<br>Curso: 7\u00b0B<br>Fecha de la evaluaci\u00f3n: 22 de abril<br>Contenido: Primeras civilizaciones<\/p>\n\n\n\n<ul class=\"wp-block-list\">\n<li>Ubicaci\u00f3n de las primeras civilizaciones<\/li>\n\n\n\n<li>Primeras ciudades<\/li>\n\n\n\n<li>Pol\u00edtica y sociedad<\/li>\n\n\n\n<li>Tecnolog\u00eda y religi\u00f3n<\/li>\n<\/ul>\n\n\n\n<p class=\"has-white-color has-vivid-red-background-color has-text-color has-background has-link-color wp-elements-f84d254a479195f3980cc2ff921a8061\"><strong>Evaluaci\u00f3n de Unidad 1: TALLER DE HABILIDADES COMUNICATIVAS<\/strong><\/p>\n\n\n\n<p>Nombre Profesor: V\u00edctor Herrera<br>Curso: 7\u00b0 B<br>Fecha de la evaluaci\u00f3n: mi\u00e9rcoles 15 de abril de 2026<br>Contenido: Revisi\u00f3n de timbres por actividades de la primera unidad (5 timbres)<\/p>\n\n\n\n<p class=\"has-white-color has-vivid-red-background-color has-text-color has-background has-link-color wp-elements-b44141668391e514671fcedbd9b930f9\">Evaluaci\u00f3n de Ingl\u00e9s<\/p>\n\n\n\n<p>Nombre Profesor: Daniel Jeria Ram\u00edrez.<br>Curso: 7mo B<br>Fecha de la evaluaci\u00f3n: martes 7 de abril.<br>Contenidos:<br>Many\/much<br>Few\/many<br>Some\/any<br>Vocabulario (adjetivos, contables y no contables)<br>Comprensi\u00f3n lectora texto p\u00e1gina 10 (Color Psychology)<\/p>\n\n\n\n<p class=\"has-white-color has-vivid-red-background-color has-text-color has-background has-link-color wp-elements-3455959bf894d3c5217dcabb47130e73\"><strong>(Evaluaci\u00f3n de M\u00fasica)<\/strong><\/p>\n\n\n\n<p>Nombre Profesor(a): Gabriel L\u00f3pez Carroza<br>Curso: 7mo b\u00e1sico A<br>Fecha de la evaluaci\u00f3n: 2 de Abril<br>Contenido: Evaluaci\u00f3n sobre pentagrama. Identificar notas musicales en pentagrama, leer y<br>cantar notas respetando figuras r\u00edtmicas.<\/p>\n\n\n\n<p class=\"has-white-color has-vivid-red-background-color has-text-color has-background has-link-color wp-elements-4ef0c80f056349288e734d1f67e56df7\"><strong>(Evaluaci\u00f3n de Tecnolog\u00eda)<\/strong><\/p>\n\n\n\n<p>Nombre Profesora: Alejandra Gonz\u00e1lez<br>Curso: 7mo B<br>Fecha de la evaluaci\u00f3n: 07 de Abril<br>Contenido: Entrega de mejoras del colegio<\/p>\n\n\n\n<p class=\"has-white-color has-vivid-red-background-color has-text-color has-background has-link-color wp-elements-572661008a682bb7d56c1d60d5970219\"><strong>(Evaluaci\u00f3n de Artes Visuales)<\/strong><\/p>\n\n\n\n<p>Nombre Profesora: Alejandra Gonz\u00e1lez<br>Curso: 7mo B<br>Fecha de la evaluaci\u00f3n: 2 de Abril<br>Contenido: Entrega de obra visual Carnaval + \u00edconos sociales<\/p>\n\n\n\n<p class=\"has-white-color has-vivid-red-background-color has-text-color has-background has-link-color wp-elements-3455959bf894d3c5217dcabb47130e73\"><strong>(Evaluaci\u00f3n de M\u00fasica)<\/strong><\/p>\n\n\n\n<p>Nombre Profesor(a): Gabriel L\u00f3pez Carroza<br>Curso: 7mo b\u00e1sico B<br>Fecha de la evaluaci\u00f3n: 2 de Abril<br>Contenido: Evaluaci\u00f3n sobre pentagrama. Identificar notas musicales en pentagrama, leer y<br>cantar notas respetando figuras r\u00edtmicas.<\/p>\n\n\n\n<p class=\"has-white-color has-vivid-red-background-color has-text-color has-background has-link-color wp-elements-d0886c0d06bcfe98b200009042ac287d\"><strong>(PRUEBA DE CIENCIAS NATURALES )<\/strong><\/p>\n\n\n\n<p>Nombre Profesor(a): Victoria Berrueta Reyes<br>Curso: 7 B\u00e1sico B<br>Fecha de la evaluaci\u00f3n: Martes 21 de Abril<br>CONTENIDOS<br>Unidad 1 Completa<br>QUE ES LA MATERIA<br>ESTADOS DE LA MATERIA Y CAMBIOS DE ESTADO<br>CLASIFICACION DE LA MATERIA<br>TIPOS DE DISOLUCIONES QUIMICAS<br>METODOS DE SEPARACION DE MEZCLAS<br>VARIABLES DE LOS GASES<br>LEYES DE LOS GASES<\/p>\n\n\n\n<p class=\"has-white-color has-vivid-red-background-color has-text-color has-background has-link-color wp-elements-c41d8ef8535a4cc0ba7ded0e9eeb6049\"><strong>EDUCACI\u00d3N F\u00cdSICA Y SALUD<\/strong><\/p>\n\n\n\n<p>Nombre Profesor(a):Ljubab Antonella Espinosa<br>Curso: 7mo B\u00e1sico B<br>Fecha de la evaluaci\u00f3n: 07\/04<br>Realizan circuito de salto en cuerda: salto avanzando, salto en un pie, en el otro y salto a pie<br>junto.<br>Fecha de la evaluaci\u00f3n: 21\/04<br>Realizan a lo menos dos destrezas gimnasticas a elecci\u00f3n.<\/p>\n\n\n\n<p class=\"has-white-color has-vivid-red-background-color has-text-color has-background has-link-color wp-elements-2c66387b68627096ebfb7b4a4540f14f\"><strong>Evaluaci\u00f3n de Matem\u00e1ticas<br><\/strong>Control N\u00b02<\/p>\n\n\n\n<p>Nombre Profesora: Nataly Ortiz V.<br>Curso: 7\u00b0B<br>Fecha de la evaluaci\u00f3n: 31\/03\/2026<br>Contenido:<br>\u25cf Multiplicaci\u00f3n y divisi\u00f3n de n\u00fameros decimales y fracciones.<\/p>\n\n\n\n<p class=\"has-white-color has-vivid-red-background-color has-text-color has-background has-link-color wp-elements-dff396cf559b3cb114a04de6dbc6b06b\"><strong>Evaluaci\u00f3n de Matem\u00e1ticas<br><\/strong>Prueba N\u00b02<\/p>\n\n\n\n<p>Nombre Profesora: Nataly Ortiz V.<br>Curso: 7\u00b0B<br>Fecha de la evaluaci\u00f3n: 08\/04\/2026<br>Contenido:<br>\u25cf Multiplicar y dividir n\u00fameros decimales y fracciones.<br>\u25cf Representar fracciones como n\u00famero decimal y viceversa.<br>\u25cf Operatoria combinada.<\/p>\n\n\n\n<p class=\"has-white-color has-vivid-red-background-color has-text-color has-background has-link-color wp-elements-7f8e00dd3240e3c9e2bd93f0e5d9a592\"><strong>Evaluaci\u00f3n de Historia<\/strong><\/p>\n\n\n\n<p><br>Nombre Profesor(a): Liang Lay Roco<br>Curso: 7\u00b0B<br>Fecha de la evaluaci\u00f3n: 25 de marzo<br>Contenido: Empresas de Conquista<\/p>\n\n\n\n<ul class=\"wp-block-list\">\n<li>Evoluci\u00f3n del hombre<\/li>\n\n\n\n<li>Rutas de poblamiento<\/li>\n\n\n\n<li>Paleol\u00edtico<\/li>\n\n\n\n<li>Neol\u00edtico<\/li>\n<\/ul>\n\n\n\n<p class=\"has-white-color has-vivid-red-background-color has-text-color has-background has-link-color wp-elements-8a6bfccb3bd306d4db03c2a38f956ae1\"><strong>(Evaluaci\u00f3n de Lengua y Literatura)<\/strong><\/p>\n\n\n\n<p>Nombre Profesor(a): Nathaly Y\u00e1\u00f1ez<br>Curso: 7\u00b0B<br>Fecha de la evaluaci\u00f3n: viernes 20 de marzo<br>Contenido: Prueba de Lectura Complementaria Sin Az\u00facar\/ Daniela M\u00e1rquez<\/p>\n\n\n\n<p class=\"has-white-color has-vivid-red-background-color has-text-color has-background has-link-color wp-elements-8a6bfccb3bd306d4db03c2a38f956ae1\"><strong>(Evaluaci\u00f3n de Lengua y Literatura)<\/strong><\/p>\n\n\n\n<p>Nombre Profesor(a): Nathaly Y\u00e1\u00f1ez<br>Curso: 7\u00b0B<br>Fecha de la evaluaci\u00f3n: viernes 17 de abril<br>Contenido: Prueba de Lectura Complementaria Mi planta de naranja-lima\/ Jos\u00e9 Mauro de<br>Vasconcelos<\/p>\n\n\n\n<p class=\"has-white-color has-vivid-red-background-color has-text-color has-background has-link-color wp-elements-8a6bfccb3bd306d4db03c2a38f956ae1\"><strong>(Evaluaci\u00f3n de Lengua y Literatura)<\/strong><\/p>\n\n\n\n<p>Nombre Profesor(a): Nathaly Y\u00e1\u00f1ez<br>Curso: 7\u00b0B<br>Fecha de la evaluaci\u00f3n: viernes 15 de mayo<br>Contenido: Prueba de Lectura Complementaria Un secreto en mi colegio\/ Ang\u00e9lica Dossetti<\/p>\n\n\n\n<p class=\"has-white-color has-vivid-red-background-color has-text-color has-background has-link-color wp-elements-1130a010d463019bdea866c0a258b62e\"><strong>Evaluaci\u00f3n de Matem\u00e1ticas<br><\/strong>Prueba N\u00b01<\/p>\n\n\n\n<p>Nombre Profesora: Nataly Ortiz V.<br>Curso: 7\u00b0B<br>Fecha de la evaluaci\u00f3n: 18\/03\/2026<br>Contenido:<br>\u25cf Comparar, ordenar y ubicar n\u00fameros enteros.<br>\u25cf Adici\u00f3n y sustracci\u00f3n de n\u00fameros enteros.<\/p>\n\n\n\n<p class=\"has-white-color has-vivid-red-background-color has-text-color has-background has-link-color wp-elements-511a9ce4e82995340ebea4eca02a9189\"><strong>Evaluaci\u00f3n de Matem\u00e1ticas<br><\/strong>Control N\u00b01<\/p>\n\n\n\n<p>Nombre Profesora: Nataly Ortiz V.<br>Curso: 7\u00b0B<br>Fecha de la evaluaci\u00f3n: 16\/03\/2026<br>Contenido:<br>\u25cf Adici\u00f3n y sustracci\u00f3n de n\u00fameros enteros.<\/p>\n\n\n\n<p><\/p>\n","protected":false},"excerpt":{"rendered":"<p>(Evaluaci\u00f3n de Lengua y Literatura) Nombre Profesor(a): Nathaly Y\u00e1\u00f1ezCurso: 7\u00b0BFecha de la evaluaci\u00f3n: martes 14 de abrilContenido: timbres Unidad 1 Evaluaci\u00f3n de Historia Nombre Profesor(a): Liang Lay RocoCurso: 7\u00b0BFecha de&#8230;<\/p>\n<div class=\"royalnews-readmore-wrap\"><a href=\"https:\/\/www.northcross.cl\/index.php\/7-basico-b\/\" class=\"royalnews-readmore\">Explore more <i class=\"far fa-hand-point-right\"><\/i><\/a><\/div>\n","protected":false},"author":1,"featured_media":0,"parent":0,"menu_order":0,"comment_status":"closed","ping_status":"closed","template":"","meta":{"footnotes":""},"class_list":["post-5707","page","type-page","status-publish","hentry"],"_links":{"self":[{"href":"https:\/\/www.northcross.cl\/index.php\/wp-json\/wp\/v2\/pages\/5707","targetHints":{"allow":["GET"]}}],"collection":[{"href":"https:\/\/www.northcross.cl\/index.php\/wp-json\/wp\/v2\/pages"}],"about":[{"href":"https:\/\/www.northcross.cl\/index.php\/wp-json\/wp\/v2\/types\/page"}],"author":[{"embeddable":true,"href":"https:\/\/www.northcross.cl\/index.php\/wp-json\/wp\/v2\/users\/1"}],"replies":[{"embeddable":true,"href":"https:\/\/www.northcross.cl\/index.php\/wp-json\/wp\/v2\/comments?post=5707"}],"version-history":[{"count":17,"href":"https:\/\/www.northcross.cl\/index.php\/wp-json\/wp\/v2\/pages\/5707\/revisions"}],"predecessor-version":[{"id":15397,"href":"https:\/\/www.northcross.cl\/index.php\/wp-json\/wp\/v2\/pages\/5707\/revisions\/15397"}],"wp:attachment":[{"href":"https:\/\/www.northcross.cl\/index.php\/wp-json\/wp\/v2\/media?parent=5707"}],"curies":[{"name":"wp","href":"https:\/\/api.w.org\/{rel}","templated":true}]}}