{"id":5385,"date":"2020-12-10T13:09:50","date_gmt":"2020-12-10T13:09:50","guid":{"rendered":"http:\/\/www.northcross.cl\/?page_id=5385"},"modified":"2020-12-10T13:09:51","modified_gmt":"2020-12-10T13:09:51","slug":"prematricula-2021","status":"publish","type":"page","link":"https:\/\/www.northcross.cl\/index.php\/prematricula-2021\/","title":{"rendered":"PreMatricula 2021"},"content":{"rendered":"\n<p>Estimados Padres y Apoderados:\u00a0<\/p>\n\n\n\n<p>Junto con saludar informo a usted que, desde hoy, se inicia el proceso interno de \u201cActualizaci\u00f3n de datos para\u00a0los alumnos del establecimiento que continuaran sus estudios en el colegio\u201d (pre matr\u00edcula a\u00f1o 2021), finalizando este el d\u00eda 10 de diciembre del a\u00f1o en curso\u00a0<\/p>\n\n\n\n<p>IMPORTANTE:\u00a0\u00a0La Pre Matr\u00edcula es una actualizaci\u00f3n de la base de datos del establecimiento y\u00a0<strong>NO CONSTITUYE UNA MATR\u00cdCULA.<\/strong>\u00a0<\/p>\n\n\n\n<p>Es primordial que esto se lleve a cabo porque permitir\u00e1 al momento de efectuar la\u00a0<strong>MATR\u00cdCULA OFICIAL<\/strong><strong>DE LOS ALUMNOS<\/strong>\u00a0un proceso r\u00e1pido y expedito. Para ello utilizar\u00e1 la PLATAFORMA NOTASNET.<\/p>\n\n\n\n<p><strong>IMPORTANTE\u00a0<\/strong><\/p>\n\n\n\n<p>LA PREMATR\u00cdCULA NO ES\u00a0 UNA MATRICULA\u00a0, NI RESERVA UN CUPO. ESTO ES UNA ACTUALIZACI\u00d3N DE\u00a0SISTEMA INTERNO DEL ESTABLECIMIENTO.<\/p>\n\n\n\n<p>A continuaci\u00f3n adjuntamos el tutorial para el ingreso a la plataforma.<\/p>\n\n\n\n<p>Saluda cordialmente\u00a0<\/p>\n\n\n\n<p>North Cross School.<\/p>\n\n\n\n<div class=\"wp-block-buttons is-layout-flex wp-block-buttons-is-layout-flex\">\n<div class=\"wp-block-button\"><a class=\"wp-block-button__link\" href=\"http:\/\/www.northcross.cl\/wp-content\/uploads\/2020\/12\/Tutorial-para-ingresar-a-NotasNet-PreMatricula-2021.pdf\">Tutorial<\/a><\/div>\n<\/div>\n","protected":false},"excerpt":{"rendered":"<p>Estimados Padres y Apoderados:\u00a0 Junto con saludar informo a usted que, desde hoy, se inicia el proceso interno de \u201cActualizaci\u00f3n de datos para\u00a0los alumnos del establecimiento que continuaran sus estudios&#8230;<\/p>\n<div class=\"royalnews-readmore-wrap\"><a href=\"https:\/\/www.northcross.cl\/index.php\/prematricula-2021\/\" class=\"royalnews-readmore\">Explore more <i class=\"far fa-hand-point-right\"><\/i><\/a><\/div>\n","protected":false},"author":1,"featured_media":0,"parent":0,"menu_order":0,"comment_status":"closed","ping_status":"closed","template":"","meta":{"footnotes":""},"class_list":["post-5385","page","type-page","status-publish","hentry"],"_links":{"self":[{"href":"https:\/\/www.northcross.cl\/index.php\/wp-json\/wp\/v2\/pages\/5385","targetHints":{"allow":["GET"]}}],"collection":[{"href":"https:\/\/www.northcross.cl\/index.php\/wp-json\/wp\/v2\/pages"}],"about":[{"href":"https:\/\/www.northcross.cl\/index.php\/wp-json\/wp\/v2\/types\/page"}],"author":[{"embeddable":true,"href":"https:\/\/www.northcross.cl\/index.php\/wp-json\/wp\/v2\/users\/1"}],"replies":[{"embeddable":true,"href":"https:\/\/www.northcross.cl\/index.php\/wp-json\/wp\/v2\/comments?post=5385"}],"version-history":[{"count":0,"href":"https:\/\/www.northcross.cl\/index.php\/wp-json\/wp\/v2\/pages\/5385\/revisions"}],"wp:attachment":[{"href":"https:\/\/www.northcross.cl\/index.php\/wp-json\/wp\/v2\/media?parent=5385"}],"curies":[{"name":"wp","href":"https:\/\/api.w.org\/{rel}","templated":true}]}}