{"id":4652,"date":"2020-03-16T17:40:28","date_gmt":"2020-03-16T17:40:28","guid":{"rendered":"http:\/\/www.northcross.cl\/?page_id=4652"},"modified":"2026-05-04T12:13:41","modified_gmt":"2026-05-04T16:13:41","slug":"4-medio-electivo","status":"publish","type":"page","link":"https:\/\/www.northcross.cl\/index.php\/4-medio-electivo\/","title":{"rendered":"4\u00b0 MEDIO ELECTIVO PRUEBAS Y EVALUACIONES"},"content":{"rendered":"\n<p class=\"has-white-color has-vivid-red-background-color has-text-color has-background has-link-color wp-elements-6bb4f068f3cd26d9f49bd49c2d3b3a34\"><strong>Prueba IV Medio A y B Electivo de Geograf\u00eda<\/strong><\/p>\n\n\n\n<p>Fecha: Jueves 7 de abril<\/p>\n\n\n\n<p>Profesor: Sebasti\u00e1n Riquelme<\/p>\n\n\n\n<p>Electivo de Geograf\u00eda<\/p>\n\n\n\n<p>Temario: Gesti\u00f3n del Riesgo de Desastres en Chile<\/p>\n\n\n\n<p class=\"has-white-color has-vivid-red-background-color has-text-color has-background has-link-color wp-elements-6e71960d80d10abffd37dd4c8689d21f\"><strong>Prueba 4\u00b0 medio A\/B <\/strong><\/p>\n\n\n\n<p>Cs.Salud<\/p>\n\n\n\n<p>07\/05<\/p>\n\n\n\n<p>Contenidos: Gen\u00e9tica mendeliana, diferenciaci\u00f3n celular, modelo oper\u00f3n.<\/p>\n\n\n\n<p class=\"has-white-color has-vivid-red-background-color has-text-color has-background has-link-color wp-elements-572661008a682bb7d56c1d60d5970219\"><strong>(Evaluaci\u00f3n de Artes Visuales)<\/strong><\/p>\n\n\n\n<p>Nombre Profesora: Alejandra Gonz\u00e1lez<br>Curso: IV Medio<br>Fecha de la evaluaci\u00f3n: 12 de Mayo<br>Contenido: Entrega de obra visual\/digital: Cortometraje + Storyboard<\/p>\n\n\n\n<p class=\"has-white-color has-vivid-red-background-color has-text-color has-background has-link-color wp-elements-6c330f3203b2a706cb45faeb2f18f7b0\"><strong>Evaluaci\u00f3n de M\u00fasica<\/strong><\/p>\n\n\n\n<p>Nombre Profesor(a): Gabriel L\u00f3pez Carroza<br>Curso: 4to medio<br>Fecha de la evaluaci\u00f3n: 28 de Abril<br>Contenido: Evaluaci\u00f3n grupal de interpretaci\u00f3n musical: Dominio de la l\u00ednea mel\u00f3dica, dominio<br>de la l\u00ednea arm\u00f3nica, precisi\u00f3n r\u00edtmica, pulso constante, coordinaci\u00f3n de grupo, trabajo en<br>clases.<\/p>\n\n\n\n<p class=\"has-white-color has-vivid-red-background-color has-text-color has-background has-link-color wp-elements-b5343eb181527307751416c9284b0540\"><strong>EVALUACI\u00d3N DE MATEMATICA<br><\/strong>Electivo l\u00edmites, derivadas e integrales<\/p>\n\n\n\n<p>PROFESOR(A): JUAN POU JERIA<br>FECHA: 22-04-2026<br>CONTENIDOS: Inecuaciones<br>\uf0b7 Resolver inecuaciones simples, cuadr\u00e1ticas, fraccionarias y con valor<br>absoluto.<br>\uf0b7 Resolver inecuaciones con dos variables.<br>\uf0b7 Resolver sistemas de inecuaciones lineales.<\/p>\n\n\n\n<p class=\"has-white-color has-vivid-red-background-color has-text-color has-background has-link-color wp-elements-19831cff53658927275ea4c788c2fe8f\"><strong>EVALUACI\u00d3N DE ELECTIVO \u201cLECTURA Y ESCRITURA ESPECIALIZADAS\u201d [TIMBRES]<\/strong><\/p>\n\n\n\n<p>Nombre Profesora: Jasm\u00edn Vargas<\/p>\n\n\n\n<p>Curso: Electivo 4tos medios\u00a0<\/p>\n\n\n\n<p>Fecha de la evaluaci\u00f3n: lunes 20\/04\/26<\/p>\n\n\n\n<p>Contenido: Revisi\u00f3n de timbres de actividades de la Unidad 1 (cierre nota de proceso)<\/p>\n\n\n\n<p class=\"has-white-color has-vivid-red-background-color has-text-color has-background has-link-color wp-elements-cec40b8ba083efe360ea2b0a7a6526e0\"><strong>Electivo de geograf\u00eda\u00a0<\/strong><\/p>\n\n\n\n<p>Prueba IV Medio A y B<\/p>\n\n\n\n<p>Fecha: Mi\u00e9rcoles 15 de Abril<\/p>\n\n\n\n<p>Profesor: Sebasti\u00e1n Riquelme<\/p>\n\n\n\n<p>Temario: Macroformas del relieve, caracter\u00edsticas y desaf\u00edos<\/p>\n\n\n\n<p class=\"has-white-color has-vivid-red-background-color has-text-color has-background has-link-color wp-elements-6c330f3203b2a706cb45faeb2f18f7b0\"><strong>Evaluaci\u00f3n de M\u00fasica<\/strong><\/p>\n\n\n\n<p>Nombre Profesor(a): Gabriel L\u00f3pez Carroza<br>Curso: 4to medio<br>Fecha de la evaluaci\u00f3n: 7 de Abril<br>Contenido: Evaluaci\u00f3n individual de interpretaci\u00f3n musical: dominio de la melod\u00eda, acordes o<br>letra, precisi\u00f3n r\u00edtmica, pulso constante, trabajo en clases.<\/p>\n\n\n\n<p class=\"has-white-color has-vivid-red-background-color has-text-color has-background has-link-color wp-elements-b5ab6d5b423b0186e8cf3295f0206f2d\"><strong>Gu\u00eda con cuaderno Electivo Ciencias de la salud 4\u00b0 Medio<\/strong><\/p>\n\n\n\n<p>02\/04<\/p>\n\n\n\n<p>Contenidos: Material gen\u00e9tico, ciclo celular, gen\u00e9tica mendeliana.<\/p>\n\n\n\n<p class=\"has-white-color has-vivid-red-background-color has-text-color has-background has-link-color wp-elements-b5343eb181527307751416c9284b0540\"><strong>EVALUACI\u00d3N DE MATEMATICA<br><\/strong>Electivo l\u00edmites, derivadas e integrales<\/p>\n\n\n\n<p>PROFESOR(A): JUAN POU JERIA<br>FECHA: 25-03-2026<br>CONTENIDOS: Algebra<br>\uf0b7 Resolver expresiones algebraicas (factorizar, simplificar)<br>\uf0b7 Aplicar operatoria con expresiones algebraicas.<br>\uf0b7 Reducir expresiones algebraicas.<\/p>\n\n\n\n<p class=\"has-white-color has-vivid-red-background-color has-text-color has-background has-link-color wp-elements-1e0f4d2075ccc0a3e202cf730746fcfa\"><strong>Prueba Electivo Econom\u00eda de IV medio\u00a0<\/strong><\/p>\n\n\n\n<p>Profesor: Sebasti\u00e1n Riquelme<\/p>\n\n\n\n<p>Fecha: Jueves 19 de Marzo<\/p>\n\n\n\n<p>Contenido: El estudio de la econom\u00eda, conceptos y caracter\u00edsticas<\/p>\n\n\n\n<p class=\"has-white-color has-vivid-red-background-color has-text-color has-background has-link-color wp-elements-56b85a066e63a916917d4e3c63e6b32d\"><strong>Prueba Electivo Geograf\u00eda de IV medio\u00a0<\/strong><\/p>\n\n\n\n<p>Profesor: Sebasti\u00e1n Riquelme<\/p>\n\n\n\n<p>Fecha: Mi\u00e9rcoles 18 de Marzo<\/p>\n\n\n\n<p>Contenido: Concepto de Espacio geogr\u00e1fico,tipos de an\u00e1lisis\u00a0escalares y los distintos tipos de estudio de la geograf\u00eda<\/p>\n\n\n\n<p class=\"has-white-color has-vivid-red-background-color has-text-color has-background has-link-color wp-elements-c982bd4660e3283b67c39c5adae2015d\"><strong>LECTURA COMPLEMENTARIA <\/strong><\/p>\n\n\n\n<figure class=\"wp-block-table\"><table class=\"has-fixed-layout\"><tbody><tr><td colspan=\"3\"><strong>ELECTIVO 4TOS MEDIOS: LECTURA Y ESCRITURA ESPECIALIZADAS<\/strong><\/td><\/tr><tr><td><strong>T\u00edtulo<\/strong><\/td><td><strong>Autor<\/strong><\/td><td><strong>Fecha de aplicaci\u00f3n<\/strong><\/td><\/tr><tr><td><em>El consumo me consume\u00a0<\/em><\/td><td>Thomas Moulian\u00a0<\/td><td>Lunes 13 de abril<\/td><\/tr><tr><td><em>Texto de revista especializada virtual<\/em><em>Del perd\u00f3n que se pide y del perd\u00f3n que se da<\/em><\/td><td>Humberto Giannini<\/td><td>Lunes 11 de mayo<\/td><\/tr><tr><td><em>Texto de revista especializada virtual<\/em><em>Opci\u00f3n 1: Redes sociales, funas, honor y libertad de expresi\u00f3n: an\u00e1lisis cr\u00edtico de los est\u00e1ndares de la jurisprudencia de la Corte Suprema chilena<\/em><\/td><td>Pablo Contreras, Domingo Lovera<\/td><td rowspan=\"2\">Lunes 01 de junio<\/td><\/tr><tr><td><em>Texto de revista especializada virtual<\/em><em>Opci\u00f3n 2: Metaverso, violencia de g\u00e9nero y orden de alejamiento virtual en la jurisprudencia iberoamericana<\/em><\/td><td>Elisa Sim\u00f3 Soler, Hern\u00e1n L\u00f3pez Hern\u00e1ndez<\/td><\/tr><\/tbody><\/table><\/figure>\n\n\n\n<p><\/p>\n","protected":false},"excerpt":{"rendered":"<p>Prueba IV Medio A y B Electivo de Geograf\u00eda Fecha: Jueves 7 de abril Profesor: Sebasti\u00e1n Riquelme Electivo de Geograf\u00eda Temario: Gesti\u00f3n del Riesgo de Desastres en Chile Prueba 4\u00b0&#8230;<\/p>\n<div class=\"royalnews-readmore-wrap\"><a href=\"https:\/\/www.northcross.cl\/index.php\/4-medio-electivo\/\" class=\"royalnews-readmore\">Explore more <i class=\"far fa-hand-point-right\"><\/i><\/a><\/div>\n","protected":false},"author":1,"featured_media":0,"parent":0,"menu_order":0,"comment_status":"closed","ping_status":"closed","template":"","meta":{"footnotes":""},"class_list":["post-4652","page","type-page","status-publish","hentry"],"_links":{"self":[{"href":"https:\/\/www.northcross.cl\/index.php\/wp-json\/wp\/v2\/pages\/4652","targetHints":{"allow":["GET"]}}],"collection":[{"href":"https:\/\/www.northcross.cl\/index.php\/wp-json\/wp\/v2\/pages"}],"about":[{"href":"https:\/\/www.northcross.cl\/index.php\/wp-json\/wp\/v2\/types\/page"}],"author":[{"embeddable":true,"href":"https:\/\/www.northcross.cl\/index.php\/wp-json\/wp\/v2\/users\/1"}],"replies":[{"embeddable":true,"href":"https:\/\/www.northcross.cl\/index.php\/wp-json\/wp\/v2\/comments?post=4652"}],"version-history":[{"count":17,"href":"https:\/\/www.northcross.cl\/index.php\/wp-json\/wp\/v2\/pages\/4652\/revisions"}],"predecessor-version":[{"id":15560,"href":"https:\/\/www.northcross.cl\/index.php\/wp-json\/wp\/v2\/pages\/4652\/revisions\/15560"}],"wp:attachment":[{"href":"https:\/\/www.northcross.cl\/index.php\/wp-json\/wp\/v2\/media?parent=4652"}],"curies":[{"name":"wp","href":"https:\/\/api.w.org\/{rel}","templated":true}]}}