{"id":4647,"date":"2020-03-16T17:40:11","date_gmt":"2020-03-16T17:40:11","guid":{"rendered":"http:\/\/www.northcross.cl\/?page_id=4647"},"modified":"2026-04-17T10:31:59","modified_gmt":"2026-04-17T14:31:59","slug":"3-medio-electivo","status":"publish","type":"page","link":"https:\/\/www.northcross.cl\/index.php\/3-medio-electivo\/","title":{"rendered":"2\u00b0 MEDIO A PRUEBAS Y EVALUACIONES"},"content":{"rendered":"\n<p class=\"has-white-color has-vivid-red-background-color has-text-color has-background has-link-color wp-elements-d0e0d48797d22d17d8567034fd538a5f\"><strong>Evaluaci\u00f3n prueba de matem\u00e1ticas<\/strong><\/p>\n\n\n\n<p>Nombre Profesor(a): Jens Voss<br>Curso: 2o medios A-B<br>Fecha de la evaluaci\u00f3n: 27-04-26<br>Contenidos:<br>-Potencias.<br>-Ra\u00edces.<br>-Propiedades de logaritmos.<br>-Logaritmo por definici\u00f3n.<\/p>\n\n\n\n<p class=\"has-white-color has-vivid-red-background-color has-text-color has-background has-link-color wp-elements-e27c9c6dfd568e9a5cf3757973b96338\"><strong>Evaluaci\u00f3n control de matem\u00e1ticas<\/strong><\/p>\n\n\n\n<p>Nombre Profesor(a):Jens Voss<br>Curso: 2o medios A-B<br>Fecha de la evaluaci\u00f3n: 24-04-26<br>Contenidos:<\/p>\n\n\n\n<ul class=\"wp-block-list\">\n<li>Propiedades de Logaritmos.<\/li>\n<\/ul>\n\n\n\n<p class=\"has-white-color has-vivid-red-background-color has-text-color has-background has-link-color wp-elements-6aff8e81e7c10c8e76ae3f6121fbe9fb\"><strong>Evaluaci\u00f3n de Ingl\u00e9s<\/strong><\/p>\n\n\n\n<p>Nombre Profesor: Daniel Jeria Ram\u00edrez.<br>Curso: 2do medio A<br>Fecha de la evaluaci\u00f3n: mi\u00e9rcoles 22 de abril.<br>Contenidos:<br>\uf0b7 Uso de palabras para expresar cantidad (many, few, some, etc)<br>\uf0b7 Uso del presente perfecto continuo en todas sus formas<br>\uf0b7 Verbos modales (should, must, might, etc)<br>\uf0b7 Comprensi\u00f3n lectora de textos trabajados en clase.<\/p>\n\n\n\n<p class=\"has-white-color has-vivid-red-background-color has-text-color has-background has-link-color wp-elements-8b88def87a23e93662223345e3927106\"><strong>EVALUACI\u00d3N DE LENGUA Y LITERATURA [TIMBRES]<\/strong><\/p>\n\n\n\n<p>Nombre Profesora: Jasm\u00edn Vargas<\/p>\n\n\n\n<p>Curso: 2do medio A<\/p>\n\n\n\n<p>Fecha de la evaluaci\u00f3n: lunes 20\/04\/26<\/p>\n\n\n\n<p>Contenido: Revisi\u00f3n de timbres de actividades de la Unidad 1 (cierre nota de proceso)<\/p>\n\n\n\n<p class=\"has-white-color has-vivid-red-background-color has-text-color has-background has-link-color wp-elements-6bd60007d3ffbb23354e7b3ab99611bc\"><em><strong>Evaluaci\u00f3n control de matem\u00e1ticas<\/strong><\/em><\/p>\n\n\n\n<p>Nombre Profesor(a):Jens Voss<br>Curso: Segundo medio A-B<br>Fecha de la evaluaci\u00f3n: 15\/04\/26 (A); 16\/04\/26 (B)<br>Contenidos:<br>-Propiedades de ra\u00edces.<br>-Ubicaci\u00f3n de ra\u00edces en recta num\u00e9rica.<\/p>\n\n\n\n<p class=\"has-white-color has-vivid-red-background-color has-text-color has-background has-link-color wp-elements-f84d254a479195f3980cc2ff921a8061\"><strong>Evaluaci\u00f3n de Unidad 1: TALLER DE HABILIDADES COMUNICATIVAS<\/strong><\/p>\n\n\n\n<p>Nombre Profesor: V\u00edctor Herrera<br>Curso: 2\u00b0 Medio A<br>Fecha de la evaluaci\u00f3n: jueves 16 de abril de 2026<br>Contenido: Revisi\u00f3n de timbres por actividades de la primera unidad (5 timbres)<\/p>\n\n\n\n<p class=\"has-white-color has-vivid-red-background-color has-text-color has-background has-link-color wp-elements-6aff8e81e7c10c8e76ae3f6121fbe9fb\"><strong>Evaluaci\u00f3n de Ingl\u00e9s<\/strong><\/p>\n\n\n\n<p>Nombre Profesor: Daniel Jeria Ram\u00edrez.<br>Curso: 2do medio A<br>Fecha de la evaluaci\u00f3n: mi\u00e9rcoles 8 de abril.<br>Contenidos:<br>Control acumulativo sobre dar sugerencias escritas para problemas medioambientales.<\/p>\n\n\n\n<p class=\"has-white-color has-vivid-red-background-color has-text-color has-background has-link-color wp-elements-344063e57f909490565d6bedfb2dc2cf\"><strong>Prueba matem\u00e1ticas segundo medio A, 6 de Abril.<\/strong><\/p>\n\n\n\n<p>Profesor: Jens Voss<\/p>\n\n\n\n<p>Contenidos.<\/p>\n\n\n\n<p>-N\u00fameros&nbsp;&nbsp;\u2115,&nbsp;\u2124,&nbsp;\u211a,&nbsp;\ud835\udd40&nbsp;y&nbsp;\u211d.<\/p>\n\n\n\n<p>-Operatorias combinadas.<\/p>\n\n\n\n<p>-Ra\u00edces.<\/p>\n\n\n\n<p class=\"has-white-color has-vivid-red-background-color has-text-color has-background has-link-color wp-elements-ae934407c7518cb32b5d9654b9bd4db4\"><strong>SEGUNDO MEDIO A &#8211; F\u00cdSICA<br><\/strong>PRUEBA DE F\u00cdSICA<\/p>\n\n\n\n<p><br>NOMBRE PROFESOR(A): KARLA FERRADA GONZ\u00c1LEZ<br>CURSO: SEGUNDO MEDIO A<br>FECHA: JUEVES 09 DE ABRIL<br>CONTENIDOS:<br>UNIDAD 1: INTRODUCCI\u00d3N AL MOVIMIENTO, AN\u00c1LISIS VECTORIAL Y MRU<br>\uf020\uf020\uf020\uf020\uf0f0 \u00bfQU\u00c9 ES EL MOVIMIENTO, TRAYECTORIA, DISTANCIA RECORRIDA, DESPLAZAMIENTO?<br>\uf020\uf020\uf020\uf020\uf0f0 AN\u00c1LISIS VECTORIAL DE FORMA GR\u00c1FICA Y ANAL\u00cdTICA DE FUNCIONES ARITM\u00c9TICAS (SUMA,<br>RESTA, MULTIPLICACI\u00d3N, M\u00d3DULO)<br>\uf020\uf020\uf020\uf020\uf0f0 MOVIMIENTO RECTIL\u00cdNEO UNIFORME<br>MATERIAL DE ESTUDIO:<br>\uf0b7 APUNTES DE CLASES<br>\uf0b7 GU\u00cdA TE\u00d3RICO \u2013 PR\u00c1CTICA DE \u201cAN\u00c1LISIS VECTORIAL\u201d COMPLETA<br>\uf0b7 GU\u00cdA TE\u00d3RICO \u2013 PR\u00c1CTICA DE \u201cMOVMIENTO RECTIL\u00cdNEO UNIFORME\u201d COMPLETA<br>\uf0b7 LIBRO DE F\u00cdSICA 1ro\/2do MEDIO (UNIDAD 6; pp 130 \u2013 139)<\/p>\n\n\n\n<p class=\"has-white-color has-vivid-red-background-color has-text-color has-background has-link-color wp-elements-3455959bf894d3c5217dcabb47130e73\"><strong>(Evaluaci\u00f3n de M\u00fasica)<\/strong><\/p>\n\n\n\n<p>Nombre Profesor(a): Gabriel L\u00f3pez Carroza<br>Curso: 2do medio<br>Fecha de la evaluaci\u00f3n: 2 de Abril<br>Contenido: Evaluaci\u00f3n individual sobre interpretaci\u00f3n musical: Dominio de la melod\u00eda o<br>acordes, precisi\u00f3n r\u00edtmica, pulso constante, trabajo en clases.<\/p>\n\n\n\n<p class=\"has-white-color has-vivid-red-background-color has-text-color has-background has-link-color wp-elements-4ef0c80f056349288e734d1f67e56df7\"><strong>(Evaluaci\u00f3n de Tecnolog\u00eda)<\/strong><\/p>\n\n\n\n<p>Nombre Profesora: Alejandra Gonz\u00e1lez<br>Curso: II\u00b0 medio A y B<br>Fecha de la evaluaci\u00f3n: 10 de Abril<br>Contenido: Entrega de objeto tecnol\u00f3gico que soluciona<\/p>\n\n\n\n<p class=\"has-white-color has-vivid-red-background-color has-text-color has-background has-link-color wp-elements-68b9cf7d9b071cb40d58e2e9b4dedd67\"><strong>(PRUEBA DE QUIMICA)<\/strong><\/p>\n\n\n\n<p>Nombre Profesor(a): Victoria Berrueta Reyes<br>Curso: 2 Medio A<br>Fecha de la evaluaci\u00f3n: Miercoles 15 de Abril<br>CONTENIDOS<br>Unidad de Disoluciones Qu\u00edmicas<br>QUE ES LA MATERIA<br>ESTADOS DE LA MATERIA Y CAMBIOS DE ESTADO<br>CLASIFICACION DE LA MATERIA<br>TIPOS DE DISOLUCIONES QUIMICAS<br>METODOS DE SEPARACION DE MEZCLAS<br>CALCULOS PORCENTUALES<br>CALCULO DE FRACCION MOLAR<br>CALCULO DE MOLARIDAD<\/p>\n\n\n\n<p class=\"has-white-color has-vivid-red-background-color has-text-color has-background has-link-color wp-elements-572661008a682bb7d56c1d60d5970219\"><strong>(Evaluaci\u00f3n de Artes Visuales)<\/strong><\/p>\n\n\n\n<p>Nombre Profesora: Alejandra Gonz\u00e1lez<br>Curso: II\u00b0 medio<br>Fecha de la evaluaci\u00f3n: 02 de Abril<br>Contenido: Entrega de ilustraci\u00f3n<\/p>\n\n\n\n<p class=\"has-white-color has-vivid-red-background-color has-text-color has-background has-link-color wp-elements-9d6531d8a42b8f837178cc41ee57743a\"><strong>Gu\u00eda con cuaderno Biolog\u00eda 2\u00b0 Medio A<\/strong><\/p>\n\n\n\n<p>26\/03<br>Contenidos: Material gen\u00e9tico, ciclo celular y sus etapas.<\/p>\n\n\n\n<p class=\"has-white-color has-vivid-red-background-color has-text-color has-background has-link-color wp-elements-9baf6041bbbc06afe2e72d63266ddeea\"><strong>LECTURA 1\u00b0 SEMESTRE <\/strong><\/p>\n\n\n\n<figure class=\"wp-block-table\"><table class=\"has-fixed-layout\"><tbody><tr><td colspan=\"3\"><strong>2DO MEDIO A<\/strong><\/td><\/tr><tr><td><strong>T\u00edtulo<\/strong><\/td><td><strong>Autor<\/strong><\/td><td><strong>Fecha de aplicaci\u00f3n<\/strong><\/td><\/tr><tr><td><em>El camino m\u00e1s largo&nbsp;<\/em><\/td><td>Irene Bostelmann&nbsp;<\/td><td>Mi\u00e9rcoles 25 de marzo<\/td><\/tr><tr><td><em>Maus (novela gr\u00e1fica)&nbsp;<\/em><\/td><td>Art Spiegelman<\/td><td>Mi\u00e9rcoles 22 de abril<\/td><\/tr><tr><td><em>Documental: Nada es privado<\/em><\/td><td>Karim Amer,&nbsp;&nbsp;Jehane Noujaim&nbsp;<\/td><td>Mi\u00e9rcoles 20 de mayo<\/td><\/tr><\/tbody><\/table><\/figure>\n","protected":false},"excerpt":{"rendered":"<p>Evaluaci\u00f3n prueba de matem\u00e1ticas Nombre Profesor(a): Jens VossCurso: 2o medios A-BFecha de la evaluaci\u00f3n: 27-04-26Contenidos:-Potencias.-Ra\u00edces.-Propiedades de logaritmos.-Logaritmo por definici\u00f3n. Evaluaci\u00f3n control de matem\u00e1ticas Nombre Profesor(a):Jens VossCurso: 2o medios A-BFecha de&#8230;<\/p>\n<div class=\"royalnews-readmore-wrap\"><a href=\"https:\/\/www.northcross.cl\/index.php\/3-medio-electivo\/\" class=\"royalnews-readmore\">Explore more <i class=\"far fa-hand-point-right\"><\/i><\/a><\/div>\n","protected":false},"author":1,"featured_media":0,"parent":0,"menu_order":0,"comment_status":"closed","ping_status":"closed","template":"","meta":{"footnotes":""},"class_list":["post-4647","page","type-page","status-publish","hentry"],"_links":{"self":[{"href":"https:\/\/www.northcross.cl\/index.php\/wp-json\/wp\/v2\/pages\/4647","targetHints":{"allow":["GET"]}}],"collection":[{"href":"https:\/\/www.northcross.cl\/index.php\/wp-json\/wp\/v2\/pages"}],"about":[{"href":"https:\/\/www.northcross.cl\/index.php\/wp-json\/wp\/v2\/types\/page"}],"author":[{"embeddable":true,"href":"https:\/\/www.northcross.cl\/index.php\/wp-json\/wp\/v2\/users\/1"}],"replies":[{"embeddable":true,"href":"https:\/\/www.northcross.cl\/index.php\/wp-json\/wp\/v2\/comments?post=4647"}],"version-history":[{"count":20,"href":"https:\/\/www.northcross.cl\/index.php\/wp-json\/wp\/v2\/pages\/4647\/revisions"}],"predecessor-version":[{"id":15415,"href":"https:\/\/www.northcross.cl\/index.php\/wp-json\/wp\/v2\/pages\/4647\/revisions\/15415"}],"wp:attachment":[{"href":"https:\/\/www.northcross.cl\/index.php\/wp-json\/wp\/v2\/media?parent=4647"}],"curies":[{"name":"wp","href":"https:\/\/api.w.org\/{rel}","templated":true}]}}