{"id":4342,"date":"2020-03-16T14:23:48","date_gmt":"2020-03-16T14:23:48","guid":{"rendered":"http:\/\/www.northcross.cl\/?page_id=4342"},"modified":"2020-03-17T18:37:05","modified_gmt":"2020-03-17T18:37:05","slug":"8-basico-3","status":"publish","type":"page","link":"https:\/\/www.northcross.cl\/index.php\/8-basico-3\/","title":{"rendered":"8\u00b0 B\u00c1SICO"},"content":{"rendered":"\n<p>C\u00d3DIGOS DISPONIBLES<\/p>\n\n\n\n<div class=\"wp-block-button\"><a class=\"wp-block-button__link\" href=\"https:\/\/classroom.google.com\/?hl=es-419\">INGRESO A AULA VIRTUAL <\/a><\/div>\n\n\n\n<figure class=\"wp-block-table\"><table class=\"\"><tbody><tr><td>\n  <strong>Asignatura <\/strong>\n  <\/td><td>\n  <strong>C\u00f3digo<\/strong>\n  <\/td><\/tr><tr><td>\n  Lenguaje y Comunicaci\u00f3n \n  <\/td><td>\n  w7aqc5a\n  <\/td><\/tr><tr><td>\n  Ingl\u00e9s \n  <\/td><td>\n  llf2wmp\n  <\/td><\/tr><tr><td>\n  Matem\u00e1tica\n  <\/td><td>\n  zzlw4tp\n  <\/td><\/tr><tr><td>\n  Historia y Geograf\u00eda\n  <\/td><td>\n  cefgmtu\n  <\/td><\/tr><tr><td>\n  Ciencias Naturales\n  <\/td><td>\n  ku5k2kn\n  <\/td><\/tr><tr><td>\n  Artes Visuales\n  <\/td><td>\n  Wby4map\n  <\/td><\/tr><tr><td>\n  Educaci\u00f3n Musical\n  <\/td><td>\n  &nbsp;\n  <\/td><\/tr><tr><td>\n  Educaci\u00f3n F\u00edsica\n  <\/td><td>\n  522i26i\n  <\/td><\/tr><tr><td>\n  Educaci\u00f3n tecnol\u00f3gica \n  <\/td><td>\n  w4tvrtj\n  <\/td><\/tr><tr><td>\n  Religi\u00f3n \n  <\/td><td>\n  l6raxzz\n  <\/td><\/tr><\/tbody><\/table><\/figure>\n\n\n\n<p>  SE INFORMA QUE LOS C\u00d3DIGOS SE EST\u00c1N GENERANDO A MEDIDA QUE LES CORRESPONDA LA ASIGNATURA   <\/p>\n","protected":false},"excerpt":{"rendered":"<p>C\u00d3DIGOS DISPONIBLES Asignatura C\u00f3digo Lenguaje y Comunicaci\u00f3n w7aqc5a Ingl\u00e9s llf2wmp Matem\u00e1tica zzlw4tp Historia y Geograf\u00eda cefgmtu Ciencias Naturales ku5k2kn Artes Visuales Wby4map Educaci\u00f3n Musical &nbsp; Educaci\u00f3n F\u00edsica 522i26i Educaci\u00f3n tecnol\u00f3gica&#8230;<\/p>\n<div class=\"royalnews-readmore-wrap\"><a href=\"https:\/\/www.northcross.cl\/index.php\/8-basico-3\/\" class=\"royalnews-readmore\">Explore more <i class=\"far fa-hand-point-right\"><\/i><\/a><\/div>\n","protected":false},"author":1,"featured_media":0,"parent":0,"menu_order":0,"comment_status":"closed","ping_status":"closed","template":"","meta":{"footnotes":""},"class_list":["post-4342","page","type-page","status-publish","hentry"],"_links":{"self":[{"href":"https:\/\/www.northcross.cl\/index.php\/wp-json\/wp\/v2\/pages\/4342","targetHints":{"allow":["GET"]}}],"collection":[{"href":"https:\/\/www.northcross.cl\/index.php\/wp-json\/wp\/v2\/pages"}],"about":[{"href":"https:\/\/www.northcross.cl\/index.php\/wp-json\/wp\/v2\/types\/page"}],"author":[{"embeddable":true,"href":"https:\/\/www.northcross.cl\/index.php\/wp-json\/wp\/v2\/users\/1"}],"replies":[{"embeddable":true,"href":"https:\/\/www.northcross.cl\/index.php\/wp-json\/wp\/v2\/comments?post=4342"}],"version-history":[{"count":0,"href":"https:\/\/www.northcross.cl\/index.php\/wp-json\/wp\/v2\/pages\/4342\/revisions"}],"wp:attachment":[{"href":"https:\/\/www.northcross.cl\/index.php\/wp-json\/wp\/v2\/media?parent=4342"}],"curies":[{"name":"wp","href":"https:\/\/api.w.org\/{rel}","templated":true}]}}