{"id":4159,"date":"2020-03-09T14:39:28","date_gmt":"2020-03-09T14:39:28","guid":{"rendered":"http:\/\/www.northcross.cl\/?page_id=4159"},"modified":"2026-04-13T09:58:37","modified_gmt":"2026-04-13T13:58:37","slug":"4-medio-a-3","status":"publish","type":"page","link":"https:\/\/www.northcross.cl\/index.php\/4-medio-a-3\/","title":{"rendered":"3\u00b0 MEDIO A PRUEBAS Y EVALUACIONES"},"content":{"rendered":"\n<p class=\"has-white-color has-vivid-red-background-color has-text-color has-background has-link-color wp-elements-c671ff672f0d00470dd3ac7cd4df357e\"><strong>(Lengua y Literatura)<\/strong><\/p>\n\n\n\n<p>Nombre Profesor(a): Nathaly Y\u00e1\u00f1ez<br>Curso: III medio A<br>Fecha de la evaluaci\u00f3n: martes 14 de abril<br>Contenido: Comprensi\u00f3n lectora: timbres Unidad 1<\/p>\n\n\n\n<p class=\"has-white-color has-vivid-red-background-color has-text-color has-background has-link-color wp-elements-aca00829ce31e78bd6442a6de84fd322\"><strong>Evaluaci\u00f3n de Educaci\u00f3n Ciudadana<\/strong><\/p>\n\n\n\n<p class=\"has-black-color has-white-background-color has-text-color has-background has-link-color wp-elements-d49a2f70691843ea1244bbfccb662910\">Nombre Profesor(a): Liang Lay Roco<br>Curso: 3\u00b0Medio A<br>Fecha de la evaluaci\u00f3n: 20 de abril<br>Contenido: Construcci\u00f3n de la democracia<\/p>\n\n\n\n<ul class=\"wp-block-list\">\n<li>Or\u00edgenes de las formas pol\u00edticas<\/li>\n\n\n\n<li>Estado Moderno y Democracia<\/li>\n\n\n\n<li>Ciudadan\u00eda<\/li>\n\n\n\n<li>Texto \u201cEVOLUCI\u00d3N HIST\u00d3RICA DE LAS FORMAS<br>POL\u00cdTICAS OCCIDENTALES\u201d<\/li>\n<\/ul>\n\n\n\n<p class=\"has-white-color has-vivid-red-background-color has-text-color has-background has-link-color wp-elements-b8f238a491f2c531500969a527999486\"><strong>Educaci\u00f3n Ciudadana<\/strong><\/p>\n\n\n\n<p>Prueba III Medio A<\/p>\n\n\n\n<p>Fecha:&nbsp; Viernes 17 de Abril<\/p>\n\n\n\n<p>Profesor: Sebasti\u00e1n&nbsp;Riquelme<\/p>\n\n\n\n<p>Temario: Estado, Ciudadan\u00eda y Democracia<\/p>\n\n\n\n<p class=\"has-white-color has-vivid-red-background-color has-text-color has-background has-link-color wp-elements-730f6e6d5eb885138ccf9fa0503c250c\"><strong>Prueba de Filosof\u00eda&nbsp;<\/strong><\/p>\n\n\n\n<p>Curso: III\u00b0 Medio A<\/p>\n\n\n\n<p>Profesora: Francisca Wegner C<\/p>\n\n\n\n<p>Fecha:15 de abril de 2026<br>Contenidos: Unidad I<\/p>\n\n\n\n<p class=\"has-white-color has-vivid-red-background-color has-text-color has-background has-link-color wp-elements-2d0ece324f820923a9696d2e04400889\"><strong>PRUEBA DE TALLER DE F\u00cdSICA<br><\/strong>III\u00b0 medio A y B<\/p>\n\n\n\n<p>PROFESOR: RODRIGO NAVAS F.<br>FECHA: 13-04-2026<br>CONTENIDOS:<br>\uf0b7 Cinem\u00e1tica, resoluci\u00f3n hasta la pregunta 25 de la gu\u00eda.<\/p>\n\n\n\n<p class=\"has-white-color has-vivid-red-background-color has-text-color has-background has-link-color wp-elements-0216d658e582a43cde8578573e09a9b5\"><strong>TERCERO MEDIO A \u2013 CIENCIAS PARA LA CIUDADAN\u00cdA<\/strong><\/p>\n\n\n\n<p>PRUEBA DE CIENCIAS PARA LA CIUDADANIA<\/p>\n\n\n\n<p>NOMBRE PROFESOR(A): KARLA FERRADA GONZ\u00c1LEZ<br>CURSO: TERCERO MEDIO A<br>FECHA: JUEVES 02 DE ABRIL<br>CONTENIDOS:<br>UNIDAD 1: REPRODUCCI\u00d3N Y SEXUALIDAD<br>\uf020\uf020\uf020\uf020\uf0f0 REPRODUCCI\u00d3N ASEXUAL V\/S SEXUAL<br>\uf0f0 \u00d3RGANOS Y FUNCI\u00d3N DEL SISTEMA REPRODUCTOR FEMENINO Y MASCULINO<br>\uf020\uf020\uf020\uf020\uf0f0 CICLO SEXUAL FEMENINO (CICLOS: HIPOFISIARIO, OV\u00c1RICO, ENDOMETRIAL O UTERINO,<br>HORMONAS SEXUALES<br>\uf020\uf020\uf020\uf020\uf0f0 M\u00c9TODOS ANTICONCEPTIVOS NATURALES Y ARTIFICIALES<br>MATERIAL DE ESTUDIO:<br>\uf0b7 APUNTES DE CLASES<br>\uf0b7 GU\u00cdA DE ACTIVIDADES PR\u00c1CTICA DE \u201cREPRODUCCIPON Y SEXUALIDAD\u201d COMPLETA<br>\uf0b7 GU\u00cdA TE\u00d3RICO \u201cREPRODUCCI\u00d3N Y SEXUALIDAD\u201d COMPLETA<\/p>\n\n\n\n<p class=\"has-white-color has-vivid-red-background-color has-text-color has-background has-link-color wp-elements-69a5aa02d739b74e52a24b9f100d8fbf\"><strong>EVALUACI\u00d3N DE MATEMATICA<\/strong><\/p>\n\n\n\n<p>3 medio A<\/p>\n\n\n\n<p>PROFESOR(A): JUAN POU JERIA<br>FECHA: 31-03 &#8211; 2026<br>CONTENIDOS: Tablas y medidas de dispersi\u00f3n<br>\uf0b7 Calcular medidas de tendencia central.<br>\uf0b7 Calcular medidas de dispersi\u00f3n<br>\uf0b7 Construir tablas de frecuencia.<br>\uf0b7 Identificar tipos de variables.<\/p>\n\n\n\n<p class=\"has-white-color has-vivid-red-background-color has-text-color has-background has-link-color wp-elements-572661008a682bb7d56c1d60d5970219\"><strong>(Evaluaci\u00f3n de Artes Visuales)<\/strong><\/p>\n\n\n\n<p>Nombre Profesora: Alejandra Gonz\u00e1lez<br>Curso: III\u00b0 medio<br>Fecha de la evaluaci\u00f3n: 07 de Abril<br>Contenido: Entrega de ejercicio pr\u00e1ctico de Bodeg\u00f3n (utilizando 4 t\u00e9cnicas)<\/p>\n\n\n\n<p class=\"has-white-color has-vivid-red-background-color has-text-color has-background has-link-color wp-elements-95de2aa1d597fee2e863f0e511687aeb\"><strong>Prueba Biolog\u00eda celular y molecular 3\u00b0 Medio A\/B<\/strong><\/p>\n\n\n\n<p>30\/03<\/p>\n\n\n\n<p>Contenidos: Caracter\u00edsticas de la vida, c\u00e9lula eucarionte\/procarionte y sus caracter\u00edsticas, teor\u00eda<br>celular, biomol\u00e9culas.<\/p>\n\n\n\n<p class=\"has-white-color has-vivid-red-background-color has-text-color has-background has-link-color wp-elements-d7778fc0b919ddf6fe38851a2af3dc22\"><strong>Evaluaci\u00f3n de: Control de Filosof\u00eda<\/strong><\/p>\n\n\n\n<p><br>Nombre Profesor(a): Francisca Wegner<br>Curso: 3\u00b0 Medio A<br>Fecha de la evaluaci\u00f3n: 25 de marzo&nbsp;<br>Contenidos: Unidad I<\/p>\n\n\n\n<p class=\"has-white-color has-vivid-red-background-color has-text-color has-background has-link-color wp-elements-8a6bfccb3bd306d4db03c2a38f956ae1\"><strong>(Evaluaci\u00f3n de Lengua y Literatura)<\/strong><\/p>\n\n\n\n<p>Nombre Profesor(a): Nathaly Y\u00e1\u00f1ez<br>Curso: III medio A<br>Fecha de la evaluaci\u00f3n: lunes 23 de marzo<br>Contenido: Prueba de Lectura Complementaria Mala conexi\u00f3n<\/p>\n\n\n\n<p class=\"has-white-color has-vivid-red-background-color has-text-color has-background has-link-color wp-elements-8a6bfccb3bd306d4db03c2a38f956ae1\"><strong>(Evaluaci\u00f3n de Lengua y Literatura)<\/strong><\/p>\n\n\n\n<p>Nombre Profesor(a): Nathaly Y\u00e1\u00f1ez<br>Curso: III medio A<\/p>\n\n\n\n<p>Fecha de la evaluaci\u00f3n: lunes 20 de abril<br>Contenido: Prueba de Lectura Complementaria Casa de mu\u00f1ecas<\/p>\n\n\n\n<p class=\"has-white-color has-vivid-red-background-color has-text-color has-background has-link-color wp-elements-8a6bfccb3bd306d4db03c2a38f956ae1\"><strong>(Evaluaci\u00f3n de Lengua y Literatura)<\/strong><\/p>\n\n\n\n<p>Nombre Profesor(a): Nathaly Y\u00e1\u00f1ez<br>Curso: III medio A<br>Fecha de la evaluaci\u00f3n: lunes 18 de mayo<br>Contenido: Prueba de Lectura Complementaria Pers\u00e9polis<\/p>\n\n\n\n<p><\/p>\n","protected":false},"excerpt":{"rendered":"<p>(Lengua y Literatura) Nombre Profesor(a): Nathaly Y\u00e1\u00f1ezCurso: III medio AFecha de la evaluaci\u00f3n: martes 14 de abrilContenido: Comprensi\u00f3n lectora: timbres Unidad 1 Evaluaci\u00f3n de Educaci\u00f3n Ciudadana Nombre Profesor(a): Liang Lay&#8230;<\/p>\n<div class=\"royalnews-readmore-wrap\"><a href=\"https:\/\/www.northcross.cl\/index.php\/4-medio-a-3\/\" class=\"royalnews-readmore\">Explore more <i class=\"far fa-hand-point-right\"><\/i><\/a><\/div>\n","protected":false},"author":1,"featured_media":0,"parent":0,"menu_order":0,"comment_status":"closed","ping_status":"closed","template":"","meta":{"footnotes":""},"class_list":["post-4159","page","type-page","status-publish","hentry"],"_links":{"self":[{"href":"https:\/\/www.northcross.cl\/index.php\/wp-json\/wp\/v2\/pages\/4159","targetHints":{"allow":["GET"]}}],"collection":[{"href":"https:\/\/www.northcross.cl\/index.php\/wp-json\/wp\/v2\/pages"}],"about":[{"href":"https:\/\/www.northcross.cl\/index.php\/wp-json\/wp\/v2\/types\/page"}],"author":[{"embeddable":true,"href":"https:\/\/www.northcross.cl\/index.php\/wp-json\/wp\/v2\/users\/1"}],"replies":[{"embeddable":true,"href":"https:\/\/www.northcross.cl\/index.php\/wp-json\/wp\/v2\/comments?post=4159"}],"version-history":[{"count":13,"href":"https:\/\/www.northcross.cl\/index.php\/wp-json\/wp\/v2\/pages\/4159\/revisions"}],"predecessor-version":[{"id":15381,"href":"https:\/\/www.northcross.cl\/index.php\/wp-json\/wp\/v2\/pages\/4159\/revisions\/15381"}],"wp:attachment":[{"href":"https:\/\/www.northcross.cl\/index.php\/wp-json\/wp\/v2\/media?parent=4159"}],"curies":[{"name":"wp","href":"https:\/\/api.w.org\/{rel}","templated":true}]}}