{"id":4154,"date":"2020-03-09T14:39:15","date_gmt":"2020-03-09T14:39:15","guid":{"rendered":"http:\/\/www.northcross.cl\/?page_id=4154"},"modified":"2026-04-14T10:07:26","modified_gmt":"2026-04-14T14:07:26","slug":"3-medio-a-3","status":"publish","type":"page","link":"https:\/\/www.northcross.cl\/index.php\/3-medio-a-3\/","title":{"rendered":"3\u00b0 MEDIO ELECTIVO   PRUEBAS Y EVALUACIONES"},"content":{"rendered":"\n<p class=\"has-white-color has-vivid-red-background-color has-text-color has-background has-link-color wp-elements-fb32d2059f1919dd8b42e6b71b6861db\"><strong>Evaluaci\u00f3n de Electivo Participaci\u00f3n y argumentaci\u00f3n en democracia<\/strong><\/p>\n\n\n\n<p>Nombre Profesor(a): Nathaly Y\u00e1\u00f1ez<br>Curso: 3\u00b0 medio<br>Fecha de la evaluaci\u00f3n: mi\u00e9rcoles jueves 16 de abril<br>Contenido: Comprensi\u00f3n lectora: timbres Unidad 1<\/p>\n\n\n\n<p class=\"has-white-color has-vivid-red-background-color has-text-color has-background has-link-color wp-elements-6fee8b7d5be41fcaf4c31a6bb2fdee49\"><strong>Evaluaci\u00f3n de Historia del Tiempo Presente<\/strong><\/p>\n\n\n\n<p>Nombre Profesor(a): Liang Lay Roco<br>Curso: 3\u00b0 Medio (Electivo)<br>Fecha de la evaluaci\u00f3n: 17 de abril<br>Contenido: Historiograf\u00eda y memoria<\/p>\n\n\n\n<ul class=\"wp-block-list\">\n<li>Historiograf\u00eda<\/li>\n\n\n\n<li>Historia reciente<\/li>\n\n\n\n<li>Historiograf\u00eda en Chile<\/li>\n\n\n\n<li>Memoria Hist\u00f3rica<\/li>\n\n\n\n<li>Texto especializado \u201cDefinici\u00f3n, m\u00e9todo y<br>pr\u00e1ctica de la Historia del Tiempo Presente\u201d<br>Fran\u00e7ois B\u00e9darida. (Texto entregado en clases)<\/li>\n<\/ul>\n\n\n\n<p class=\"has-white-color has-vivid-red-background-color has-text-color has-background has-link-color wp-elements-8769a35f78d9e8a2c089d860bd21f7e6\"><strong>EVALUACI\u00d3N DE MATEM\u00c1TICA&nbsp;<\/strong><\/p>\n\n\n\n<p>Geometr\u00eda 3D<\/p>\n\n\n\n<p>PROFESOR(A): JUAN POU JERIA<\/p>\n\n\n\n<p>FECHA: 07-04-2026<\/p>\n\n\n\n<p>CONTENIDOS:&nbsp; Vectores<\/p>\n\n\n\n<ul class=\"wp-block-list\">\n<li>Determinar direcci\u00f3n y norma de vectores.<\/li>\n\n\n\n<li>Determinar componentes y representar gr\u00e1ficamente vectores.<\/li>\n\n\n\n<li>Aplicar operatoria de vectores.<\/li>\n\n\n\n<li>Calcular componentes de vectores.<\/li>\n<\/ul>\n\n\n\n<p class=\"has-white-color has-vivid-red-background-color has-text-color has-background has-link-color wp-elements-6c330f3203b2a706cb45faeb2f18f7b0\"><strong>Evaluaci\u00f3n de M\u00fasica<\/strong><\/p>\n\n\n\n<p>Nombre Profesor(a): Gabriel L\u00f3pez Carroza<br>Curso: 3ro medio<br>Fecha de la evaluaci\u00f3n: 7 de Abril<br>Contenido: Evaluaci\u00f3n individual de interpretaci\u00f3n musical: dominio de la melod\u00eda, acordes o<br>letra, precisi\u00f3n r\u00edtmica, pulso constante, trabajo en clases.<\/p>\n\n\n\n<p class=\"has-white-color has-vivid-red-background-color has-text-color has-background has-link-color wp-elements-7e1e98fa47dbdd75fb58695b2cd77cd0\"><strong>TERCERO MEDIO B \u2013 ELECTIVO DE QU\u00cdMICA<\/strong><\/p>\n\n\n\n<p><strong>PRUEBA DE ELECTIVO DE QU\u00cdMICA<\/strong><\/p>\n\n\n\n<p>NOMBRE PROFESOR(A): KARLA FERRADA GONZ\u00c1LEZ<br>CURSO: TERCERO MEDIO <br>FECHA: VIERNES 10 DE ABRIL<br>CONTENIDOS:<br>UNIDAD 1: GENERALIDADES Y NIVELACI\u00d3N<br>&#8211; ESTRUCTURA AT\u00d3MICA E IONES: CONFIGURACI\u00d3N ELECTR\u00d3NICA, ELECTRONES DE VALENCIA,<br>CARGA I\u00d3NICAS, REGLA DEL OCTETO, ESTRUCTURA DE LEWIS, ENLACES AT\u00d3MICOS Y REACTIVIDAD<br>QU\u00cdMICA)<br>&#8211; EL AGUA &#8211; NATURALEZA POLAR Y SOLVENTE UNIVERSAL: ELECTRONEGATIVIDAD Y ENLACES O-H,<br>GEOMETR\u00cdA ANGULAR, PUENTES DE HID\u00d3GENO, SOLUBILIDAD, IONIZACI\u00d3N V\/S DISOLUCI\u00d3N,<br>AUTOIONIZACI\u00d3N, ION HIDRONIO E ION HIDROXILO, SOLVENTE UNIVERSAL)<br>&#8211; ESTEQUI\u00d3METRIA: MOL, N\u00b0 AVOGADRO, MASA MOLAR, BALANCEO DE ECUACIONES, RELACIONES<br>ESTEQUI\u00d3METRICAS, RENDIMIENTO DE ECUACI\u00d3N, REACTIVO LIMITANTE Y EN EXCESO,<br>RESOLUCI\u00d3N DE PROBLEMAS ESTEQUI\u00d3METRICO<br>MATERIAL DE ESTUDIO:<br>&#8211; APUNTES DE CLASES<br>&#8211; GU\u00cdA DE ACTIVIDADES PR\u00c1CTICA DE \u201cESTEQUI\u00d3METRIA\u201d COMPLETA<br>&#8211; GU\u00cdA DE LABORATORIO \u201cESTEQUIOMETRIA\u201d COMPLETA<\/p>\n\n\n\n<p class=\"has-white-color has-vivid-red-background-color has-text-color has-background has-link-color wp-elements-8e8c7221513a866571ea74c5352f0409\"><strong>EVALUACI\u00d3N DE MATEMATICA<br><\/strong>Electivo probabilidades<\/p>\n\n\n\n<p>PROFESOR(A): JUAN POU JERIA<br>FECHA: 26-03-2026<br>CONTENIDOS: Gr\u00e1ficos<br>\uf0b7 Construir tablas de frecuencias.<br>\uf0b7 Calcular medidas de posici\u00f3n.<br>\uf0b7 Calcular medidas de tendencia central<br>\uf0b7 Construir gr\u00e1ficos<\/p>\n\n\n\n<p class=\"has-white-color has-vivid-red-background-color has-text-color has-background has-link-color wp-elements-6fee8b7d5be41fcaf4c31a6bb2fdee49\"><strong>Evaluaci\u00f3n de Historia del Tiempo Presente<\/strong><\/p>\n\n\n\n<p><br>Nombre Profesor(a): Liang Lay Roco<br>Curso: 3\u00b0 Medio (Electivo)<br>Fecha de la evaluaci\u00f3n: 20 de marzo<br>Contenido: Metodolog\u00eda de la Historia<\/p>\n\n\n\n<ul class=\"wp-block-list\">\n<li>Prop\u00f3sito y objeto de la historia<\/li>\n\n\n\n<li>Historiograf\u00eda<\/li>\n\n\n\n<li>Sujeto y tiempo hist\u00f3rico<\/li>\n\n\n\n<li>Fuentes en la historia<\/li>\n\n\n\n<li>Texto \u201cEl trabajo con las fuentes hist\u00f3ricas y su<br>utilizaci\u00f3n did\u00e1ctica\u201d (Texto entregado en clases)<\/li>\n<\/ul>\n\n\n\n<p class=\"has-white-color has-vivid-red-background-color has-text-color has-background has-link-color wp-elements-dfe31316015e51bccaa7b89ac0b08fcb\"><strong>(Evaluaci\u00f3n de Electivo Participaci\u00f3n y argumentaci\u00f3n en democracia)<\/strong><\/p>\n\n\n\n<p>Nombre Profesor(a): Nathaly Y\u00e1\u00f1ez<br>Curso: 3\u00b0 medio<br>Fecha de la evaluaci\u00f3n: mi\u00e9rcoles 18 de marzo<br>Contenido: Comprensi\u00f3n lectora: \u201c21 lecciones para el siglo XXI (1ra selecci\u00f3n)\u201d<\/p>\n\n\n\n<p class=\"has-white-color has-vivid-red-background-color has-text-color has-background has-link-color wp-elements-dfe31316015e51bccaa7b89ac0b08fcb\"><strong>(Evaluaci\u00f3n de Electivo Participaci\u00f3n y argumentaci\u00f3n en democracia)<\/strong><\/p>\n\n\n\n<p>Nombre Profesor(a): Nathaly Y\u00e1\u00f1ez<br>Curso: 3\u00b0 medio<br>Fecha de la evaluaci\u00f3n: mi\u00e9rcoles 15 de abril<br>Contenido: Comprensi\u00f3n lectora: \u201c21 lecciones para el siglo XXI (2da selecci\u00f3n)\u201d<\/p>\n\n\n\n<p class=\"has-white-color has-vivid-red-background-color has-text-color has-background has-link-color wp-elements-dfe31316015e51bccaa7b89ac0b08fcb\"><strong>(Evaluaci\u00f3n de Electivo Participaci\u00f3n y argumentaci\u00f3n en democracia)<\/strong><\/p>\n\n\n\n<p>Nombre Profesor(a): Nathaly Y\u00e1\u00f1ez<br>Curso: 3\u00b0 medio<br>Fecha de la evaluaci\u00f3n: mi\u00e9rcoles 13 de mayo<br>Contenido: Compresi\u00f3n lectora \u201cPlanos de realidad, identidad virtual y discurso en las redes<br>sociales\u201d.<\/p>\n\n\n\n<p><\/p>\n","protected":false},"excerpt":{"rendered":"<p>Evaluaci\u00f3n de Electivo Participaci\u00f3n y argumentaci\u00f3n en democracia Nombre Profesor(a): Nathaly Y\u00e1\u00f1ezCurso: 3\u00b0 medioFecha de la evaluaci\u00f3n: mi\u00e9rcoles jueves 16 de abrilContenido: Comprensi\u00f3n lectora: timbres Unidad 1 Evaluaci\u00f3n de Historia&#8230;<\/p>\n<div class=\"royalnews-readmore-wrap\"><a href=\"https:\/\/www.northcross.cl\/index.php\/3-medio-a-3\/\" class=\"royalnews-readmore\">Explore more <i class=\"far fa-hand-point-right\"><\/i><\/a><\/div>\n","protected":false},"author":1,"featured_media":0,"parent":0,"menu_order":0,"comment_status":"closed","ping_status":"closed","template":"","meta":{"footnotes":""},"class_list":["post-4154","page","type-page","status-publish","hentry"],"_links":{"self":[{"href":"https:\/\/www.northcross.cl\/index.php\/wp-json\/wp\/v2\/pages\/4154","targetHints":{"allow":["GET"]}}],"collection":[{"href":"https:\/\/www.northcross.cl\/index.php\/wp-json\/wp\/v2\/pages"}],"about":[{"href":"https:\/\/www.northcross.cl\/index.php\/wp-json\/wp\/v2\/types\/page"}],"author":[{"embeddable":true,"href":"https:\/\/www.northcross.cl\/index.php\/wp-json\/wp\/v2\/users\/1"}],"replies":[{"embeddable":true,"href":"https:\/\/www.northcross.cl\/index.php\/wp-json\/wp\/v2\/comments?post=4154"}],"version-history":[{"count":13,"href":"https:\/\/www.northcross.cl\/index.php\/wp-json\/wp\/v2\/pages\/4154\/revisions"}],"predecessor-version":[{"id":15389,"href":"https:\/\/www.northcross.cl\/index.php\/wp-json\/wp\/v2\/pages\/4154\/revisions\/15389"}],"wp:attachment":[{"href":"https:\/\/www.northcross.cl\/index.php\/wp-json\/wp\/v2\/media?parent=4154"}],"curies":[{"name":"wp","href":"https:\/\/api.w.org\/{rel}","templated":true}]}}