{"id":4136,"date":"2020-03-04T14:50:08","date_gmt":"2020-03-04T14:50:08","guid":{"rendered":"http:\/\/www.northcross.cl\/?page_id=4136"},"modified":"2026-05-15T13:34:09","modified_gmt":"2026-05-15T17:34:09","slug":"2-medio-a-3","status":"publish","type":"page","link":"https:\/\/www.northcross.cl\/index.php\/2-medio-a-3\/","title":{"rendered":"1\u00b0 MEDIO B PRUEBAS Y EVALUACIONES"},"content":{"rendered":"\n<p class=\"has-white-color has-vivid-red-background-color has-text-color has-background has-link-color wp-elements-572661008a682bb7d56c1d60d5970219\"><strong>(Evaluaci\u00f3n de Artes Visuales)<\/strong><\/p>\n\n\n\n<p>Nombre Profesora: Alejandra Gonz\u00e1lez<br>Curso: I\u00b0 medio A<br>Fecha de la evaluaci\u00f3n: 19 de Mayo<br>Contenido: Entrega de ejercicio de arquitectura: perspectivas y puntos de fuga.<\/p>\n\n\n\n<p class=\"has-white-color has-vivid-red-background-color has-text-color has-background has-link-color wp-elements-44f7cabb2cd4576a16e1958c17a90779\"><strong>Evaluaci\u00f3n pr\u00e1ctica de talleres de primeros auxilios (Estaciones)<\/strong><\/p>\n\n\n\n<p>Nombre Profesor(a): Ver\u00f3nica Malhue Duarte<br>Curso:1\u00b0 Medio B<br>Fecha de la evaluaci\u00f3n: 25 de Mayo<br>Contenidos:<br>\uf075 Conceptos fisiol\u00f3gicos del sistema circulatorio<br>\uf075 Vasos sangu\u00edneos y circulaci\u00f3n del coraz\u00f3n<br>\uf075 Maniobra de reanimaci\u00f3n (Teor\u00eda y componentes pr\u00e1cticos)<br>\uf075 TEC, lesiones cervicales, fracturas cervicales<br>\uf075 Epilepsia<br>\uf075 Inmovilizaci\u00f3n y traslado en tabla espinal<br>\uf075 Maniobra de Heimlich<\/p>\n\n\n\n<p class=\"has-white-color has-vivid-red-background-color has-text-color has-background has-link-color wp-elements-4ef0c80f056349288e734d1f67e56df7\"><strong>(Evaluaci\u00f3n de Tecnolog\u00eda)<\/strong><\/p>\n\n\n\n<p>Nombre Profesora: Alejandra Gonz\u00e1lez<br>Curso: I\u00b0 medio B<br>Fecha de la evaluaci\u00f3n: 11 de Mayo<br>Contenido: Entrega de maqueta de nuevo servicio para Curacav\u00ed<\/p>\n\n\n\n<p class=\"has-white-color has-vivid-red-background-color has-text-color has-background has-link-color wp-elements-e21c8f528d4af3cd8ece888d100ac5ab\"><strong>Prueba Oral de Ingl\u00e9s<\/strong><\/p>\n\n\n\n<p>David Ibarra<\/p>\n\n\n\n<p>1ero medio B<\/p>\n\n\n\n<p>13 de Mayo<\/p>\n\n\n\n<p>\u201cUsed to\u201d en formas afirmativo y negativo<\/p>\n\n\n\n<p class=\"has-white-color has-vivid-red-background-color has-text-color has-background has-link-color wp-elements-d0e0d48797d22d17d8567034fd538a5f\"><strong>Evaluaci\u00f3n prueba de matem\u00e1ticas<\/strong><\/p>\n\n\n\n<p>Nombre Profesor(a): Jens Voss<br>Curso: 1o medios A-B<br>Fecha de la evaluaci\u00f3n: 19-05-26<br>Contenidos:<br>-Productos notables.<\/p>\n\n\n\n<p class=\"has-white-color has-vivid-red-background-color has-text-color has-background has-link-color wp-elements-ad5736811bf66a75e66d0fd1d5749dca\"><strong>Evaluaci\u00f3n control matem\u00e1ticas<\/strong><\/p>\n\n\n\n<p>Nombre Profesor(a):Jens Voss<br>Curso: 1o medios A-B<br>Fecha de la evaluaci\u00f3n: 12-05-26<br>Contenidos:<\/p>\n\n\n\n<ul class=\"wp-block-list\">\n<li>Productos notables.<\/li>\n<\/ul>\n\n\n\n<p class=\"has-white-color has-vivid-red-background-color has-text-color has-background has-link-color wp-elements-c4408426d36f298ea7982f9b12e041fe\"><em><strong>Evaluaci\u00f3n Gu\u00eda con cuaderno<\/strong><\/em><\/p>\n\n\n\n<p>Nombre Profesor(a):Jens Voss<br>Curso: 1o medios A-B<br>Fecha de la evaluaci\u00f3n: 28-05-26<br>Contenidos:<br>-Todo lo visto hasta productos notables.<\/p>\n\n\n\n<p class=\"has-white-color has-vivid-red-background-color has-text-color has-background has-link-color wp-elements-ee9c11e3b9607fb3fda6f01355cdbb7c\"><strong>Prueba Biolog\u00eda <\/strong><\/p>\n\n\n\n<p>1\u00b0 Medio B<br>11\/05<\/p>\n\n\n\n<p>Contenidos: Evoluci\u00f3n y biodiversidad, pruebas de la evoluci\u00f3n, tipos de evoluci\u00f3n, selecci\u00f3n<br>natural.<\/p>\n\n\n\n<p class=\"has-white-color has-vivid-red-background-color has-text-color has-background has-link-color wp-elements-83d84f8a6a71b12a8e17fcc070885d08\"><strong>Evaluaci\u00f3n de lectura complementaria (Lengua y Literatura)<\/strong><\/p>\n\n\n\n<p>Nombre Profesor: V\u00edctor Herrera<br>Curso: 1\u00b0 medio B<br>Fecha de la evaluaci\u00f3n: viernes 15 de mayo<br>Contenido: \u201cLa casa de Bernarda Alba\u201d de Federico Garc\u00eda Lorca.<\/p>\n\n\n\n<p class=\"has-white-color has-vivid-red-background-color has-text-color has-background has-link-color wp-elements-3455959bf894d3c5217dcabb47130e73\"><strong>(Evaluaci\u00f3n de M\u00fasica)<\/strong><\/p>\n\n\n\n<p>Nombre Profesor(a): Gabriel L\u00f3pez Carroza<br>Curso: 1ro medio<br>Fecha de la evaluaci\u00f3n: 28 de Abril<br>Contenido: Evaluaci\u00f3n grupal de interpretaci\u00f3n musical: Dominio de la l\u00ednea mel\u00f3dica, dominio<br>de la l\u00ednea arm\u00f3nica, precisi\u00f3n r\u00edtmica, pulso constante, coordinaci\u00f3n de grupo, trabajo en<br>clases.<\/p>\n\n\n\n<p class=\"has-white-color has-vivid-red-background-color has-text-color has-background has-link-color wp-elements-e80643a62b4677d5bcc0db2439d011e4\"><strong>EVALUACI\u00d3N DE INGLES<\/strong><\/p>\n\n\n\n<p>Teacher David Ibarra<\/p>\n\n\n\n<p>1ero medio B<\/p>\n\n\n\n<p>Mi\u00e9rcoles 29 de Abril<\/p>\n\n\n\n<p>Contenidos a evaluar:<\/p>\n\n\n\n<p>\u2013 Presente simple<\/p>\n\n\n\n<p>\u2013 Used to (interrogativo, afirmativo y negativo)<\/p>\n\n\n\n<p>\u2013 Verbos regulares en pasado\u00a0<\/p>\n\n\n\n<p class=\"has-white-color has-vivid-red-background-color has-text-color has-background has-link-color wp-elements-e7fb3bf6bfea0a2a24fe9a1781a09cee\"><strong>Prueba I Medio B<\/strong><\/p>\n\n\n\n<p>Fecha: Jueves 23 de abril<\/p>\n\n\n\n<p>Profesor: Sebasti\u00e1n Riquelme<\/p>\n\n\n\n<p>Historia, geograf\u00eda y ciencias sociales<\/p>\n\n\n\n<p>Temario: Caracter\u00edsticas\u00a0generales del Periodo Conservador en Chile (1831-1861)<\/p>\n\n\n\n<p class=\"has-white-color has-vivid-red-background-color has-text-color has-background has-link-color wp-elements-e27c9c6dfd568e9a5cf3757973b96338\"><strong>Evaluaci\u00f3n control de matem\u00e1ticas<\/strong><\/p>\n\n\n\n<p>Nombre Profesor(a): Jens Voss<br>Curso: Primero medio A-B<br>Fecha de la evaluaci\u00f3n:16\/04\/26 (B); 17\/04\/26 (A)<br>Contenidos:<br>-Operatorias combinadas utilizando propiedades de potencia.<\/p>\n\n\n\n<p class=\"has-white-color has-vivid-red-background-color has-text-color has-background has-link-color wp-elements-d0e0d48797d22d17d8567034fd538a5f\"><strong>Evaluaci\u00f3n prueba de matem\u00e1ticas<\/strong><\/p>\n\n\n\n<p>Nombre Profesor(a):Jens Voss<br>Curso: Primero medio A-B<br>Fecha de la evaluaci\u00f3n: 21\/04\/26 (A-B)<br>Contenidos:<\/p>\n\n\n\n<ul class=\"wp-block-list\">\n<li>Operatorias combinadas utilizando propiedades de potencia.<br>-Crecimiento y decrecimiento exponencial.<\/li>\n<\/ul>\n\n\n\n<p class=\"has-white-color has-vivid-red-background-color has-text-color has-background has-link-color wp-elements-c67eb81704acdaf123cf0857d3ba6a37\"><strong>Evaluaci\u00f3n control recuperativo matem\u00e1ticas<\/strong><\/p>\n\n\n\n<p>Nombre Profesor(a):Jens Voss<br>Curso:Primero medio A-B<br>Fecha de la evaluaci\u00f3n:14\/04\/26<br>Contenidos:<br>-Operatorias combinadas.<\/p>\n\n\n\n<p class=\"has-white-color has-vivid-red-background-color has-text-color has-background has-link-color wp-elements-6c330f3203b2a706cb45faeb2f18f7b0\"><strong>Evaluaci\u00f3n de M\u00fasica<\/strong><\/p>\n\n\n\n<p>Nombre Profesor(a): Gabriel L\u00f3pez Carroza<br>Curso: 1ro medio<br>Fecha de la evaluaci\u00f3n: 7 de Abril<br>Contenido: Evaluaci\u00f3n individual de interpretaci\u00f3n musical: dominio de la melod\u00eda, acordes o<br>letra, precisi\u00f3n r\u00edtmica, pulso constante, trabajo en clases.<\/p>\n\n\n\n<p class=\"has-white-color has-vivid-red-background-color has-text-color has-background has-link-color wp-elements-23d8ae4448be31f5b8a0a904c928b5d1\"><strong>PRIMERO MEDIO B \u2013 F\u00cdSICA<br><\/strong>PRUEBA DE F\u00cdSICA<\/p>\n\n\n\n<p><br>NOMBRE PROFESOR(A): KARLA FERRADA GONZ\u00c1LEZ<br>CURSO: PRIMERO MEDIO B<br>FECHA: MARTES 14 DE ABRIL<br>CONTENIDOS:<br>UNIDAD 1: ONDAS Y SONIDO<br>\uf020\uf020\uf020\uf020\uf0f0 \u00bfQU\u00c9 ES UNA ONDA?<br>\uf020\uf020\uf020\uf020\uf0f0 ELEMENTOS ESTRUCTURALES DE UNA ONDA: DEFINICIONES<br>\uf020\uf020\uf020\uf020\uf0f0 ELEMENTOS TEMPORALES DE UNA ONDA: DEFINIR Y CALCULAR: LONGITUD DE ONDA, PERIODO,<\/p>\n\n\n\n<p>FRECUENCIA, RAPIDEZ (VELOCIDAD), AMPLITUD, LARGO DEL TREN, ETC.<\/p>\n\n\n\n<p>\uf020\uf020\uf020\uf020\uf0f0 ONDAS SONORAS: CARACTER\u00cdSTICAS Y PROPIEDADES<br>MATERIAL DE ESTUDIO:<br>\uf0b7 APUNTES DE CLASES<br>\uf0b7 LIBRO DE F\u00cdSICA 1ro\/2do MEDIO (UNIDAD 1; pp 7 \u2013 23)<br>\uf0b7 GU\u00cdA TE\u00d3RICO \u2013 PR\u00c1CTICA DE \u201cINTRODUCCI\u00d3N A LAS ONDAS Y SU CLASIFICACI\u00d3N\u201d COMPLETA<br>\uf0b7 GU\u00cdA TE\u00d3RICO \u2013 PR\u00c1CTICA DE \u201cONDAS SONORAS\u201d<\/p>\n\n\n\n<p class=\"has-white-color has-vivid-red-background-color has-text-color has-background has-link-color wp-elements-4ef0c80f056349288e734d1f67e56df7\"><strong>(Evaluaci\u00f3n de Tecnolog\u00eda)<\/strong><\/p>\n\n\n\n<p>Nombre Profesora: Alejandra Gonz\u00e1lez<br>Curso: I\u00b0 B<br>Fecha de la evaluaci\u00f3n: 06 de Abril<br>Contenido: Entrega de mejoras de su hogar<\/p>\n\n\n\n<p class=\"has-white-color has-vivid-red-background-color has-text-color has-background has-link-color wp-elements-b75e8b4b4920bd55f6427d8f7898a815\"><strong>Evaluaci\u00f3n de Unidad 1 (Lengua y Literatura)<\/strong><\/p>\n\n\n\n<p>Nombre Profesor: V\u00edctor Herrera<br>Curso: 1\u00b0 Medio B<br>Fecha de la evaluaci\u00f3n: viernes 10 de abril de 2026<br>Contenido:<br>An\u00e1lisis e interpretaci\u00f3n de textos narrativos, considerando:<br>\uf0b7 Conflictos y sus tipos (conflicto interno, conflicto externo o superior, conflicto entre<br>personajes).<br>\uf0b7 Personajes tipo.<br>\uf0b7 T\u00f3picos literarios.<\/p>\n\n\n\n<p class=\"has-white-color has-vivid-red-background-color has-text-color has-background has-link-color wp-elements-9c324f8f25bde09e2e592e1c74bd64de\"><strong>Evaluaci\u00f3n de Lectura complementaria (Lengua y Literatura)<\/strong><\/p>\n\n\n\n<p>Nombre Profesor: V\u00edctor Herrera<br>Curso: 1\u00b0 Medio B<br>Fecha de la evaluaci\u00f3n: viernes 17 de abril de 2026<br>Contenido: \u201cFrankenstein o el moderno Prometeo\u201d de Mary Shelley<\/p>\n\n\n\n<p class=\"has-white-color has-vivid-red-background-color has-text-color has-background has-link-color wp-elements-d30dc7b57723a8a52b9b7b3530a74b43\"><strong>(PRUEBA DE QUIMICA )<\/strong><\/p>\n\n\n\n<p>Nombre Profesor(a): Victoria Berrueta Reyes<br>Curso: 1 Medio B<br>Fecha de la evaluaci\u00f3n: Viernes 17 de Abril<br>CONTENIDOS<br>Unidad 1 Completa<br>QUE ES LA MATERIA<br>CARACTERISTICAS DEL ATOMO<br>CALCULO DE PARTICULAS SUBATOMICAS<br>IONES: CATIONES Y ANIONES<br>ISOBAROS, ISOTONOS E ISOTOPOS<br>MODELOS ATOMICOS<br>NUMEROS CUANTICOS<br>CONFIGURACION ELECTRONICA<\/p>\n\n\n\n<p class=\"has-white-color has-vivid-red-background-color has-text-color has-background has-link-color wp-elements-572661008a682bb7d56c1d60d5970219\"><strong>(Evaluaci\u00f3n de Artes Visuales)<\/strong><\/p>\n\n\n\n<p>Nombre Profesora: Alejandra Gonz\u00e1lez<br>Curso: I\u00b0 medio<br>Fecha de la evaluaci\u00f3n: 07 de Abril<br>Contenido: Entrega de bodeg\u00f3n + achurado + escala de grises<\/p>\n\n\n\n<p class=\"has-white-color has-vivid-red-background-color has-text-color has-background has-link-color wp-elements-c41d8ef8535a4cc0ba7ded0e9eeb6049\"><strong>EDUCACI\u00d3N F\u00cdSICA Y SALUD<\/strong><\/p>\n\n\n\n<p>Nombre Profesor(a):Ljubab Antonella Espinosa<br>Curso: 1ro medio A y B<br>Fecha de la evaluaci\u00f3n:16\/04<br>Evaluaci\u00f3n Trote continuos 17 minutos (Se promediar\u00e1 las notas de los tres mejores tiempos<br>realizados por el estudiante). No se exige cantidad de vueltas ni tampoco velocidad del trote.<br>Solo que el ritmo del trote debe permitir al estudiante poder lograr el trabajo sin caminatas y<br>ni detenciones.<br>Fecha de la evaluaci\u00f3n:23\/04<br>Realizan diferentes ejercicios (demuestran progreso) llevan registro del entrenamiento (Se<br>presenta con su hoja de registro diario). Se aplicar\u00e1 test de elevaci\u00f3n de pierna; flexiones y<br>sentadilla.<\/p>\n\n\n\n<p class=\"has-white-color has-vivid-red-background-color has-text-color has-background has-link-color wp-elements-9d0209844b46c78ef9d184175c38fdde\"><strong>Gu\u00eda con cuaderno Biolog\u00eda 1\u00b0 Medio B<\/strong><\/p>\n\n\n\n<p>27\/03<\/p>\n\n\n\n<p>Contenidos: Evoluci\u00f3n y biodiversidad, explicaciones cient\u00edficas y no cient\u00edficas para la<br>biodiversidad.<\/p>\n\n\n\n<p class=\"has-white-color has-vivid-red-background-color has-text-color has-background has-link-color wp-elements-6bccd6a864b7e1a83652ab08e783bc21\"><strong>Historia<\/strong><\/p>\n\n\n\n<p>I Medio B<\/p>\n\n\n\n<p>Sebastian riquelme<\/p>\n\n\n\n<p>Jueves 26 de marzo\u00a0<\/p>\n\n\n\n<p>Temario: La formaci\u00f3n\u00a0del estado-naci\u00f3n en el siglo XIX<\/p>\n\n\n\n<p class=\"has-white-color has-vivid-red-background-color has-text-color has-background has-link-color wp-elements-ca0df4f0cbdcf7b4fa1cbdefb4b167dc\"><strong>Prueba de Matem\u00e1tica<\/strong><\/p>\n\n\n\n<p>Nombre Profesor(a): Valeria Guerrero<br>Curso: 1ero B<br>Fecha de la evaluaci\u00f3n: 31\/03\/2026<br>Contenido:<\/p>\n\n\n\n<ul class=\"wp-block-list\">\n<li>Sumar y restar numero racionales<\/li>\n\n\n\n<li>Multiplicar y dividir n\u00fameros racionales<\/li>\n\n\n\n<li>Operatoria combinada con n\u00fameros racionales<\/li>\n\n\n\n<li>Comparar n\u00fameros racionales<\/li>\n\n\n\n<li>Identificar conjunto n\u00fameros reales<\/li>\n<\/ul>\n\n\n\n<p class=\"has-white-color has-vivid-red-background-color has-text-color has-background has-link-color wp-elements-7f8e00dd3240e3c9e2bd93f0e5d9a592\"><strong>Evaluaci\u00f3n de Historia<\/strong><\/p>\n\n\n\n<p><br>Nombre Profesor(a): Liang Lay Roco<br>Curso: I\u00b0 Medio B<br>Fecha de la evaluaci\u00f3n: 26 de marzo<br>Contenido: Ideales liberales<\/p>\n\n\n\n<ul class=\"wp-block-list\">\n<li>Burgues\u00eda<\/li>\n\n\n\n<li>Ideales liberales y republicanos<\/li>\n\n\n\n<li>Derechos individuales<\/li>\n\n\n\n<li>Liberalismo econ\u00f3mico<\/li>\n\n\n\n<li>Estado-Naci\u00f3n<\/li>\n<\/ul>\n\n\n\n<p class=\"has-white-color has-vivid-red-background-color has-text-color has-background has-link-color wp-elements-9c324f8f25bde09e2e592e1c74bd64de\"><strong>Evaluaci\u00f3n de Lectura complementaria (Lengua y Literatura)<\/strong><\/p>\n\n\n\n<p>Nombre Profesor: V\u00edctor Herrera<br>Curso: 1\u00b0 Medio B<br>Fecha de la evaluaci\u00f3n: viernes 20 de marzo de 2026<br>Contenido: \u201cEl a\u00f1o que nos volvimos todos un poco locos\u201d de Marco Antonio de la Parra<\/p>\n\n\n\n<p><\/p>\n","protected":false},"excerpt":{"rendered":"<p>(Evaluaci\u00f3n de Artes Visuales) Nombre Profesora: Alejandra Gonz\u00e1lezCurso: I\u00b0 medio AFecha de la evaluaci\u00f3n: 19 de MayoContenido: Entrega de ejercicio de arquitectura: perspectivas y puntos de fuga. Evaluaci\u00f3n pr\u00e1ctica de&#8230;<\/p>\n<div class=\"royalnews-readmore-wrap\"><a href=\"https:\/\/www.northcross.cl\/index.php\/2-medio-a-3\/\" class=\"royalnews-readmore\">Explore more <i class=\"far fa-hand-point-right\"><\/i><\/a><\/div>\n","protected":false},"author":1,"featured_media":0,"parent":0,"menu_order":0,"comment_status":"closed","ping_status":"closed","template":"","meta":{"footnotes":""},"class_list":["post-4136","page","type-page","status-publish","hentry"],"_links":{"self":[{"href":"https:\/\/www.northcross.cl\/index.php\/wp-json\/wp\/v2\/pages\/4136","targetHints":{"allow":["GET"]}}],"collection":[{"href":"https:\/\/www.northcross.cl\/index.php\/wp-json\/wp\/v2\/pages"}],"about":[{"href":"https:\/\/www.northcross.cl\/index.php\/wp-json\/wp\/v2\/types\/page"}],"author":[{"embeddable":true,"href":"https:\/\/www.northcross.cl\/index.php\/wp-json\/wp\/v2\/users\/1"}],"replies":[{"embeddable":true,"href":"https:\/\/www.northcross.cl\/index.php\/wp-json\/wp\/v2\/comments?post=4136"}],"version-history":[{"count":39,"href":"https:\/\/www.northcross.cl\/index.php\/wp-json\/wp\/v2\/pages\/4136\/revisions"}],"predecessor-version":[{"id":15646,"href":"https:\/\/www.northcross.cl\/index.php\/wp-json\/wp\/v2\/pages\/4136\/revisions\/15646"}],"wp:attachment":[{"href":"https:\/\/www.northcross.cl\/index.php\/wp-json\/wp\/v2\/media?parent=4136"}],"curies":[{"name":"wp","href":"https:\/\/api.w.org\/{rel}","templated":true}]}}