{"id":4126,"date":"2020-03-04T14:48:17","date_gmt":"2020-03-04T14:48:17","guid":{"rendered":"http:\/\/www.northcross.cl\/?page_id=4126"},"modified":"2026-04-13T16:05:44","modified_gmt":"2026-04-13T20:05:44","slug":"8-basico-2","status":"publish","type":"page","link":"https:\/\/www.northcross.cl\/index.php\/8-basico-2\/","title":{"rendered":"8\u00b0 B\u00c1SICO B   PRUEBAS Y EVALUACIONES"},"content":{"rendered":"\n<p class=\"has-white-color has-vivid-red-background-color has-text-color has-background has-link-color wp-elements-8b88def87a23e93662223345e3927106\"><strong>EVALUACI\u00d3N DE LENGUA Y LITERATURA [TIMBRES]<\/strong><\/p>\n\n\n\n<p>Nombre Profesora: Jasm\u00edn Vargas<\/p>\n\n\n\n<p>Curso: 8vo b\u00e1sico B<\/p>\n\n\n\n<p>Fecha de la evaluaci\u00f3n: Martes 21\/04\/26<\/p>\n\n\n\n<p>Contenido: Revisi\u00f3n de timbres de actividades de la Unidad 1 (cierre nota de proceso<\/p>\n\n\n\n<p class=\"has-white-color has-vivid-red-background-color has-text-color has-background has-link-color wp-elements-fdd2d8cab909fc5c5d4a4791c5047667\"><strong>Historia, geograf\u00eda y ciencias sociales<\/strong><\/p>\n\n\n\n<p>Prueba 8B<\/p>\n\n\n\n<p>Fecha: Jueves 16 de Abril<\/p>\n\n\n\n<p>Profesor: Sebasti\u00e1n Riquelme<\/p>\n\n\n\n<p>Temario: El Estado Moderno y la econom\u00eda mercantilista<\/p>\n\n\n\n<p class=\"has-white-color has-vivid-red-background-color has-text-color has-background has-link-color wp-elements-f84d254a479195f3980cc2ff921a8061\"><strong>Evaluaci\u00f3n de Unidad 1: TALLER DE HABILIDADES COMUNICATIVAS<\/strong><\/p>\n\n\n\n<p>Nombre Profesor: V\u00edctor Herrera<br>Curso: 8\u00b0 B<br>Fecha de la evaluaci\u00f3n: mi\u00e9rcoles 15 de abril de 2026<br>Contenido: Revisi\u00f3n de timbres por actividades de la primera unidad (5 timbres)<\/p>\n\n\n\n<p class=\"has-white-color has-vivid-red-background-color has-text-color has-background has-link-color wp-elements-b44141668391e514671fcedbd9b930f9\">Evaluaci\u00f3n de Ingl\u00e9s<\/p>\n\n\n\n<p>Nombre Profesor: Daniel Jeria Ram\u00edrez.<br>Curso: 8vo B<br>Fecha de la evaluaci\u00f3n: viernes 10 de abril.<br>Contenidos:<br>Evaluaci\u00f3n oral de rutinas diarias: deben presentar (leer) el trabajo realizado en la sala de computaci\u00f3n seg\u00fan instrucciones y pauta enviada al correo.<\/p>\n\n\n\n<p class=\"has-white-color has-vivid-red-background-color has-text-color has-background has-link-color wp-elements-12b85f486ea661029d3ed38ae01c9666\"><strong>OCTAVO B \u2013 CIENCIAS NATURALES<\/strong><br>PRUEBA CIENCIAS NATURALES (F\u00cdSICA)<\/p>\n\n\n\n<p>NOMBRE PROFESOR(A): KARLA FERRADA GONZ\u00c1LEZ<br>CURSO: OCTAVO B<br>FECHA: MI\u00c9RCOLES 08 DE ABRIL<br>CONTENIDOS:<br>UNIDAD 1: FEN\u00d3MENOS EL\u00c9CTRICOS, CONCEPTOS FUNDAMENTALES DE CIRCUITOS Y LEY DE OHM<br>-\u00c1TOMO Y CARGA EL\u00c9CTRICA<br>-CARGA FUNDAMENTAL Y CARGA NETA<br>&#8211; LEY DE LOS SIGNOS Y M\u00c9TODOS DE ELECTRIZACI\u00d3N (METODOS DE CARGA)<br>-CONCEPTOS FUNDAMENTALES DE CIRCUITOS: INTENSIDAD DE CORRIENTE, VOLTAJE, RESISTENCIA<br>-LEY DE OHM<br>MATERIAL DE ESTUDIO:<br>&#8211; APUNTES DE CLASES<br>-LIBRO DE CIENCIAS NATURALES 8vo B\u00c1SICO (pp 86 \u2013 91)<br>&#8211; GU\u00cdA TE\u00d3RICO \u2013 PR\u00c1CTICA DE FEN\u00d3MENOS EL\u00c9CTRICOS COMPLETA<\/p>\n\n\n\n<p class=\"has-white-color has-vivid-red-background-color has-text-color has-background has-link-color wp-elements-339677f0b835dff9306186cfcbe2a587\"><strong>PRUEBA CIENCIAS NATURALES (BIOLOG\u00cdA)<\/strong><\/p>\n\n\n\n<p>NOMBRE PROFESOR(A): KARLA FERRADA GONZ\u00c1LEZ<br>CURSO: OCTAVO B<br>FECHA: LUNES 13 DE ABRIL<br>CONTENIDOS:<br>UNIDAD 1: LA C\u00c9LULA \u2013 UNIDAD FUNCIONAL DE LA VIDA<br>&#8211; EVOLUCI\u00d3N DE LA TEOR\u00cdA CELULAR<br>-C\u00c9LULAS V\/S VIRUS<br>&#8211; C\u00c9LULAS PROCARIONTES Y EUCARIONTES<br>&#8211; C\u00c9LULA ANIMAL Y C\u00c9LULA VEGETAL<br>MATERIAL DE ESTUDIO:<br>&#8211; APUNTES DE CLASES<br>-LIBRO DE CIENCIAS NATURALES 8vo B\u00c1SICO (pp 52 \u2013 61)<br>&#8211; GU\u00cdA TE\u00d3RICO \u2013 PR\u00c1CTICA \u201cEL MUNDO DE LA C\u00c9LULA\u201d COMPLETA<\/p>\n\n\n\n<p class=\"has-white-color has-vivid-red-background-color has-text-color has-background has-link-color wp-elements-3455959bf894d3c5217dcabb47130e73\"><strong>(Evaluaci\u00f3n de M\u00fasica)<\/strong><\/p>\n\n\n\n<p>Nombre Profesor(a): Gabriel L\u00f3pez Carroza<br>Curso: 8vo b\u00e1sico A y B<br>Fecha de la evaluaci\u00f3n: 2 de Abril<br>Contenido: Evaluaci\u00f3n individual sobre interpretaci\u00f3n musical: Dominio de la melod\u00eda o<br>acordes, precisi\u00f3n r\u00edtmica, pulso constante, trabajo en clases.<\/p>\n\n\n\n<p class=\"has-white-color has-vivid-red-background-color has-text-color has-background has-link-color wp-elements-4ef0c80f056349288e734d1f67e56df7\"><strong>(Evaluaci\u00f3n de Tecnolog\u00eda)<\/strong><\/p>\n\n\n\n<p>Nombre Profesora: Alejandra Gonz\u00e1lez<br>Curso: 8vo B<br>Fecha de la evaluaci\u00f3n: 09 de Abril<br>Contenido: Entrega de Afiches publicitarios (2 afiches de alimentaci\u00f3n + 2 afiches de<br>comunicaci\u00f3n)<\/p>\n\n\n\n<p class=\"has-white-color has-vivid-red-background-color has-text-color has-background has-link-color wp-elements-572661008a682bb7d56c1d60d5970219\"><strong>(Evaluaci\u00f3n de Artes Visuales)<\/strong><\/p>\n\n\n\n<p>Nombre Profesora: Alejandra Gonz\u00e1lez<br>Curso: 8vo b\u00e1sico B<br>Fecha de la evaluaci\u00f3n: 07 de Abril<br>Contenido: Mini Libro: Escala de valores y achurado en flora y fauna nativa<\/p>\n\n\n\n<p class=\"has-white-color has-vivid-red-background-color has-text-color has-background has-link-color wp-elements-c41d8ef8535a4cc0ba7ded0e9eeb6049\"><strong>EDUCACI\u00d3N F\u00cdSICA Y SALUD<\/strong><\/p>\n\n\n\n<p>Nombre Profesor(a):Ljubab Antonella Espinosa<br>Curso: 8vo B\u00e1sico A y 8vo B\u00e1sico B<\/p>\n\n\n\n<p>Fecha de la evaluaci\u00f3n: 08\/04<br>Presentan una variedad de actividades f\u00edsicas fuera de su horario escolar; por ejemplo: andan<br>en bicicleta, participan en corridas, entre otras. (fuera del horario escolar) Individual o en<br>grupos. Y mejoras gracias a su plan de entrenamiento Evidencian su FC inicial y final y el tiempo<br>de la actividad que debe ser de al menos 40 minutos.<br>Fecha de la evaluaci\u00f3n: 22\/04<br>Mantienen un trote continuo durante 15 minutos (Se promediar\u00e1 las notas de los tres mejores<br>tiempos realizados por el estudiante). No se exige cantidad de vueltas ni tampoco velocidad<br>del trote. Solo que el ritmo del trote debe permitir al estudiante poder lograr el trabajo sin<br>caminatas y ni detenciones.<\/p>\n\n\n\n<p class=\"has-white-color has-vivid-red-background-color has-text-color has-background has-link-color wp-elements-2c66387b68627096ebfb7b4a4540f14f\"><strong>Evaluaci\u00f3n de Matem\u00e1ticas<br><\/strong>Control N\u00b02<\/p>\n\n\n\n<p>Nombre Profesora: Nataly Ortiz V.<br>Curso: 8\u00b0B<br>Fecha de la evaluaci\u00f3n: 06\/04\/2026<br>Contenido:<br>\u25cf Adici\u00f3n, sustracci\u00f3n, multiplicaci\u00f3n y divisi\u00f3n de Racionales.<br>\u25cf Ubicar Racionales en la recta num\u00e9rica.<\/p>\n\n\n\n<p class=\"has-white-color has-vivid-red-background-color has-text-color has-background has-link-color wp-elements-dff396cf559b3cb114a04de6dbc6b06b\"><strong>Evaluaci\u00f3n de Matem\u00e1ticas<br><\/strong>Prueba N\u00b02<\/p>\n\n\n\n<p>Nombre Profesora: Nataly Ortiz V.<br>Curso: 8\u00b0B<br>Fecha de la evaluaci\u00f3n: 08\/04\/2026<br>Contenido:<br>\u25cf Adici\u00f3n, sustracci\u00f3n, multiplicaci\u00f3n y divisi\u00f3n de Racionales.<br>\u25cf Ubicar Racionales en la recta num\u00e9rica.<br>\u25cf Representar racionales.<\/p>\n\n\n\n<p class=\"has-white-color has-vivid-red-background-color has-text-color has-background has-link-color wp-elements-5383f48e822dd0168d563130f657ac19\"><strong>Prueba Historia 8 b\u00e1sico B<\/strong><\/p>\n\n\n\n<p>Profesor: Sebasti\u00e1n Riquelme<\/p>\n\n\n\n<p>Fecha: Jueves 19 de Marzo<\/p>\n\n\n\n<p>Contenido: Humanismo y Renacimiento<\/p>\n\n\n\n<p class=\"has-white-color has-vivid-red-background-color has-text-color has-background has-link-color wp-elements-0a22124d43d81cea44414c0ffac0752c\"><strong>LECTURAS 1\u00b0 SEMESTRE<\/strong><\/p>\n\n\n\n<figure class=\"wp-block-table\"><table class=\"has-fixed-layout\"><tbody><tr><td colspan=\"3\"><strong>OCTAVO B\u00c1SICO B<\/strong><\/td><\/tr><tr><td><strong>T\u00edtulo<\/strong><\/td><td><strong>Autor<\/strong><\/td><td><strong>Fecha de aplicaci\u00f3n<\/strong><\/td><\/tr><tr><td><em>El lugar secreto<\/em><\/td><td>Jaime Herrera<\/td><td>Lunes 23 de marzo<\/td><\/tr><tr><td><em>La llamada de la selva<\/em><\/td><td>Jack London<\/td><td>Lunes 20 de abril<\/td><\/tr><tr><td><em>Asesinato en el Orient Express<\/em><\/td><td>Agatha Christie<\/td><td>Lunes 18 de mayo<\/td><\/tr><\/tbody><\/table><\/figure>\n\n\n\n<p class=\"has-white-color has-vivid-red-background-color has-text-color has-background has-link-color wp-elements-1130a010d463019bdea866c0a258b62e\"><strong>Evaluaci\u00f3n de Matem\u00e1ticas<br><\/strong>Prueba N\u00b01<\/p>\n\n\n\n<p>Nombre Profesora: Nataly Ortiz V.<br>Curso: 8\u00b0B<br>Fecha de la evaluaci\u00f3n: 18\/03\/2026<br>Contenido:<br>\u25cf Operatoria combinada de n\u00fameros enteros.<\/p>\n\n\n\n<p class=\"has-white-color has-vivid-red-background-color has-text-color has-background has-link-color wp-elements-511a9ce4e82995340ebea4eca02a9189\"><strong>Evaluaci\u00f3n de Matem\u00e1ticas<br><\/strong>Control N\u00b01<\/p>\n\n\n\n<p>Nombre Profesora: Nataly Ortiz V.<br>Curso: 8\u00b0B<br>Fecha de la evaluaci\u00f3n: 16\/03\/2026<br>Contenido:<br>\u25cf Multiplicaci\u00f3n y divisi\u00f3n de n\u00fameros enteros.<\/p>\n","protected":false},"excerpt":{"rendered":"<p>EVALUACI\u00d3N DE LENGUA Y LITERATURA [TIMBRES] Nombre Profesora: Jasm\u00edn Vargas Curso: 8vo b\u00e1sico B Fecha de la evaluaci\u00f3n: Martes 21\/04\/26 Contenido: Revisi\u00f3n de timbres de actividades de la Unidad 1&#8230;<\/p>\n<div class=\"royalnews-readmore-wrap\"><a href=\"https:\/\/www.northcross.cl\/index.php\/8-basico-2\/\" class=\"royalnews-readmore\">Explore more <i class=\"far fa-hand-point-right\"><\/i><\/a><\/div>\n","protected":false},"author":1,"featured_media":0,"parent":0,"menu_order":0,"comment_status":"closed","ping_status":"closed","template":"","meta":{"footnotes":""},"class_list":["post-4126","page","type-page","status-publish","hentry"],"_links":{"self":[{"href":"https:\/\/www.northcross.cl\/index.php\/wp-json\/wp\/v2\/pages\/4126","targetHints":{"allow":["GET"]}}],"collection":[{"href":"https:\/\/www.northcross.cl\/index.php\/wp-json\/wp\/v2\/pages"}],"about":[{"href":"https:\/\/www.northcross.cl\/index.php\/wp-json\/wp\/v2\/types\/page"}],"author":[{"embeddable":true,"href":"https:\/\/www.northcross.cl\/index.php\/wp-json\/wp\/v2\/users\/1"}],"replies":[{"embeddable":true,"href":"https:\/\/www.northcross.cl\/index.php\/wp-json\/wp\/v2\/comments?post=4126"}],"version-history":[{"count":20,"href":"https:\/\/www.northcross.cl\/index.php\/wp-json\/wp\/v2\/pages\/4126\/revisions"}],"predecessor-version":[{"id":15385,"href":"https:\/\/www.northcross.cl\/index.php\/wp-json\/wp\/v2\/pages\/4126\/revisions\/15385"}],"wp:attachment":[{"href":"https:\/\/www.northcross.cl\/index.php\/wp-json\/wp\/v2\/media?parent=4126"}],"curies":[{"name":"wp","href":"https:\/\/api.w.org\/{rel}","templated":true}]}}