{"id":4121,"date":"2020-03-04T14:46:55","date_gmt":"2020-03-04T14:46:55","guid":{"rendered":"http:\/\/www.northcross.cl\/?page_id=4121"},"modified":"2026-04-17T12:40:40","modified_gmt":"2026-04-17T16:40:40","slug":"7-basico-2","status":"publish","type":"page","link":"https:\/\/www.northcross.cl\/index.php\/7-basico-2\/","title":{"rendered":"7\u00b0 B\u00c1SICO A    PRUEBAS Y EVALUACIONES"},"content":{"rendered":"\n<p class=\"has-white-color has-vivid-red-background-color has-text-color has-background has-link-color wp-elements-04cbafffc75c7df626b4fb2ecf281594\"><strong>Evaluaci\u00f3n de Matem\u00e1ticas<br><\/strong>Control N\u00b03<\/p>\n\n\n\n<p>Nombre Profesora: Nataly Ortiz V.<br>Curso: 7\u00b0A<br>Fecha de la evaluaci\u00f3n: 21\/04\/2026<br>Contenido:<br>\u25cf Porcentaje<\/p>\n\n\n\n<p class=\"has-white-color has-vivid-red-background-color has-text-color has-background has-link-color wp-elements-14b0c937c91c1ae2390ea1cb77ebabef\"><strong>Evaluaci\u00f3n de Matem\u00e1ticas<br><\/strong>Prueba N\u00b03<\/p>\n\n\n\n<p>Nombre Profesora: Nataly Ortiz V.<br>Curso: 7\u00b0A<br>Fecha de la evaluaci\u00f3n: 05\/05\/2026<br>Contenido:<br>\u25cf Porcentaje<\/p>\n\n\n\n<p class=\"has-white-color has-vivid-red-background-color has-text-color has-background has-link-color wp-elements-fdd2d8cab909fc5c5d4a4791c5047667\"><strong>Historia, geograf\u00eda y ciencias sociales<\/strong><\/p>\n\n\n\n<p>Prueba 7A<\/p>\n\n\n\n<p>Fecha: Mi\u00e9rcoles 15 de Abril<\/p>\n\n\n\n<p>Profesor: Sebasti\u00e1n Riquelme<\/p>\n\n\n\n<p>Temario: Caracterizaci\u00f3n de las primeras civilizaciones<\/p>\n\n\n\n<p class=\"has-white-color has-vivid-red-background-color has-text-color has-background has-link-color wp-elements-b44141668391e514671fcedbd9b930f9\">Evaluaci\u00f3n de Ingl\u00e9s<\/p>\n\n\n\n<p>Nombre Profesor: Daniel Jeria Ram\u00edrez.<br>Curso: 7mo A<br>Fecha de la evaluaci\u00f3n: lunes 6 de abril.<br>Contenidos:<br>Many\/much<br>Few\/many<br>Some\/any<br>Vocabulario (adjetivos, contables y no contables)<br>Comprensi\u00f3n lectora texto p\u00e1gina 10 (Color Psychology)<\/p>\n\n\n\n<p class=\"has-white-color has-vivid-red-background-color has-text-color has-background has-link-color wp-elements-3455959bf894d3c5217dcabb47130e73\"><strong>(Evaluaci\u00f3n de M\u00fasica)<\/strong><\/p>\n\n\n\n<p>Nombre Profesor(a): Gabriel L\u00f3pez Carroza<br>Curso: 7mo b\u00e1sico A<br>Fecha de la evaluaci\u00f3n: 2 de Abril<br>Contenido: Evaluaci\u00f3n sobre pentagrama. Identificar notas musicales en pentagrama, leer y<br>cantar notas respetando figuras r\u00edtmicas.<\/p>\n\n\n\n<p class=\"has-white-color has-vivid-red-background-color has-text-color has-background has-link-color wp-elements-4ef0c80f056349288e734d1f67e56df7\"><strong>(Evaluaci\u00f3n de Tecnolog\u00eda)<\/strong><\/p>\n\n\n\n<p>Nombre Profesora: Alejandra Gonz\u00e1lez<br>Curso: 7mo A<br>Fecha de la evaluaci\u00f3n: 06 de Abril<br>Contenido: Entrega de mejoras del colegio<\/p>\n\n\n\n<p class=\"has-white-color has-vivid-red-background-color has-text-color has-background has-link-color wp-elements-572661008a682bb7d56c1d60d5970219\"><strong>(Evaluaci\u00f3n de Artes Visuales)<\/strong><\/p>\n\n\n\n<p>Nombre Profesora: Alejandra Gonz\u00e1lez<br>Curso: 7mo A<br>Fecha de la evaluaci\u00f3n: 08 de Abril<br>Contenido: Entrega de obra visual: Carnaval + iconos sociales<\/p>\n\n\n\n<p class=\"has-white-color has-vivid-red-background-color has-text-color has-background has-link-color wp-elements-b75e8b4b4920bd55f6427d8f7898a815\"><strong>Evaluaci\u00f3n de Unidad 1 (Lengua y Literatura)<\/strong><\/p>\n\n\n\n<p>Nombre Profesor: V\u00edctor Herrera<br>Curso: 7\u00b0 A<br>Fecha de la evaluaci\u00f3n: mi\u00e9rcoles 8 de abril de 2026<br>Contenido:<br>An\u00e1lisis e interpretaci\u00f3n de textos narrativos, considerando:<br>\uf0b7 Conflictos y sus tipos (conflicto interno, conflicto externo o superior, conflicto entre<br>personajes).<br>\uf0b7 Estilos narrativos (directo e indirecto).<\/p>\n\n\n\n<p class=\"has-white-color has-vivid-red-background-color has-text-color has-background has-link-color wp-elements-9c324f8f25bde09e2e592e1c74bd64de\"><strong>Evaluaci\u00f3n de Lectura complementaria (Lengua y Literatura)<\/strong><\/p>\n\n\n\n<p>Nombre Profesor: V\u00edctor Herrera<br>Curso: 7\u00b0 A<br>Fecha de la evaluaci\u00f3n: mi\u00e9rcoles 22 de abril de 2026<br>Contenido: \u201cMi planta de naranja lima\u201d de Jos\u00e9 Mauro de Vasconcelos<\/p>\n\n\n\n<p class=\"has-white-color has-vivid-red-background-color has-text-color has-background has-link-color wp-elements-c41d8ef8535a4cc0ba7ded0e9eeb6049\"><strong>EDUCACI\u00d3N F\u00cdSICA Y SALUD<\/strong><\/p>\n\n\n\n<p>Nombre Profesor(a):Ljubab Antonella Espinosa<br>Curso: 7mo B\u00e1sico A<br>Fecha de la evaluaci\u00f3n: 09\/04<br>Realizan circuito de salto en cuerda: salto avanzando, salto en un pie, en el otro y salto a pie<br>junto.<br>Fecha de la evaluaci\u00f3n: 23\/04<br>Realizan a lo menos dos destrezas gimnasticas a elecci\u00f3n.<\/p>\n\n\n\n<p class=\"has-white-color has-vivid-red-background-color has-text-color has-background has-link-color wp-elements-2c66387b68627096ebfb7b4a4540f14f\"><strong>Evaluaci\u00f3n de Matem\u00e1ticas<br><\/strong>Control N\u00b02<\/p>\n\n\n\n<p>Nombre Profesora: Nataly Ortiz V.<br>Curso: 7\u00b0A<br>Fecha de la evaluaci\u00f3n: 31\/03\/2026<br>Contenido:<br>\u25cf Multiplicaci\u00f3n y divisi\u00f3n de n\u00fameros decimales y fracciones.<\/p>\n\n\n\n<p class=\"has-white-color has-vivid-red-background-color has-text-color has-background has-link-color wp-elements-dff396cf559b3cb114a04de6dbc6b06b\"><strong>Evaluaci\u00f3n de Matem\u00e1ticas<br><\/strong>Prueba N\u00b02<\/p>\n\n\n\n<p>Nombre Profesora: Nataly Ortiz V.<br>Curso: 7\u00b0A<br>Fecha de la evaluaci\u00f3n: 17\/03\/2026<br>Contenido:<br>\u25cf Multiplicar y dividir n\u00fameros decimales y fracciones.<br>\u25cf Representar fracciones como n\u00famero decimal y viceversa.<br>\u25cf Operatoria combinada.<\/p>\n\n\n\n<p class=\"has-white-color has-vivid-red-background-color has-text-color has-background has-link-color wp-elements-9d3f3166a2211f6bfc12aca44598af93\"><strong>Gu\u00eda con cuaderno Ciencias naturales 7\u00b0 A<\/strong><\/p>\n\n\n\n<p>31\/03<\/p>\n\n\n\n<p>Contenidos: Fuerzas, representaci\u00f3n de las fuerzas, c\u00e1lculo de fuerza neta.<\/p>\n\n\n\n<p class=\"has-white-color has-vivid-red-background-color has-text-color has-background has-link-color wp-elements-9c324f8f25bde09e2e592e1c74bd64de\"><strong>Evaluaci\u00f3n de Lectura complementaria (Lengua y Literatura)<\/strong><\/p>\n\n\n\n<p>Nombre Profesor: V\u00edctor Herrera<br>Curso: 7\u00b0 A<br>Fecha de la evaluaci\u00f3n: mi\u00e9rcoles 25 de marzo de 2026<br>Contenido: \u201cSin Az\u00facar\u201d de Daniela M\u00e1rquez Colodro<\/p>\n\n\n\n<p class=\"has-white-color has-vivid-red-background-color has-text-color has-background has-link-color wp-elements-1130a010d463019bdea866c0a258b62e\"><strong>Evaluaci\u00f3n de Matem\u00e1ticas<br><\/strong>Prueba N\u00b01<\/p>\n\n\n\n<p>Nombre Profesora: Nataly Ortiz V.<br>Curso: 7\u00b0A<br>Fecha de la evaluaci\u00f3n: 17\/03\/2026<br>Contenido:<br>\u25cf Comparar, ordenar y ubicar n\u00fameros enteros.<br>\u25cf Adici\u00f3n y sustracci\u00f3n de n\u00fameros enteros.<\/p>\n\n\n\n<p class=\"has-white-color has-vivid-red-background-color has-text-color has-background has-link-color wp-elements-511a9ce4e82995340ebea4eca02a9189\"><strong>Evaluaci\u00f3n de Matem\u00e1ticas<br><\/strong>Control N\u00b01<\/p>\n\n\n\n<p>Nombre Profesora: Nataly Ortiz V.<br>Curso: 7\u00b0A<br>Fecha de la evaluaci\u00f3n: 16\/03\/2026<br>Contenido:<br>\u25cf Adici\u00f3n y sustracci\u00f3n de n\u00fameros enteros.<\/p>\n\n\n\n<p><\/p>\n","protected":false},"excerpt":{"rendered":"<p>Evaluaci\u00f3n de Matem\u00e1ticasControl N\u00b03 Nombre Profesora: Nataly Ortiz V.Curso: 7\u00b0AFecha de la evaluaci\u00f3n: 21\/04\/2026Contenido:\u25cf Porcentaje Evaluaci\u00f3n de Matem\u00e1ticasPrueba N\u00b03 Nombre Profesora: Nataly Ortiz V.Curso: 7\u00b0AFecha de la evaluaci\u00f3n: 05\/05\/2026Contenido:\u25cf Porcentaje&#8230;<\/p>\n<div class=\"royalnews-readmore-wrap\"><a href=\"https:\/\/www.northcross.cl\/index.php\/7-basico-2\/\" class=\"royalnews-readmore\">Explore more <i class=\"far fa-hand-point-right\"><\/i><\/a><\/div>\n","protected":false},"author":1,"featured_media":0,"parent":0,"menu_order":0,"comment_status":"closed","ping_status":"closed","template":"","meta":{"footnotes":""},"class_list":["post-4121","page","type-page","status-publish","hentry"],"_links":{"self":[{"href":"https:\/\/www.northcross.cl\/index.php\/wp-json\/wp\/v2\/pages\/4121","targetHints":{"allow":["GET"]}}],"collection":[{"href":"https:\/\/www.northcross.cl\/index.php\/wp-json\/wp\/v2\/pages"}],"about":[{"href":"https:\/\/www.northcross.cl\/index.php\/wp-json\/wp\/v2\/types\/page"}],"author":[{"embeddable":true,"href":"https:\/\/www.northcross.cl\/index.php\/wp-json\/wp\/v2\/users\/1"}],"replies":[{"embeddable":true,"href":"https:\/\/www.northcross.cl\/index.php\/wp-json\/wp\/v2\/comments?post=4121"}],"version-history":[{"count":15,"href":"https:\/\/www.northcross.cl\/index.php\/wp-json\/wp\/v2\/pages\/4121\/revisions"}],"predecessor-version":[{"id":15425,"href":"https:\/\/www.northcross.cl\/index.php\/wp-json\/wp\/v2\/pages\/4121\/revisions\/15425"}],"wp:attachment":[{"href":"https:\/\/www.northcross.cl\/index.php\/wp-json\/wp\/v2\/media?parent=4121"}],"curies":[{"name":"wp","href":"https:\/\/api.w.org\/{rel}","templated":true}]}}