{"id":4111,"date":"2020-03-04T14:46:19","date_gmt":"2020-03-04T14:46:19","guid":{"rendered":"http:\/\/www.northcross.cl\/?page_id=4111"},"modified":"2026-03-27T13:17:59","modified_gmt":"2026-03-27T16:17:59","slug":"6-basico-a-2","status":"publish","type":"page","link":"https:\/\/www.northcross.cl\/index.php\/6-basico-a-2\/","title":{"rendered":"6\u00b0 B\u00c1SICO A PRUEBAS Y EVALUACIONES"},"content":{"rendered":"\n<p class=\"has-white-color has-vivid-red-background-color has-text-color has-background has-link-color wp-elements-572661008a682bb7d56c1d60d5970219\"><strong>(Evaluaci\u00f3n de Artes Visuales)<\/strong><\/p>\n\n\n\n<p>Nombre Profesora: Alejandra Gonz\u00e1lez<br>Curso: 6to b\u00e1sico<br>Fecha de la evaluaci\u00f3n: 08 de Abril<br>Contenido: Entrega de obra visual: Paisaje + texturas visuales<\/p>\n\n\n\n<p class=\"has-white-color has-vivid-red-background-color has-text-color has-background has-link-color wp-elements-4ef0c80f056349288e734d1f67e56df7\"><strong>(Evaluaci\u00f3n de Tecnolog\u00eda)<\/strong><\/p>\n\n\n\n<p>Nombre Profesora: Alejandra Gonz\u00e1lez<br>Curso: 6to b\u00e1sico<br>Fecha de la evaluaci\u00f3n: 01 de Abril<br>Contenido: Revisi\u00f3n de mini basurero<\/p>\n\n\n\n<p class=\"has-white-color has-vivid-red-background-color has-text-color has-background has-link-color wp-elements-d0886c0d06bcfe98b200009042ac287d\"><strong>(PRUEBA DE CIENCIAS NATURALES )<\/strong><\/p>\n\n\n\n<p>Nombre Profesor(a): Victoria Berrueta Reyes<br>Curso: 6 B\u00e1sico<br>Fecha de la evaluaci\u00f3n: Viernes 10 de Abril<br>CONTENIDOS<br>Unidad 1 Completa<br>CAPAS DE LA TIERRA, IMPORTANCIA, CUIDADOS<br>ATMOSFERA<br>NOMBRE DE GASES DE LA TIERRA<br>HIDROSFERA<br>CICLO DEL AGUA<br>LITOSFERA<br>SUELO<br>EROSION DEL SUELO<\/p>\n\n\n\n<p class=\"has-white-color has-vivid-red-background-color has-text-color has-background has-link-color wp-elements-c41d8ef8535a4cc0ba7ded0e9eeb6049\"><strong>EDUCACI\u00d3N F\u00cdSICA Y SALUD<\/strong><\/p>\n\n\n\n<p>Nombre Profesor(a):Ljubab Antonella Espinosa<br>Curso: 6to B\u00e1sico<br>Fecha de la evaluaci\u00f3n: 10\/04<br>En grupos son capaces de realizar el calentamiento inicial de la clase a partir de la semana 4.<\/p>\n\n\n\n<ul class=\"wp-block-list\">\n<li>Movilidad articular<\/li>\n\n\n\n<li>Estiramientos<\/li>\n\n\n\n<li>Ejercicio cardiovascular<br>Fecha de la evaluaci\u00f3n: 17\/04<br>Individualmente recorren circuito de obst\u00e1culos boteando el bal\u00f3n de basquetbol con la mano<br>derecha y luego con la izquierda.<\/li>\n<\/ul>\n\n\n\n<p class=\"has-white-color has-vivid-red-background-color has-text-color has-background has-link-color wp-elements-2c66387b68627096ebfb7b4a4540f14f\"><strong>Evaluaci\u00f3n de Matem\u00e1ticas<br><\/strong>Control N\u00b02<\/p>\n\n\n\n<p>Nombre Profesora: Nataly Ortiz V.<br>Curso: 6\u00b0A<br>Fecha de la evaluaci\u00f3n: 02\/04\/2026<br>Contenido:<br>\u25cf Multiplicaci\u00f3n y divisi\u00f3n de n\u00famero decimal por un n\u00famero natural.<\/p>\n\n\n\n<p class=\"has-white-color has-vivid-red-background-color has-text-color has-background has-link-color wp-elements-dff396cf559b3cb114a04de6dbc6b06b\"><strong>Evaluaci\u00f3n de Matem\u00e1ticas<br><\/strong>Prueba N\u00b02<\/p>\n\n\n\n<p>Nombre Profesora: Nataly Ortiz V.<br>Curso: 6\u00b0A<br>Fecha de la evaluaci\u00f3n: 09\/04\/2026<br>Contenido:<br>\u25cf Cap\u00edtulo 2 y 4:Multiplicaci\u00f3n y divisi\u00f3n de n\u00famero decimal por un n\u00famero natural. p\u00e1g.<br>52 a la 72<\/p>\n\n\n\n<p class=\"has-white-color has-vivid-red-background-color has-text-color has-background has-link-color wp-elements-7f8e00dd3240e3c9e2bd93f0e5d9a592\"><strong>Evaluaci\u00f3n de Historia<\/strong><\/p>\n\n\n\n<p><br>Nombre Profesor(a): Liang Lay Roco<br>Curso: 6\u00b0B\u00e1sico<br>Fecha de la evaluaci\u00f3n: 24 de marzo<br>Contenido: Rep\u00fablica Democr\u00e1tica<\/p>\n\n\n\n<ul class=\"wp-block-list\">\n<li>Rep\u00fablica Democr\u00e1tica<\/li>\n\n\n\n<li>Constituci\u00f3n<\/li>\n\n\n\n<li>Poderes del Estado<\/li>\n\n\n\n<li>Voto y representantes<\/li>\n<\/ul>\n\n\n\n<p class=\"has-white-color has-vivid-red-background-color has-text-color has-background has-link-color wp-elements-b9eecc0a0d5ccb74b0561003f63bb4ae\"><strong>Evaluaci\u00f3n de Lenguaje y Comunicaci\u00f3n<\/strong><\/p>\n\n\n\n<p>Nombre Profesor(a): Javiera Parra<br>Curso: 6to b\u00e1sico<br>Fecha de la evaluaci\u00f3n: Lunes 23 de marzo<br>Contenidos: Lectura complementaria \u201cC\u00f3mo domesticar a tus pap\u00e1s\u201d<\/p>\n\n\n\n<hr class=\"wp-block-separator has-alpha-channel-opacity\"\/>\n\n\n\n<p class=\"has-white-color has-vivid-red-background-color has-text-color has-background has-link-color wp-elements-b9eecc0a0d5ccb74b0561003f63bb4ae\"><strong>Evaluaci\u00f3n de Lenguaje y Comunicaci\u00f3n<\/strong><\/p>\n\n\n\n<p>Nombre Profesor(a): Javiera Parra<br>Curso: 6to b\u00e1sico<br>Fecha de la evaluaci\u00f3n: Lunes 27 de abril.<br>Contenidos: Lectura complementaria \u201cEl terror del sexto B\u201d<\/p>\n\n\n\n<hr class=\"wp-block-separator has-alpha-channel-opacity\"\/>\n\n\n\n<p class=\"has-white-color has-vivid-red-background-color has-text-color has-background has-link-color wp-elements-b9eecc0a0d5ccb74b0561003f63bb4ae\"><strong>Evaluaci\u00f3n de Lenguaje y Comunicaci\u00f3n<\/strong><\/p>\n\n\n\n<p>Nombre Profesor(a): Javiera Parra<br>Curso: 6to b\u00e1sico<br>Fecha de la evaluaci\u00f3n: Lunes 25 de mayo.<br>Contenidos: Lectura complementaria \u201cLas brujas\u201d<\/p>\n\n\n\n<p class=\"has-white-color has-vivid-red-background-color has-text-color has-background has-link-color wp-elements-1130a010d463019bdea866c0a258b62e\"><strong>Evaluaci\u00f3n de Matem\u00e1ticas<br><\/strong>Prueba N\u00b01<\/p>\n\n\n\n<p>Nombre Profesora: Nataly Ortiz V.<br>Curso: 6\u00b0A<br>Fecha de la evaluaci\u00f3n: 19\/03\/2026<br>Contenido:<br>\u25cf Cap\u00edtulo 1: Operatoria combinada desde la p\u00e1gina 10 a la 23.<\/p>\n\n\n\n<p class=\"has-white-color has-vivid-red-background-color has-text-color has-background has-link-color wp-elements-511a9ce4e82995340ebea4eca02a9189\"><strong>Evaluaci\u00f3n de Matem\u00e1ticas<br><\/strong>Control N\u00b01<\/p>\n\n\n\n<p>Nombre Profesora: Nataly Ortiz V.<br>Curso: 6\u00b0A<br>Fecha de la evaluaci\u00f3n: 12\/03\/2026<br>Contenido:<br>\u25cf Operatoria combinada. Cap\u00edtulo 1<\/p>\n\n\n\n<p><\/p>\n","protected":false},"excerpt":{"rendered":"<p>(Evaluaci\u00f3n de Artes Visuales) Nombre Profesora: Alejandra Gonz\u00e1lezCurso: 6to b\u00e1sicoFecha de la evaluaci\u00f3n: 08 de AbrilContenido: Entrega de obra visual: Paisaje + texturas visuales (Evaluaci\u00f3n de Tecnolog\u00eda) Nombre Profesora: Alejandra&#8230;<\/p>\n<div class=\"royalnews-readmore-wrap\"><a href=\"https:\/\/www.northcross.cl\/index.php\/6-basico-a-2\/\" class=\"royalnews-readmore\">Explore more <i class=\"far fa-hand-point-right\"><\/i><\/a><\/div>\n","protected":false},"author":1,"featured_media":0,"parent":0,"menu_order":0,"comment_status":"closed","ping_status":"closed","template":"","meta":{"footnotes":""},"class_list":["post-4111","page","type-page","status-publish","hentry"],"_links":{"self":[{"href":"https:\/\/www.northcross.cl\/index.php\/wp-json\/wp\/v2\/pages\/4111","targetHints":{"allow":["GET"]}}],"collection":[{"href":"https:\/\/www.northcross.cl\/index.php\/wp-json\/wp\/v2\/pages"}],"about":[{"href":"https:\/\/www.northcross.cl\/index.php\/wp-json\/wp\/v2\/types\/page"}],"author":[{"embeddable":true,"href":"https:\/\/www.northcross.cl\/index.php\/wp-json\/wp\/v2\/users\/1"}],"replies":[{"embeddable":true,"href":"https:\/\/www.northcross.cl\/index.php\/wp-json\/wp\/v2\/comments?post=4111"}],"version-history":[{"count":11,"href":"https:\/\/www.northcross.cl\/index.php\/wp-json\/wp\/v2\/pages\/4111\/revisions"}],"predecessor-version":[{"id":15248,"href":"https:\/\/www.northcross.cl\/index.php\/wp-json\/wp\/v2\/pages\/4111\/revisions\/15248"}],"wp:attachment":[{"href":"https:\/\/www.northcross.cl\/index.php\/wp-json\/wp\/v2\/media?parent=4111"}],"curies":[{"name":"wp","href":"https:\/\/api.w.org\/{rel}","templated":true}]}}