{"id":4090,"date":"2020-03-04T14:29:52","date_gmt":"2020-03-04T14:29:52","guid":{"rendered":"http:\/\/www.northcross.cl\/?page_id=4090"},"modified":"2026-04-20T15:56:08","modified_gmt":"2026-04-20T19:56:08","slug":"3-ano-basico","status":"publish","type":"page","link":"https:\/\/www.northcross.cl\/index.php\/3-ano-basico\/","title":{"rendered":"3\u00b0 B\u00c1SICO PRUEBAS Y EVALUACIONES"},"content":{"rendered":"\n<p class=\"has-white-color has-vivid-red-background-color has-text-color has-background has-link-color wp-elements-b374389a9683479fbbfaed1ceab818ec\"><strong>EVALUACI\u00d3N PROYECTO DE COMPRENSI\u00d3N LECTORA \u201cLECT\u00d3POLIS\u201d<\/strong><\/p>\n\n\n\n<p class=\"has-black-color has-text-color has-link-color wp-elements-b673b24132b0f6a0f4feecf4851032a0\"><strong><br><\/strong>Nombre Profesora: Vanessa D\u00edaz Car\u00fa<br>Curso: 3\u00b0 y 4\u00b0 b\u00e1sico<br>Asignatura: Lenguaje y Comunicaci\u00f3n<br>Fecha de la evaluaci\u00f3n:<br>Evaluaci\u00f3n Unidad 1:<br>El avance de los estudiantes ser\u00e1 evaluado de manera parcial en cada lecci\u00f3n desarrollada<br>durante la Unidad 1. Estas evaluaciones se ir\u00e1n acumulando y dar\u00e1n origen a una<br>calificaci\u00f3n final de la unidad.<br>Flexibilizaci\u00f3n evaluativa:<br>Con el objetivo de fortalecer la motivaci\u00f3n y favorecer la confianza de los estudiantes, se<br>eliminar\u00e1 del promedio final la calificaci\u00f3n m\u00e1s baja obtenida, la cual podr\u00e1 corresponder a<br>una o dos evaluaciones, dependiendo de la cantidad total de notas registradas durante la<br>unidad.<br>Evaluaci\u00f3n intermedia \u2013 Junio:<br>Durante el mes de junio, todos los estudiantes participantes del proyecto rendir\u00e1n una<br>evaluaci\u00f3n intermedia de Lect\u00f3polis, la cual medir\u00e1 las habilidades lectoras trabajadas hasta<br>ese momento. Esta evaluaci\u00f3n ser\u00e1 aplicada por la Editorial Santillana y su calificaci\u00f3n ser\u00e1<br>registrada directamente en el libro de clases, sin promediarse con otras evaluaciones.<br>Objetivo: Desarrollar y fortalecer las habilidades lectoras de los estudiantes mediante una<br>pr\u00e1ctica de lectura continua, profunda y permanente, que favorezca la comprensi\u00f3n de<br>textos, el pensamiento cr\u00edtico, la formaci\u00f3n de un criterio personal y la construcci\u00f3n de una<br>postura frente al mundo, en concordancia con las Bases Curriculares y los est\u00e1ndares de<br>aprendizaje establecidos.<\/p>\n\n\n\n<p class=\"has-white-color has-vivid-red-background-color has-text-color has-background has-link-color wp-elements-ca0df4f0cbdcf7b4fa1cbdefb4b167dc\"><strong>Prueba de Matem\u00e1tica<\/strong><\/p>\n\n\n\n<p>Curso: tercer a\u00f1o b\u00e1sico<br>Fecha: viernes 24 de abril<br>Contenido:<br>Cap\u00edtulo 2 \u201cAdici\u00f3n en forma vertical\u201d<br>\uf0fc Adiciones de manera vertical de n\u00fameros de hasta 3 d\u00edgitos con y sin reserva o<br>reagrupamiento.<br>\uf0fc Propiedades de la adici\u00f3n \/Estrategias para facilitar la adici\u00f3n.<br>\uf0fc Resoluci\u00f3n de problemas<br>Texto del estudiante tomo 1 p\u00e1g. 35 a 58<\/p>\n\n\n\n<p class=\"has-white-color has-vivid-red-background-color has-text-color has-background has-link-color wp-elements-2d2ad041347fc50ed3013eddd99f3e03\"><strong>EVALUACI\u00d3N PARCIAL UNIDAD I<\/strong><\/p>\n\n\n\n<p><br>Nombre Profesora: Vanessa D\u00edaz Car\u00fa<br>Curso: 3\u00b0 b\u00e1sico<br>Asignatura: Historia, Geo. y C. S.<br>Fecha de la evaluaci\u00f3n: 21 de abril<br>Objetivo: * Evaluar el reconocimiento y la comprensi\u00f3n de los principales elementos<br>geogr\u00e1ficos del mundo y de Chile, identificando oc\u00e9anos, continentes y zonas clim\u00e1ticas,<br>mediante la localizaci\u00f3n y caracterizaci\u00f3n de estos en distintos contextos, demostrando<br>habilidades de observaci\u00f3n, ubicaci\u00f3n espacial y comprensi\u00f3n del entorno geogr\u00e1fico.<\/p>\n\n\n\n<p class=\"has-white-color has-vivid-red-background-color has-text-color has-background has-link-color wp-elements-3455959bf894d3c5217dcabb47130e73\"><strong>(Evaluaci\u00f3n de M\u00fasica)<\/strong><\/p>\n\n\n\n<p>Nombre Profesor(a): Gabriel L\u00f3pez Carroza<br>Curso: 3ro b\u00e1sico<br>Fecha de la evaluaci\u00f3n: 8 de Abril<br>Contenido: Evaluaci\u00f3n de instrumentos musicales andinos y sus caracter\u00edsticas (quena, siku,<br>charango y bombo leg\u00fcero), y m\u00fasica folcl\u00f3rica de Chile vista en clases: zona norte, centro y sur.<\/p>\n\n\n\n<p class=\"has-white-color has-vivid-red-background-color has-text-color has-background has-link-color wp-elements-6aff8e81e7c10c8e76ae3f6121fbe9fb\"><strong>Evaluaci\u00f3n de Ingl\u00e9s<\/strong><\/p>\n\n\n\n<p>Nombre Profesor(a): David Ibarra Soto<br>Curso: Tercero b\u00e1sico<br>Fecha de la evaluaci\u00f3n: Martes 14 de Abril<br>Contenidos:<\/p>\n\n\n\n<ul class=\"wp-block-list\">\n<li>Abecedario hasta letra N<\/li>\n\n\n\n<li>N\u00fameros hasta el 20<\/li>\n\n\n\n<li>Objetos sala de clases (copybook, book, pencil, crayon, ruler)<\/li>\n\n\n\n<li>Colores (yellow, red, blue, orange, purple, green, pink)<\/li>\n<\/ul>\n\n\n\n<p class=\"has-white-color has-vivid-red-background-color has-text-color has-background has-link-color wp-elements-242a990f30f19f94296f2a046dd1330e\"><strong>Prueba de Ciencias Naturales<\/strong><\/p>\n\n\n\n<p>Curso: Tercer a\u00f1o b\u00e1sico<br>Fecha: jueves 9 de abril<br>Contenido:<br>Unidad 1:<br>Lecci\u00f3n 1: \u00bfQu\u00e9 es la luz?<br>\uf0fc Qu\u00e9 es la luz<br>\uf0fc Describir la forma en que se propaga la luz<br>\uf0fc Reconocer fuentes luminosas naturales y artificiales<br>\uf0fc Caracter\u00edsticas de los materiales, transparentes, trasl\u00facidos y opacos.<br>\uf0fc Entender c\u00f3mo se generan las sombras.<br>\uf0fc Entender la Reflexi\u00f3n propiedad de la luz que nos permite ver<br>\uf0fc Entender la Descomposici\u00f3n de la luz<br>Contenido en cuaderno y texto del estudiante p\u00e1g. 48-49-51-52-57-59<\/p>\n\n\n\n<p class=\"has-white-color has-vivid-red-background-color has-text-color has-background has-link-color wp-elements-c41d8ef8535a4cc0ba7ded0e9eeb6049\"><strong>EDUCACI\u00d3N F\u00cdSICA Y SALUD<\/strong><\/p>\n\n\n\n<p>Nombre Profesor(a):Ljubab Antonella Espinosa<br>Curso: 3ro B\u00e1sico<br>Fecha de la evaluaci\u00f3n: 01\/04<br>Circuito motriz: se ubican seis conos a una distancia de un metro entre cada uno en zigzag.<br>Luego se traza una l\u00ednea de tres metros en el suelo. Posteriormente, se se\u00f1ala un trayecto de<br>diez metros con conos. Cada estudiante recorre el trayecto en zigzag, d\u00e1ndole botes a un bal\u00f3n.<br>Luego, camina sobre la l\u00ednea, manteniendo el control del bal\u00f3n mientras da botes. Y en el<br>espacio delimitado con los conos, trotan lanzando el bal\u00f3n hacia arriba y lo toman con ambas<br>manos.<br>Fecha de la evaluaci\u00f3n: 28\/04<br>Lanzar pelotitas dentro de un cono, individual y luego en parejas<\/p>\n\n\n\n<p class=\"has-white-color has-vivid-red-background-color has-text-color has-background has-link-color wp-elements-abaa7e753b9b2a3f348bf2e521d81ece\"><strong>Evaluaci\u00f3n de la asignatura de Artes Visuales<\/strong><\/p>\n\n\n\n<p>Profesora: Sasha Moya<\/p>\n\n\n\n<p>Fecha: <strong>lunes 30 de marzo<\/strong><\/p>\n\n\n\n<p><strong>Contenido a evaluar:<\/strong><\/p>\n\n\n\n<ul class=\"wp-block-list\">\n<li>Luz<\/li>\n\n\n\n<li>Sombra<\/li>\n\n\n\n<li>Achurado<\/li>\n<\/ul>\n\n\n\n<p><strong>Materiales que deben traer:<\/strong><\/p>\n\n\n\n<ul class=\"wp-block-list\">\n<li>Block medium<\/li>\n\n\n\n<li>L\u00e1piz grafito<\/li>\n\n\n\n<li>Goma<\/li>\n\n\n\n<li><\/li>\n<\/ul>\n\n\n\n<p class=\"has-white-color has-vivid-red-background-color has-text-color has-background has-link-color wp-elements-ca0df4f0cbdcf7b4fa1cbdefb4b167dc\"><strong>Prueba de Matem\u00e1tica<\/strong><\/p>\n\n\n\n<p>Curso: Tercer a\u00f1o b\u00e1sico<br>Fecha: lunes 30 de marzo<br>Contenido:<br>Cap\u00edtulo 1 N\u00fameros hasta mil<br>En n\u00fameros hasta 1.000.<br>\uf0fc Cuantificar colecciones<br>\uf0fc Leer y escribir<br>\uf0fc Representar<br>\uf0fc Ordenar y comparar<br>\uf0fc Ubicar en la recta<br>\uf0fc Reconocen centenas, decenas y unidades en un n\u00famero.<br>\uf0fc Completar secuencias<br>\uf0fc Sumas y restas de m\u00faltiplos de 10, ejemplo: 30+40, 120 \u2013 30<br>Texto del estudiante tomo 1 p\u00e1g. 11 a 33<\/p>\n\n\n\n<p class=\"has-white-color has-vivid-red-background-color has-text-color has-background has-link-color wp-elements-2d2ad041347fc50ed3013eddd99f3e03\"><strong>EVALUACI\u00d3N PARCIAL UNIDAD I<\/strong><\/p>\n\n\n\n<p><br>Nombre Profesora: Vanessa D\u00edaz Car\u00fa<br>Curso: 3\u00b0 b\u00e1sico<br>Asignatura: Historia, Geo. y C. S.<br>Fecha de la evaluaci\u00f3n: 24 de marzo<br>Objetivo: Reconocer e identificar las principales l\u00edneas imaginarias de la Tierra, aplicando<br>conceptos b\u00e1sicos de geograf\u00eda.<\/p>\n\n\n\n<p class=\"has-white-color has-vivid-red-background-color has-text-color has-background has-link-color wp-elements-da8ecd99a12b325a0715c0f523b18c0c\"><strong>EVALUACI\u00d3N LECTURA COMPLEMENTARIA MENSUAL I SEMESTRE<\/strong><\/p>\n\n\n\n<p><br>Nombre Profesora: Vanessa D\u00edaz Car\u00fa<br>Curso: 3\u00b0 b\u00e1sico<br>Fecha de la evaluaci\u00f3n: 26 de marzo:&nbsp;=&nbsp;La cama m\u00e1gica de Bartolo (Mauricio Paredes)<br>23 de abril:&nbsp;=&nbsp;Historias de Ninguno (Pilar Mateos)<br>28 de mayo&nbsp;=&nbsp;El lugar m\u00e1s&nbsp;bonito del mundo (Ann Cameron)<br>Objetivo: *Evaluar la comprensi\u00f3n de lectura del texto le\u00eddo, as\u00ed como la expresi\u00f3n escrita,<br>la redacci\u00f3n y organizaci\u00f3n de ideas, por medio de:<\/p>\n\n\n\n<ul class=\"wp-block-list\">\n<li>Definir y recordar aspectos relevantes del texto.<\/li>\n\n\n\n<li>Identificar y comprender ideas principales y secundarias de la lectura.<\/li>\n\n\n\n<li>Aplicar conceptos sobre textos literarios y vocabulario contextual.<\/li>\n<\/ul>\n","protected":false},"excerpt":{"rendered":"<p>EVALUACI\u00d3N PROYECTO DE COMPRENSI\u00d3N LECTORA \u201cLECT\u00d3POLIS\u201d Nombre Profesora: Vanessa D\u00edaz Car\u00faCurso: 3\u00b0 y 4\u00b0 b\u00e1sicoAsignatura: Lenguaje y Comunicaci\u00f3nFecha de la evaluaci\u00f3n:Evaluaci\u00f3n Unidad 1:El avance de los estudiantes ser\u00e1 evaluado de&#8230;<\/p>\n<div class=\"royalnews-readmore-wrap\"><a href=\"https:\/\/www.northcross.cl\/index.php\/3-ano-basico\/\" class=\"royalnews-readmore\">Explore more <i class=\"far fa-hand-point-right\"><\/i><\/a><\/div>\n","protected":false},"author":1,"featured_media":0,"parent":0,"menu_order":0,"comment_status":"closed","ping_status":"closed","template":"","meta":{"footnotes":""},"class_list":["post-4090","page","type-page","status-publish","hentry"],"_links":{"self":[{"href":"https:\/\/www.northcross.cl\/index.php\/wp-json\/wp\/v2\/pages\/4090","targetHints":{"allow":["GET"]}}],"collection":[{"href":"https:\/\/www.northcross.cl\/index.php\/wp-json\/wp\/v2\/pages"}],"about":[{"href":"https:\/\/www.northcross.cl\/index.php\/wp-json\/wp\/v2\/types\/page"}],"author":[{"embeddable":true,"href":"https:\/\/www.northcross.cl\/index.php\/wp-json\/wp\/v2\/users\/1"}],"replies":[{"embeddable":true,"href":"https:\/\/www.northcross.cl\/index.php\/wp-json\/wp\/v2\/comments?post=4090"}],"version-history":[{"count":15,"href":"https:\/\/www.northcross.cl\/index.php\/wp-json\/wp\/v2\/pages\/4090\/revisions"}],"predecessor-version":[{"id":15433,"href":"https:\/\/www.northcross.cl\/index.php\/wp-json\/wp\/v2\/pages\/4090\/revisions\/15433"}],"wp:attachment":[{"href":"https:\/\/www.northcross.cl\/index.php\/wp-json\/wp\/v2\/media?parent=4090"}],"curies":[{"name":"wp","href":"https:\/\/api.w.org\/{rel}","templated":true}]}}