{"id":4085,"date":"2020-03-04T14:29:31","date_gmt":"2020-03-04T14:29:31","guid":{"rendered":"http:\/\/www.northcross.cl\/?page_id=4085"},"modified":"2026-04-20T08:30:36","modified_gmt":"2026-04-20T12:30:36","slug":"2-ano-basico","status":"publish","type":"page","link":"https:\/\/www.northcross.cl\/index.php\/2-ano-basico\/","title":{"rendered":"2\u00b0 B\u00c1SICO PRUEBAS Y EVALUACIONES"},"content":{"rendered":"\n<p class=\"has-white-color has-vivid-red-background-color has-text-color has-background has-link-color wp-elements-20c72aaa30f0c905a6740a1413efabaa\"><strong>\u25cf\u00a0\u00a0\u00a0\u00a0\u00a0\u00a0\u00a0Prueba\u00a0Lenguaje y Comunicaci\u00f3n\u00a0<\/strong><\/p>\n\n\n\n<p>FECHA:  22 de Abril (informada con anticipaci\u00f3n)<\/p>\n\n\n\n<p><strong>Contenido:<\/strong>&nbsp; Lectura complementaria \u201cLa abuela virtual y otros cuentos\u201d.<\/p>\n\n\n\n<p class=\"has-white-color has-vivid-red-background-color has-text-color has-background has-link-color wp-elements-73f2401d750a2b48c1d4a90e713d8530\"><strong>\u25cf\u00a0\u00a0\u00a0\u00a0\u00a0\u00a0\u00a0Prueba\u00a0Ed. F\u00edsica\u00a0<\/strong><\/p>\n\n\n\n<p>FECHA: 27 de Abril<\/p>\n\n\n\n<p><strong>Contenido:<\/strong>&nbsp;Manipulaci\u00f3n de bal\u00f3n (lanzar el bal\u00f3n, recibir el bal\u00f3n, entre otros).<\/p>\n\n\n\n<p class=\"has-white-color has-vivid-red-background-color has-text-color has-background has-link-color wp-elements-e25de2318610e43dedd8544ec901db78\"><strong>\u25cf\u00a0\u00a0\u00a0\u00a0\u00a0\u00a0\u00a0Prueba\u00a0Matem\u00e1tica\u00a0<\/strong><\/p>\n\n\n\n<p>FECHA: 28 de Abril<\/p>\n\n\n\n<p><strong>Contenido:<\/strong>&nbsp;Cap\u00edtulo 3 y 4: Adici\u00f3n y sustracci\u00f3n en forma vertical.<\/p>\n\n\n\n<p class=\"has-white-color has-vivid-red-background-color has-text-color has-background has-link-color wp-elements-4999ce8a0701dfccfd8cc21d59918349\"><strong>\u25cf\u00a0\u00a0\u00a0\u00a0\u00a0\u00a0\u00a0\u00a0Trabajo pr\u00e1ctico\u00a0Artes Visuales\u00a0<\/strong><\/p>\n\n\n\n<p>FECHA: 29 de Abril<\/p>\n\n\n\n<p><strong>Contenido:<\/strong>&nbsp; Paisaje Natural<\/p>\n\n\n\n<p><strong>Materiales:&nbsp;<\/strong>Hoja de block (medium) y l\u00e1pices de colores.<\/p>\n\n\n\n<p class=\"has-white-color has-vivid-red-background-color has-text-color has-background has-link-color wp-elements-bdcec6f7dd8e10f2cfb9b861a5ec5976\"><strong>\u25cf\u00a0\u00a0\u00a0\u00a0\u00a0\u00a0\u00a0Prueba\u00a0Historia, Geograf\u00eda y Ciencias Sociales\u00a0<\/strong><\/p>\n\n\n\n<p>FECHA: 30 de Abril<\/p>\n\n\n\n<p><strong>Contenido:<\/strong>&nbsp;Zonas de Chile, elementos y paisajes naturales de Chile, ciudad y pueblo.<\/p>\n\n\n\n<p class=\"has-white-color has-vivid-red-background-color has-text-color has-background has-link-color wp-elements-3ba90bb743f4c63c6c033006cb730072\"><strong>\u25cf\u00a0\u00a0\u00a0\u00a0\u00a0\u00a0\u00a0Prueba\u00a0Tecnolog\u00eda\u00a0<\/strong><\/p>\n\n\n\n<p>FECHA: 05 de Mayo<\/p>\n\n\n\n<p><strong>Contenido:<\/strong>&nbsp;Uso bloc de notas.<\/p>\n\n\n\n<p class=\"has-white-color has-vivid-red-background-color has-text-color has-background has-link-color wp-elements-30f7552fef4f1227769badfc18deda8f\"><strong>\u25cf\u00a0\u00a0\u00a0\u00a0\u00a0\u00a0\u00a0Prueba\u00a0Ciencias Naturales\u00a0<\/strong><\/p>\n\n\n\n<p>FECHA: 06 de Mayo<\/p>\n\n\n\n<p><strong>Contenido:<\/strong>&nbsp; Vida saludable.<\/p>\n\n\n\n<p class=\"has-white-color has-vivid-red-background-color has-text-color has-background has-link-color wp-elements-006cf95044da846b343b3532d1291d43\"><strong>\u25cf\u00a0\u00a0\u00a0\u00a0\u00a0\u00a0\u00a0\u00a0Prueba\u00a0M\u00fasica\u00a0<\/strong><\/p>\n\n\n\n<p>FECHA: 07 de Mayo<\/p>\n\n\n\n<p><strong>Contenido:<\/strong>&nbsp;Canto: Debajo un bot\u00f3n&nbsp;y uso de instrumento no convencional.<\/p>\n\n\n\n<p class=\"has-white-color has-vivid-red-background-color has-text-color has-background has-link-color wp-elements-f35df4afe2e5a17057a11057d5e864d1\"><strong>Evaluaci\u00f3n Lectura Complementaria<\/strong><\/p>\n\n\n\n<p>Profesora: Sasha Moya<\/p>\n\n\n\n<p>Fecha de la evaluaci\u00f3n:22 de abril<\/p>\n\n\n\n<p>Contenido: &#8220;La abuela virtual y otros cuentos&#8221;<\/p>\n\n\n\n<p class=\"has-white-color has-vivid-red-background-color has-text-color has-background has-link-color wp-elements-6aff8e81e7c10c8e76ae3f6121fbe9fb\"><strong>Evaluaci\u00f3n de Ingl\u00e9s<\/strong><\/p>\n\n\n\n<p>Nombre Profesor(a): David Ibarra Soto<br>Curso: Segundo B\u00e1sico<br>Fecha de la evaluaci\u00f3n: 10 de Abril<br>Contenidos:<\/p>\n\n\n\n<ul class=\"wp-block-list\">\n<li>Saludos (Hello, Good morning, bye bye, Goodbye)<\/li>\n\n\n\n<li>N\u00fameros del 1 al 14<\/li>\n\n\n\n<li>Colores (Yellow, blue, red, pink, orange, green)<\/li>\n<\/ul>\n\n\n\n<p class=\"has-white-color has-vivid-red-background-color has-text-color has-background has-link-color wp-elements-a2eaed434c76838c972031ffb802b117\"><strong>EVALUACIONES <\/strong><\/p>\n\n\n\n<p>PROFESORA: SASHA MOYA<\/p>\n\n\n\n<p class=\"has-white-color has-vivid-red-background-color has-text-color has-background has-link-color wp-elements-6de08c2f21a9c72148550091fe51e5c7\">\u25cf&nbsp;&nbsp;&nbsp;&nbsp;&nbsp;&nbsp;&nbsp;Prueba&nbsp;<strong>Lenguaje y Comunicaci\u00f3n<\/strong>&nbsp;(23 de Marzo)<\/p>\n\n\n\n<p><strong>Contenido:<\/strong>&nbsp; Lectura complementaria \u201cLa luna tiene ojos negros\u201d&nbsp;(primeros 4 cap\u00edtulos)<\/p>\n\n\n\n<p class=\"has-white-color has-vivid-red-background-color has-text-color has-background has-link-color wp-elements-085f5844518b9fd544235cd8d36b95ce\">\u25cf&nbsp;&nbsp;&nbsp;&nbsp;&nbsp;&nbsp;&nbsp;Prueba&nbsp;<strong>Matem\u00e1tica&nbsp;<\/strong>(24 de Marzo)<\/p>\n\n\n\n<p><strong>Contenido:<\/strong>&nbsp;Cap\u00edtulo 1: n\u00fameros hasta 100.<\/p>\n\n\n\n<p class=\"has-white-color has-vivid-red-background-color has-text-color has-background has-link-color wp-elements-251a059c2645f6f11ff5e4b82fdd838a\">\u25cf&nbsp;&nbsp;&nbsp;&nbsp;&nbsp;&nbsp;&nbsp;&nbsp;Trabajo pr\u00e1ctico&nbsp;<strong>Artes Visuales&nbsp;<\/strong>(25 de marzo y 01 de Abril)<\/p>\n\n\n\n<p><strong>Contenido:<\/strong>&nbsp; Autorretrato<\/p>\n\n\n\n<p><strong>Materiales:&nbsp;<\/strong>Hoja de block y l\u00e1pices de colores.<\/p>\n\n\n\n<p class=\"has-white-color has-vivid-red-background-color has-text-color has-background has-link-color wp-elements-896d53322310b7cde5aac53319d9e036\">\u25cf&nbsp;&nbsp;&nbsp;&nbsp;&nbsp;&nbsp;&nbsp;Prueba pr\u00e1ctica&nbsp;<strong>Ed. F\u00edsica<\/strong>&nbsp;(27 de Marzo)<\/p>\n\n\n\n<p><strong>Contenido:<\/strong>&nbsp;Circuitos (salto pie izquierdo, salto pie derecho, salto pies juntos, entre otros).<\/p>\n\n\n\n<p class=\"has-white-color has-vivid-red-background-color has-text-color has-background has-link-color wp-elements-fbe030f4609cca07d5612be28d3a1d56\">\u25cf&nbsp;&nbsp;&nbsp;&nbsp;&nbsp;&nbsp;&nbsp;Trabajo&nbsp;<strong>Tecnolog\u00eda<\/strong>&nbsp;(31 de marzo)<\/p>\n\n\n\n<p><strong>Contenido:<\/strong>&nbsp;Uso de Paint, relleno de figuras, colores, entre otros.<\/p>\n\n\n\n<p class=\"has-white-color has-vivid-red-background-color has-text-color has-background has-link-color wp-elements-de40d4c84883ba3a580458e241adce32\">\u25cf&nbsp;&nbsp;&nbsp;&nbsp;&nbsp;&nbsp;&nbsp;Prueba&nbsp;<strong>Ciencias Naturales&nbsp;<\/strong>(01 de Abril)<\/p>\n\n\n\n<p><strong>Contenido:<\/strong>&nbsp; Ubicaci\u00f3n y funci\u00f3n de los \u00f3rganos del cuerpo humano (cerebro, coraz\u00f3n, pulmones, est\u00f3mago e intestino), esqueleto, m\u00fasculos y articulaciones.<\/p>\n\n\n\n<p class=\"has-white-color has-vivid-red-background-color has-text-color has-background has-link-color wp-elements-080cf8ff6b4ba837a375d41ee3aca68f\">\u25cf&nbsp;&nbsp;&nbsp;&nbsp;&nbsp;&nbsp;&nbsp;&nbsp;Prueba<strong>&nbsp;M\u00fasica&nbsp;<\/strong>(02 de Abril)<\/p>\n\n\n\n<p><strong>Contenido:<\/strong>&nbsp;Sonido natural, artificial, cualidades del sonido: Altura, duraci\u00f3n, intensidad y timbre.<\/p>\n\n\n\n<p class=\"has-white-color has-vivid-red-background-color has-text-color has-background has-link-color wp-elements-868df82ccfeed5260341476c60c20438\">\u25cf&nbsp;&nbsp;&nbsp;&nbsp;&nbsp;&nbsp;&nbsp;Prueba&nbsp;<strong>Historia, Geograf\u00eda y Ciencias Sociales&nbsp;<\/strong>(09 de abril)<\/p>\n\n\n\n<p><strong>Contenido:<\/strong>&nbsp;Puntos cardinales, planos, ubicar Chile en el mapa (pa\u00edses que limitan con Chile).<\/p>\n\n\n\n<p><\/p>\n","protected":false},"excerpt":{"rendered":"<p>\u25cf\u00a0\u00a0\u00a0\u00a0\u00a0\u00a0\u00a0Prueba\u00a0Lenguaje y Comunicaci\u00f3n\u00a0 FECHA: 22 de Abril (informada con anticipaci\u00f3n) Contenido:&nbsp; Lectura complementaria \u201cLa abuela virtual y otros cuentos\u201d. \u25cf\u00a0\u00a0\u00a0\u00a0\u00a0\u00a0\u00a0Prueba\u00a0Ed. F\u00edsica\u00a0 FECHA: 27 de Abril Contenido:&nbsp;Manipulaci\u00f3n de bal\u00f3n (lanzar el&#8230;<\/p>\n<div class=\"royalnews-readmore-wrap\"><a href=\"https:\/\/www.northcross.cl\/index.php\/2-ano-basico\/\" class=\"royalnews-readmore\">Explore more <i class=\"far fa-hand-point-right\"><\/i><\/a><\/div>\n","protected":false},"author":1,"featured_media":0,"parent":0,"menu_order":0,"comment_status":"closed","ping_status":"closed","template":"","meta":{"footnotes":""},"class_list":["post-4085","page","type-page","status-publish","hentry"],"_links":{"self":[{"href":"https:\/\/www.northcross.cl\/index.php\/wp-json\/wp\/v2\/pages\/4085","targetHints":{"allow":["GET"]}}],"collection":[{"href":"https:\/\/www.northcross.cl\/index.php\/wp-json\/wp\/v2\/pages"}],"about":[{"href":"https:\/\/www.northcross.cl\/index.php\/wp-json\/wp\/v2\/types\/page"}],"author":[{"embeddable":true,"href":"https:\/\/www.northcross.cl\/index.php\/wp-json\/wp\/v2\/users\/1"}],"replies":[{"embeddable":true,"href":"https:\/\/www.northcross.cl\/index.php\/wp-json\/wp\/v2\/comments?post=4085"}],"version-history":[{"count":10,"href":"https:\/\/www.northcross.cl\/index.php\/wp-json\/wp\/v2\/pages\/4085\/revisions"}],"predecessor-version":[{"id":15428,"href":"https:\/\/www.northcross.cl\/index.php\/wp-json\/wp\/v2\/pages\/4085\/revisions\/15428"}],"wp:attachment":[{"href":"https:\/\/www.northcross.cl\/index.php\/wp-json\/wp\/v2\/media?parent=4085"}],"curies":[{"name":"wp","href":"https:\/\/api.w.org\/{rel}","templated":true}]}}