{"id":4079,"date":"2020-03-04T14:28:53","date_gmt":"2020-03-04T14:28:53","guid":{"rendered":"http:\/\/www.northcross.cl\/?page_id=4079"},"modified":"2026-04-10T08:42:42","modified_gmt":"2026-04-10T12:42:42","slug":"1-ano-basico","status":"publish","type":"page","link":"https:\/\/www.northcross.cl\/index.php\/1-ano-basico\/","title":{"rendered":"1\u00b0 B\u00c1SICO PRUEBAS Y EVALUACIONES"},"content":{"rendered":"\n<p class=\"has-white-color has-vivid-red-background-color has-text-color has-background has-link-color wp-elements-0619d0bbb0bf50b729c061e34167c044\"><strong>Prueba de Ed. F\u00edsica\u00a0\u00a0<\/strong><\/p>\n\n\n\n<ul class=\"wp-block-list\"><\/ul>\n\n\n\n<p><strong>Fecha<\/strong>: semana del 13 al 15 de abril\u00a0 \u00a0 \u00a0 \u00a0 \u00a0 \u00a0 \u00a0 \u00a0<strong>\u00a0<\/strong><\/p>\n\n\n\n<p><strong>\u00a0Contenido<\/strong>: &#8211; Manejo de bal\u00f3n (lanzar, recibir, botear bal\u00f3n)\u00a0 \u00a0 \u00a0 \u00a0 \u00a0 \u00a0 \u00a0 \u00a0 \u00a0 \u00a0 \u00a0 \u00a0 \u00a0 \u00a0 \u00a0 \u00a0 \u00a0 \u00a0 \u00a0 &#8211; Habilidades motrices y lateralidad (saltar en dos pies, correr, reconocer su izquierda y derecha en diversos ejercicios)<\/p>\n\n\n\n<p class=\"has-white-color has-vivid-red-background-color has-text-color has-background has-link-color wp-elements-24bd74f66b8882f6d1fd8703ba389531\"><strong>Prueba\u00a0Cs. Naturales\u00a0 y Ed. F\u00edsica<\/strong><\/p>\n\n\n\n<p><strong>Fecha<\/strong>: Martes 21 de abril\u00a0 \u00a0 \u00a0 \u00a0 \u00a0 \u00a0 \u00a0 \u00a0<\/p>\n\n\n\n<p><strong>\u00a0\u00a0Contenido<\/strong>: H\u00e1bitos\u00a0y alimentaci\u00f3n saludable.<\/p>\n\n\n\n<p class=\"has-white-color has-vivid-red-background-color has-text-color has-background has-link-color wp-elements-4b2dcf60c286cbe095266b57f1798585\"><strong>Prueba\u00a0Lenguaje<\/strong><\/p>\n\n\n\n<p><strong>Fecha<\/strong>: Martes 22 de abril\u00a0 \u00a0 \u00a0 \u00a0 \u00a0 \u00a0 \u00a0 \u00a0<strong>\u00a0<\/strong><\/p>\n\n\n\n<p><strong>\u00a0Contenido<\/strong>: Lectura complementaria &#8220;El payaso Bombero&#8221;<\/p>\n\n\n\n<p class=\"has-white-color has-vivid-red-background-color has-text-color has-background has-link-color wp-elements-bbcb0f5bed1fddd49ccacc316cfe8cfe\"><strong>Prueba\u00a0Matem\u00e1tica\u00a0<\/strong><\/p>\n\n\n\n<p><strong>Fecha<\/strong>: Martes 28 de abril\u00a0 \u00a0 \u00a0 \u00a0 \u00a0 \u00a0 \u00a0 \u00a0<strong>\u00a0\u00a0<\/strong><\/p>\n\n\n\n<p><strong>Contenido<\/strong>: Cap\u00edtulo n\u00b04 Adiciones hasta 10<\/p>\n\n\n\n<p class=\"has-white-color has-vivid-red-background-color has-text-color has-background has-link-color wp-elements-e4aaaa639c543c615818cef6c61a42a4\"><strong>Prueba\u00a0Historia\u00a0<\/strong><\/p>\n\n\n\n<p><strong>Fecha<\/strong>: Mi\u00e9rcoles 29 de abril\u00a0 \u00a0 \u00a0 \u00a0 \u00a0 \u00a0 \u00a0 \u00a0<strong>\u00a0\u00a0<\/strong><\/p>\n\n\n\n<p><strong>Contenido<\/strong>: D\u00edas de la semana,\u00a0meses del a\u00f1o, Celebraciones importantes (mes de la navidad, fiestas patrias, inicio de a\u00f1o escolar, meses de vacaciones).<\/p>\n\n\n\n<p class=\"has-white-color has-vivid-red-background-color has-text-color has-background has-link-color wp-elements-f2a1dfb695ba300704240f1c359f2df7\"><strong>Prueba\u00a0M\u00fasica<\/strong><\/p>\n\n\n\n<p><strong>Fecha<\/strong>: jueves 30 de abril\u00a0 \u00a0 \u00a0 \u00a0 \u00a0 \u00a0 \u00a0 \u00a0<strong>\u00a0\u00a0<\/strong><\/p>\n\n\n\n<p><strong>Contenido<\/strong>: Canci\u00f3n Sol Solecito<\/p>\n\n\n\n<p class=\"has-white-color has-vivid-red-background-color has-text-color has-background has-link-color wp-elements-6aff8e81e7c10c8e76ae3f6121fbe9fb\"><strong>Evaluaci\u00f3n de Ingl\u00e9s<\/strong><\/p>\n\n\n\n<p>Nombre Profesor(a): David Ibarra Soto<br>Curso: 1ero b\u00e1sico<br>Fecha de la evaluaci\u00f3n: 10 de Abril<br>Contenidos:<\/p>\n\n\n\n<ul class=\"wp-block-list\">\n<li>Saludos (Hello, good morning, bye bye, goodbye)<\/li>\n\n\n\n<li>N\u00fameros del 1 al<\/li>\n\n\n\n<li>Colores (Yellow, blue, red, pink, orange, green)<\/li>\n<\/ul>\n\n\n\n<p class=\"has-white-color has-vivid-red-background-color has-text-color has-background has-link-color wp-elements-e580652c7e5b83ac5f5519365d23acae\"><strong>Prueba de Matem\u00e1ticas<\/strong><\/p>\n\n\n\n<p>Nombre Profesor(a): Erika Serey<\/p>\n\n\n\n<p>Curso: 1\u00b0 b\u00e1sico<\/p>\n\n\n\n<p>Fecha de la evaluaci\u00f3n:&nbsp; Jueves 02 de abril<\/p>\n\n\n\n<p>Contenido:&nbsp;&#8211; Cap\u00edtulo 1 &#8220;N\u00fameros&nbsp;hasta 10&#8221;&nbsp; &nbsp; &nbsp; &nbsp; &nbsp; &nbsp; &nbsp; &nbsp; &nbsp; &nbsp; &nbsp;&#8211; Cap\u00edtulo 2 &#8220;Componer y descomponer n\u00famero hasta 10&#8221;<\/p>\n\n\n\n<p class=\"has-white-color has-vivid-red-background-color has-text-color has-background has-link-color wp-elements-422be50b26c44c6fe584cace8d40dca6\"><strong>Prueba de Cs. Naturales<\/strong><\/p>\n\n\n\n<p>Nombre Profesor(a): Erika Serey<\/p>\n\n\n\n<p>Curso: 1\u00b0 b\u00e1sico<\/p>\n\n\n\n<p>Fecha de la evaluaci\u00f3n: martes 07 de abril<\/p>\n\n\n\n<p>Contenido:&nbsp;Los cinco&nbsp;Sentidos&nbsp;(deben estudiar de las gu\u00edas trabajadas en clases)&nbsp; &nbsp; &nbsp; &nbsp; &nbsp; &nbsp; &nbsp; &nbsp; &nbsp; &nbsp; &nbsp; &nbsp; &nbsp; &nbsp; &nbsp; &nbsp; &nbsp; &nbsp; &nbsp; &#8211; Identificar los sentidos&nbsp; &nbsp; &nbsp; &nbsp; &nbsp; &nbsp; &nbsp; &nbsp; &nbsp; &nbsp; &nbsp; &nbsp; &nbsp; &nbsp; &nbsp; &nbsp; &nbsp; &nbsp; &nbsp; &#8211; \u00d3rgano&nbsp;de cada sentido&nbsp; &nbsp; &nbsp; &nbsp; &nbsp; &nbsp; &nbsp; &nbsp; &nbsp; &nbsp; &nbsp; &nbsp; &nbsp; &nbsp; &nbsp; &nbsp; &nbsp; &nbsp; &nbsp; &#8211; Identificar para qu\u00e9 sirve cada sentido (ejemplo olfato: oler, audici\u00f3n: escuchar)&nbsp;<\/p>\n\n\n\n<p class=\"has-white-color has-vivid-red-background-color has-text-color has-background has-link-color wp-elements-7299eb8a817d23aa7ce5c53c4063e1d1\"><strong>Prueba de Lenguaje<\/strong><\/p>\n\n\n\n<p>Nombre Profesor(a): Erika Serey<\/p>\n\n\n\n<p>Curso: 1\u00b0 b\u00e1sico<\/p>\n\n\n\n<p>Fecha de la evaluaci\u00f3n: mi\u00e9rcoles 25 de marzo<\/p>\n\n\n\n<p>Contenido:&nbsp;Lectura complementaria &#8220;El Vampiro ni\u00f1o que so\u00f1aba con bailar&#8221;<\/p>\n\n\n\n<p class=\"has-white-color has-vivid-red-background-color has-text-color has-background has-link-color wp-elements-7299eb8a817d23aa7ce5c53c4063e1d1\"><strong>Prueba de Lenguaje<\/strong><\/p>\n\n\n\n<p>Nombre Profesor(a): Erika Serey<\/p>\n\n\n\n<p>Curso: 1\u00b0 b\u00e1sico<\/p>\n\n\n\n<p>Fecha de la evaluaci\u00f3n: Viernes 27 de marzo<\/p>\n\n\n\n<p>Contenido:&nbsp;Palabras a evaluar: combinaciones voc\u00e1licas -ae &#8211; ue -ei- eu- oe &#8211; ai &#8211; ua &#8211; oa &#8211; oi -uo<\/p>\n\n\n\n<p class=\"has-white-color has-vivid-red-background-color has-text-color has-background has-link-color wp-elements-4bc150b0b6dc9dfb719315e0077c5d7d\"><strong>Prueba de Historia<\/strong><\/p>\n\n\n\n<p>Nombre Profesor(a): Erika Serey<\/p>\n\n\n\n<p>Curso: 1\u00b0 b\u00e1sico<\/p>\n\n\n\n<p>Fecha de la evaluaci\u00f3n: Lunes 30 de marzo<\/p>\n\n\n\n<p>Contenido:&nbsp;&#8211; Como ordenamos hechos en el tiempo&nbsp; &nbsp; &nbsp; &nbsp; &nbsp; &nbsp; &nbsp; &nbsp; &nbsp; &nbsp; &nbsp;&#8211; El D\u00eda y la noche&nbsp; &nbsp; &nbsp; &nbsp; &nbsp; &nbsp; &nbsp; &nbsp; &nbsp; &nbsp; &nbsp;&#8211; Eventos Rutinarios.<\/p>\n\n\n\n<p class=\"has-white-color has-vivid-red-background-color has-text-color has-background has-link-color wp-elements-7299eb8a817d23aa7ce5c53c4063e1d1\"><strong>Prueba de Lenguaje<\/strong><\/p>\n\n\n\n<p>Nombre Profesor(a): Erika Serey<\/p>\n\n\n\n<p>Curso: 1\u00b0 b\u00e1sico<\/p>\n\n\n\n<p>Fecha de la evaluaci\u00f3n: Martes 31 de marzo<\/p>\n\n\n\n<p>Contenido:&nbsp;&nbsp;Evaluaci\u00f3n &#8220;Las Vocales&#8221;&nbsp; &nbsp; &nbsp; &nbsp; &nbsp; &nbsp; &nbsp; &nbsp; &nbsp; &nbsp; &nbsp; &nbsp; &nbsp; &nbsp; &nbsp; &nbsp; &nbsp; &nbsp; &#8211; Reconocer sonido inicial de las vocales&nbsp; &nbsp; &nbsp; &nbsp; &nbsp; &nbsp; &nbsp; &nbsp; &nbsp; &nbsp; &nbsp; &nbsp; &nbsp; &nbsp; &nbsp; &nbsp; &nbsp; &nbsp; &#8211; Dictado de vocales&nbsp;&nbsp; &nbsp; &nbsp; &nbsp; &nbsp; &nbsp; &nbsp; &nbsp; &nbsp; &nbsp; &nbsp; &nbsp; &nbsp; &nbsp; &nbsp; &nbsp; &nbsp; &nbsp; &#8211; Dictado de combinaciones voc\u00e1licas.&nbsp;&nbsp;<\/p>\n\n\n\n<p><\/p>\n","protected":false},"excerpt":{"rendered":"<p>Prueba de Ed. F\u00edsica\u00a0\u00a0 Fecha: semana del 13 al 15 de abril\u00a0 \u00a0 \u00a0 \u00a0 \u00a0 \u00a0 \u00a0 \u00a0\u00a0 \u00a0Contenido: &#8211; Manejo de bal\u00f3n (lanzar, recibir, botear bal\u00f3n)\u00a0 \u00a0 \u00a0&#8230;<\/p>\n<div class=\"royalnews-readmore-wrap\"><a href=\"https:\/\/www.northcross.cl\/index.php\/1-ano-basico\/\" class=\"royalnews-readmore\">Explore more <i class=\"far fa-hand-point-right\"><\/i><\/a><\/div>\n","protected":false},"author":1,"featured_media":0,"parent":0,"menu_order":0,"comment_status":"closed","ping_status":"closed","template":"","meta":{"footnotes":""},"class_list":["post-4079","page","type-page","status-publish","hentry"],"_links":{"self":[{"href":"https:\/\/www.northcross.cl\/index.php\/wp-json\/wp\/v2\/pages\/4079","targetHints":{"allow":["GET"]}}],"collection":[{"href":"https:\/\/www.northcross.cl\/index.php\/wp-json\/wp\/v2\/pages"}],"about":[{"href":"https:\/\/www.northcross.cl\/index.php\/wp-json\/wp\/v2\/types\/page"}],"author":[{"embeddable":true,"href":"https:\/\/www.northcross.cl\/index.php\/wp-json\/wp\/v2\/users\/1"}],"replies":[{"embeddable":true,"href":"https:\/\/www.northcross.cl\/index.php\/wp-json\/wp\/v2\/comments?post=4079"}],"version-history":[{"count":10,"href":"https:\/\/www.northcross.cl\/index.php\/wp-json\/wp\/v2\/pages\/4079\/revisions"}],"predecessor-version":[{"id":15358,"href":"https:\/\/www.northcross.cl\/index.php\/wp-json\/wp\/v2\/pages\/4079\/revisions\/15358"}],"wp:attachment":[{"href":"https:\/\/www.northcross.cl\/index.php\/wp-json\/wp\/v2\/media?parent=4079"}],"curies":[{"name":"wp","href":"https:\/\/api.w.org\/{rel}","templated":true}]}}