{"id":2537,"date":"2019-04-10T14:06:10","date_gmt":"2019-04-10T14:06:10","guid":{"rendered":"http:\/\/www.northcross.cl\/?page_id=2537"},"modified":"2019-10-01T15:14:55","modified_gmt":"2019-10-01T15:14:55","slug":"intercambio-estudiantil-2019","status":"publish","type":"page","link":"https:\/\/www.northcross.cl\/index.php\/intercambio-estudiantil-2019\/","title":{"rendered":"Intercambio Estudiantil 2020"},"content":{"rendered":"\n<p>El Colegio North Cross School, enmarcado en su Proyecto Educativo Institucional, da cabida a las experiencias de intercambio estudiantil que tienen como principal objetivo que los participantes incrementen su comprensi\u00f3n y tolerancia por otras culturas, as\u00ed como mejorar sus competencias en el dominio de otro idioma y ampliar sus horizontes sociales.&nbsp;<\/p>\n\n\n\n<p>El presente reglamento tiene por objeto regular la postulaci\u00f3n, aprobaci\u00f3n, plazos y t\u00e9rminos de los intercambios acad\u00e9micos en que participan los estudiantes de nuestro colegio.&nbsp;<\/p>\n\n\n\n<p><strong>Requisitos de postulaci\u00f3n (Estudiantes):<\/strong><\/p>\n\n\n\n<ul class=\"wp-block-list\"><li>Ser estudiantes regulares de North Cross School.<\/li><li>Tener un promedio de notas general de un 6.0 el a\u00f1o anterior a la solicitud.<\/li><li>Presentar una hoja de vida que demuestre un buen comportamiento.<\/li><li>Tener una asistencia de al menos 90% el semestre anterior a la solicitud.<\/li><li>Todos los requisitos para el viaje de Intercambio se deben cumplir y ser\u00e1n revisados por el colegio 30 d\u00edas antes de realizarse este.&nbsp;<\/li><\/ul>\n\n\n\n<p>De no ser as\u00ed el estudiante perder\u00e1 el beneficio y el Colegio nombrar\u00e1 a otra persona en su lugar.&nbsp;<\/p>\n\n\n\n<p><strong>Requisitos de postulaci\u00f3n (apoderados):<\/strong><\/p>\n\n\n\n<ul class=\"wp-block-list\"><li>Los padres y\/o apoderados deber\u00e1n presentar una solicitud escrita por medio de una carta dirigida al Director del Establecimiento y a la Encargada de Intercambio Estudiantil, Profesora Carolina Campos,&nbsp; explicando las motivaciones y detallando informaci\u00f3n sobre: agencia, pa\u00eds de destino, tiempo de permanencia y tipo de intercambio (formativo o con validaci\u00f3n de estudios). <strong>Plazo m\u00e1ximo viernes 11 de octubre<\/strong>.<\/li><li>Tener la capacidad monetaria para costear los pasajes de ida y vuelta del estudiante. Y lo que el alumno o alumna requiera en su permanencia en el pa\u00eds de destino.<\/li><li>Comprometerse a recibir en su casa a otro estudiante que llegue de intercambio solventando todas las necesidades que conllevan la estad\u00eda en su hogar.<\/li><li>Presentar al menos un 80% de asistencia a las reuniones de apoderados el semestre anterior a la solicitud.<\/li><li>Estar al d\u00eda con los pagos de la mensualidad del colegio del alumno a postular y de sus hermanos que est\u00e9n en el colegio, si los tuviera.<\/li><\/ul>\n\n\n\n<div class=\"wp-block-image\"><figure class=\"aligncenter is-resized\"><img loading=\"lazy\" decoding=\"async\" src=\"http:\/\/www.northcross.cl\/wp-content\/uploads\/2019\/04\/avi\u00f3n-intercambio-1.jpg\" alt=\"\" class=\"wp-image-2545\" width=\"325\" height=\"282\"\/><\/figure><\/div>\n\n\n\n<p><strong>Plazos y periodo de duraci\u00f3n:<\/strong> Los estudiantes que opten por esta modalidad de estudios podr\u00e1n cursar un programa de intercambio estudiantil por un periodo de 3 meses aproximadamente.<\/p>\n\n\n\n<p><strong>Prestaci\u00f3n de servicios educacionales:<\/strong> Durante el periodo de viaje de intercambio, el colegio se atiene al Contrato de Pr\u00e9stamos de Servicios Educacionales acordado entre la Instituci\u00f3n y los padres y apoderados del postulante al Intercambio Estudiantil. <\/p>\n","protected":false},"excerpt":{"rendered":"<p>El Colegio North Cross School, enmarcado en su Proyecto Educativo Institucional, da cabida a las experiencias de intercambio estudiantil que tienen como principal objetivo que los participantes incrementen su comprensi\u00f3n&#8230;<\/p>\n<div class=\"royalnews-readmore-wrap\"><a href=\"https:\/\/www.northcross.cl\/index.php\/intercambio-estudiantil-2019\/\" class=\"royalnews-readmore\">Explore more <i class=\"far fa-hand-point-right\"><\/i><\/a><\/div>\n","protected":false},"author":1,"featured_media":0,"parent":0,"menu_order":0,"comment_status":"closed","ping_status":"closed","template":"fullwidth.php","meta":{"footnotes":""},"class_list":["post-2537","page","type-page","status-publish","hentry"],"_links":{"self":[{"href":"https:\/\/www.northcross.cl\/index.php\/wp-json\/wp\/v2\/pages\/2537","targetHints":{"allow":["GET"]}}],"collection":[{"href":"https:\/\/www.northcross.cl\/index.php\/wp-json\/wp\/v2\/pages"}],"about":[{"href":"https:\/\/www.northcross.cl\/index.php\/wp-json\/wp\/v2\/types\/page"}],"author":[{"embeddable":true,"href":"https:\/\/www.northcross.cl\/index.php\/wp-json\/wp\/v2\/users\/1"}],"replies":[{"embeddable":true,"href":"https:\/\/www.northcross.cl\/index.php\/wp-json\/wp\/v2\/comments?post=2537"}],"version-history":[{"count":0,"href":"https:\/\/www.northcross.cl\/index.php\/wp-json\/wp\/v2\/pages\/2537\/revisions"}],"wp:attachment":[{"href":"https:\/\/www.northcross.cl\/index.php\/wp-json\/wp\/v2\/media?parent=2537"}],"curies":[{"name":"wp","href":"https:\/\/api.w.org\/{rel}","templated":true}]}}