{"id":2455,"date":"2019-04-03T16:48:11","date_gmt":"2019-04-03T16:48:11","guid":{"rendered":"http:\/\/www.northcross.cl\/?page_id=2455"},"modified":"2025-12-10T12:00:40","modified_gmt":"2025-12-10T15:00:40","slug":"noticias","status":"publish","type":"page","link":"https:\/\/www.northcross.cl\/index.php\/noticias\/","title":{"rendered":"NORTH CROSS INFORMA"},"content":{"rendered":"<h2>Mantente Informado: Todas las Novedades  de North Cross<\/h2>\n<h3>Noticias North School<\/h3>\n\n\n<div class=\"wp-block-columns is-layout-flex wp-container-core-columns-is-layout-9d6595d7 wp-block-columns-is-layout-flex\">\n<div class=\"wp-block-column is-layout-flow wp-block-column-is-layout-flow\" style=\"flex-basis:100%\"><ul class=\"wp-block-categories-list alignleft wp-block-categories\">\t<li class=\"cat-item cat-item-7\"><a href=\"https:\/\/www.northcross.cl\/index.php\/category\/actividades-de-los-alumnos\/\">Actividades de los alumnos<\/a>\n<\/li>\n\t<li class=\"cat-item cat-item-10\"><a href=\"https:\/\/www.northcross.cl\/index.php\/category\/avisos-importantes\/\">Avisos importantes<\/a>\n<\/li>\n\t<li class=\"cat-item cat-item-11\"><a href=\"https:\/\/www.northcross.cl\/index.php\/category\/sin-categoria\/informacion-de-interes\/\">Informaci\u00f3n de Inter\u00e9s<\/a>\n<\/li>\n\t<li class=\"cat-item cat-item-12\"><a href=\"https:\/\/www.northcross.cl\/index.php\/category\/informacion-de-interes-2\/\">Informaci\u00f3n de Inter\u00e9s<\/a>\n<\/li>\n\t<li class=\"cat-item cat-item-1\"><a href=\"https:\/\/www.northcross.cl\/index.php\/category\/sin-categoria\/\">Sin categor\u00eda<\/a>\n<\/li>\n<\/ul><\/div>\n<\/div>\n\n\n\n<p><\/p>\n\n\n\n<p><\/p>\n\n\n\n<p><\/p>\n\n\n<form role=\"search\" method=\"get\" action=\"https:\/\/www.northcross.cl\/\" class=\"wp-block-search__button-outside wp-block-search__text-button wp-block-search\"    ><label class=\"wp-block-search__label\" for=\"wp-block-search__input-1\" >Buscar<\/label><div class=\"wp-block-search__inside-wrapper\" ><input class=\"wp-block-search__input\" id=\"wp-block-search__input-1\" placeholder=\"\" value=\"\" type=\"search\" name=\"s\" required \/><button aria-label=\"Buscar\" class=\"wp-block-search__button wp-element-button\" type=\"submit\" >Buscar<\/button><\/div><\/form>\n\n\n<div class=\"wp-block-query is-layout-flow wp-block-query-is-layout-flow\"><ul class=\"has-link-color wp-elements-9ca6e3337e57050755dcc52182e40ca3 wp-block-post-template has-text-color has-black-color is-layout-flow wp-block-post-template-is-layout-flow\"><li class=\"wp-block-post post-15323 post type-post status-publish format-standard has-post-thumbnail hentry category-avisos-importantes\">\n\n<div class=\"wp-block-columns alignwide is-layout-flex wp-container-core-columns-is-layout-9d6595d7 wp-block-columns-is-layout-flex wp-elements-9ca6e3337e57050755dcc52182e40ca3\">\n<div class=\"wp-block-column is-layout-flow wp-block-column-is-layout-flow\" style=\"flex-basis:66.66%\"><figure class=\"wp-block-post-featured-image\"><a href=\"https:\/\/www.northcross.cl\/index.php\/2026\/04\/06\/aclaracion-sobre-la-validacion-de-la-tarjeta-estudiantil-tne\/\" target=\"_self\"  ><img loading=\"lazy\" decoding=\"async\" width=\"786\" height=\"360\" src=\"https:\/\/www.northcross.cl\/wp-content\/uploads\/2026\/04\/image-1.png\" class=\"attachment-post-thumbnail size-post-thumbnail wp-post-image\" alt=\"Aclaraci\u00f3n sobre la Validaci\u00f3n de la Tarjeta Estudiantil (TNE)\" style=\"object-fit:cover;\" srcset=\"https:\/\/www.northcross.cl\/wp-content\/uploads\/2026\/04\/image-1.png 786w, https:\/\/www.northcross.cl\/wp-content\/uploads\/2026\/04\/image-1-300x137.png 300w, https:\/\/www.northcross.cl\/wp-content\/uploads\/2026\/04\/image-1-768x352.png 768w\" sizes=\"auto, (max-width: 786px) 100vw, 786px\" \/><\/a><\/figure><\/div>\n\n\n\n<div class=\"wp-block-column is-layout-flow wp-block-column-is-layout-flow\" style=\"flex-basis:33.33%\"><h2 class=\"wp-block-post-title\"><a href=\"https:\/\/www.northcross.cl\/index.php\/2026\/04\/06\/aclaracion-sobre-la-validacion-de-la-tarjeta-estudiantil-tne\/\" target=\"_self\" >Aclaraci\u00f3n sobre la Validaci\u00f3n de la Tarjeta Estudiantil (TNE)<\/a><\/h2>\n\n<div class=\"wp-block-post-excerpt\"><p class=\"wp-block-post-excerpt__excerpt\">\ud83d\udce2 Comunicado Oficial \u2013 Suspensi\u00f3n de Jornada de Adhesi\u00f3n de Sello TNE 2026Estimados estudiantes y apoderados,Informamos que la jornada programada para la adhesi\u00f3n del sello TNE 2026 ha sido suspendida.La&#8230;Explore more <\/p><\/div><\/div>\n<\/div>\n\n<\/li><li class=\"wp-block-post post-15303 post type-post status-publish format-standard has-post-thumbnail hentry category-avisos-importantes\">\n\n<div class=\"wp-block-columns alignwide is-layout-flex wp-container-core-columns-is-layout-9d6595d7 wp-block-columns-is-layout-flex wp-elements-9ca6e3337e57050755dcc52182e40ca3\">\n<div class=\"wp-block-column is-layout-flow wp-block-column-is-layout-flow\" style=\"flex-basis:66.66%\"><figure class=\"wp-block-post-featured-image\"><a href=\"https:\/\/www.northcross.cl\/index.php\/2026\/04\/06\/adhesion-sello-tne-2026\/\" target=\"_self\"  ><img loading=\"lazy\" decoding=\"async\" width=\"786\" height=\"360\" src=\"https:\/\/www.northcross.cl\/wp-content\/uploads\/2026\/04\/image-1.png\" class=\"attachment-post-thumbnail size-post-thumbnail wp-post-image\" alt=\"ADHESI\u00d3N SELLO TNE 2026\" style=\"object-fit:cover;\" srcset=\"https:\/\/www.northcross.cl\/wp-content\/uploads\/2026\/04\/image-1.png 786w, https:\/\/www.northcross.cl\/wp-content\/uploads\/2026\/04\/image-1-300x137.png 300w, https:\/\/www.northcross.cl\/wp-content\/uploads\/2026\/04\/image-1-768x352.png 768w\" sizes=\"auto, (max-width: 786px) 100vw, 786px\" \/><\/a><\/figure><\/div>\n\n\n\n<div class=\"wp-block-column is-layout-flow wp-block-column-is-layout-flow\" style=\"flex-basis:33.33%\"><h2 class=\"wp-block-post-title\"><a href=\"https:\/\/www.northcross.cl\/index.php\/2026\/04\/06\/adhesion-sello-tne-2026\/\" target=\"_self\" >ADHESI\u00d3N SELLO TNE 2026<\/a><\/h2>\n\n<div class=\"wp-block-post-excerpt\"><p class=\"wp-block-post-excerpt__excerpt\">\ud83d\udce2 Comunicado Oficial \u2013 Suspensi\u00f3n de Jornada de Adhesi\u00f3n de Sello TNE 2026Estimados estudiantes y apoderados,Informamos que la jornada programada para la adhesi\u00f3n del sello TNE 2026 ha sido suspendida.La&#8230;Explore more <\/p><\/div><\/div>\n<\/div>\n\n<\/li><li class=\"wp-block-post post-15157 post type-post status-publish format-standard has-post-thumbnail hentry category-informacion-de-interes-2\">\n\n<div class=\"wp-block-columns alignwide is-layout-flex wp-container-core-columns-is-layout-9d6595d7 wp-block-columns-is-layout-flex wp-elements-9ca6e3337e57050755dcc52182e40ca3\">\n<div class=\"wp-block-column is-layout-flow wp-block-column-is-layout-flow\" style=\"flex-basis:66.66%\"><figure class=\"wp-block-post-featured-image\"><a href=\"https:\/\/www.northcross.cl\/index.php\/2026\/03\/20\/alerta-por-impacto-en-ninos-y-adolescentes-videos-de-tiktok-generan-el-mismo-efecto-que-las-maquinas-tragamonedas\/\" target=\"_self\"  ><img loading=\"lazy\" decoding=\"async\" width=\"1327\" height=\"683\" src=\"https:\/\/www.northcross.cl\/wp-content\/uploads\/2026\/03\/image-20.png\" class=\"attachment-post-thumbnail size-post-thumbnail wp-post-image\" alt=\"Alerta por impacto en ni\u00f1os y adolescentes: Videos de TikTok generan el mismo efecto que las m\u00e1quinas tragamonedas\" style=\"object-fit:cover;\" srcset=\"https:\/\/www.northcross.cl\/wp-content\/uploads\/2026\/03\/image-20.png 1327w, https:\/\/www.northcross.cl\/wp-content\/uploads\/2026\/03\/image-20-300x154.png 300w, https:\/\/www.northcross.cl\/wp-content\/uploads\/2026\/03\/image-20-1024x527.png 1024w, https:\/\/www.northcross.cl\/wp-content\/uploads\/2026\/03\/image-20-768x395.png 768w\" sizes=\"auto, (max-width: 1327px) 100vw, 1327px\" \/><\/a><\/figure><\/div>\n\n\n\n<div class=\"wp-block-column is-layout-flow wp-block-column-is-layout-flow\" style=\"flex-basis:33.33%\"><h2 class=\"wp-block-post-title\"><a href=\"https:\/\/www.northcross.cl\/index.php\/2026\/03\/20\/alerta-por-impacto-en-ninos-y-adolescentes-videos-de-tiktok-generan-el-mismo-efecto-que-las-maquinas-tragamonedas\/\" target=\"_self\" >Alerta por impacto en ni\u00f1os y adolescentes: Videos de TikTok generan el mismo efecto que las m\u00e1quinas tragamonedas<\/a><\/h2>\n\n<div class=\"wp-block-post-excerpt\"><p class=\"wp-block-post-excerpt__excerpt\">El consumo de videos cortos en plataformas como&nbsp;TikTok&nbsp;o Instagram podr\u00eda tener efectos m\u00e1sprofundos de lo que parece. As\u00ed lo indic\u00f3 el estudio The Slot Machine Effect in Short-Form Video(2026), realizado&#8230;Explore more <\/p><\/div><\/div>\n<\/div>\n\n<\/li><li class=\"wp-block-post post-15117 post type-post status-publish format-standard has-post-thumbnail hentry category-avisos-importantes category-informacion-de-interes-2\">\n\n<div class=\"wp-block-columns alignwide is-layout-flex wp-container-core-columns-is-layout-9d6595d7 wp-block-columns-is-layout-flex wp-elements-9ca6e3337e57050755dcc52182e40ca3\">\n<div class=\"wp-block-column is-layout-flow wp-block-column-is-layout-flow\" style=\"flex-basis:66.66%\"><figure class=\"wp-block-post-featured-image\"><a href=\"https:\/\/www.northcross.cl\/index.php\/2026\/03\/17\/1a-reunion-de-apoderados-2026\/\" target=\"_self\"  ><img loading=\"lazy\" decoding=\"async\" width=\"1300\" height=\"726\" src=\"https:\/\/www.northcross.cl\/wp-content\/uploads\/2026\/03\/image-22.png\" class=\"attachment-post-thumbnail size-post-thumbnail wp-post-image\" alt=\"1\u00aa REUNI\u00d3N DE APODERADOS 2026\" style=\"object-fit:cover;\" srcset=\"https:\/\/www.northcross.cl\/wp-content\/uploads\/2026\/03\/image-22.png 1300w, https:\/\/www.northcross.cl\/wp-content\/uploads\/2026\/03\/image-22-300x168.png 300w, https:\/\/www.northcross.cl\/wp-content\/uploads\/2026\/03\/image-22-1024x572.png 1024w, https:\/\/www.northcross.cl\/wp-content\/uploads\/2026\/03\/image-22-768x429.png 768w\" sizes=\"auto, (max-width: 1300px) 100vw, 1300px\" \/><\/a><\/figure><\/div>\n\n\n\n<div class=\"wp-block-column is-layout-flow wp-block-column-is-layout-flow\" style=\"flex-basis:33.33%\"><h2 class=\"wp-block-post-title\"><a href=\"https:\/\/www.northcross.cl\/index.php\/2026\/03\/17\/1a-reunion-de-apoderados-2026\/\" target=\"_self\" >1\u00aa REUNI\u00d3N DE APODERADOS 2026<\/a><\/h2>\n\n<div class=\"wp-block-post-excerpt\"><p class=\"wp-block-post-excerpt__excerpt\">Estimada comunidad escolar, les extendemos una cordial invitaci\u00f3n a participar en nuestra primera reuni\u00f3n de apoderados del a\u00f1o acad\u00e9mico 2026. Su asistencia es fundamental para iniciar este ciclo escolar alineados&#8230;Explore more <\/p><\/div><\/div>\n<\/div>\n\n<\/li><li class=\"wp-block-post post-11931 post type-post status-publish format-standard has-post-thumbnail hentry category-avisos-importantes category-informacion-de-interes-2\">\n\n<div class=\"wp-block-columns alignwide is-layout-flex wp-container-core-columns-is-layout-9d6595d7 wp-block-columns-is-layout-flex wp-elements-9ca6e3337e57050755dcc52182e40ca3\">\n<div class=\"wp-block-column is-layout-flow wp-block-column-is-layout-flow\" style=\"flex-basis:66.66%\"><figure class=\"wp-block-post-featured-image\"><a href=\"https:\/\/www.northcross.cl\/index.php\/2026\/03\/16\/fechas-importantes-ano-escolar-2026\/\" target=\"_self\"  ><img loading=\"lazy\" decoding=\"async\" width=\"600\" height=\"380\" src=\"https:\/\/www.northcross.cl\/wp-content\/uploads\/2025\/05\/image-3.png\" class=\"attachment-post-thumbnail size-post-thumbnail wp-post-image\" alt=\"CALENDARIO ACAD\u00c9MICO: FECHAS IMPORTANTES 2026\" style=\"object-fit:cover;\" srcset=\"https:\/\/www.northcross.cl\/wp-content\/uploads\/2025\/05\/image-3.png 600w, https:\/\/www.northcross.cl\/wp-content\/uploads\/2025\/05\/image-3-300x190.png 300w\" sizes=\"auto, (max-width: 600px) 100vw, 600px\" \/><\/a><\/figure><\/div>\n\n\n\n<div class=\"wp-block-column is-layout-flow wp-block-column-is-layout-flow\" style=\"flex-basis:33.33%\"><h2 class=\"wp-block-post-title\"><a href=\"https:\/\/www.northcross.cl\/index.php\/2026\/03\/16\/fechas-importantes-ano-escolar-2026\/\" target=\"_self\" >CALENDARIO ACAD\u00c9MICO: FECHAS IMPORTANTES 2026<\/a><\/h2>\n\n<div class=\"wp-block-post-excerpt\"><p class=\"wp-block-post-excerpt__excerpt\">Estimada comunidad educativa, compartimos con ustedes los hitos m\u00e1s relevantes del presente a\u00f1o escolar, incluyendo el cierre de semestre, vacaciones de invierno y fechas de salida de los distintos niveles&#8230;.Explore more <\/p><\/div><\/div>\n<\/div>\n\n<\/li><li class=\"wp-block-post post-15073 post type-post status-publish format-standard hentry category-sin-categoria\">\n\n<div class=\"wp-block-columns alignwide is-layout-flex wp-container-core-columns-is-layout-9d6595d7 wp-block-columns-is-layout-flex wp-elements-9ca6e3337e57050755dcc52182e40ca3\">\n<div class=\"wp-block-column is-layout-flow wp-block-column-is-layout-flow\" style=\"flex-basis:66.66%\"><\/div>\n\n\n\n<div class=\"wp-block-column is-layout-flow wp-block-column-is-layout-flow\" style=\"flex-basis:33.33%\"><h2 class=\"wp-block-post-title\"><a href=\"https:\/\/www.northcross.cl\/index.php\/2026\/03\/11\/8-basico-b-pruebas-y-evaluaciones\/\" target=\"_self\" >8\u00b0 B\u00c1SICO A PRUEBAS Y EVALUACIONES<\/a><\/h2>\n\n<div class=\"wp-block-post-excerpt\"><p class=\"wp-block-post-excerpt__excerpt\">Evaluaci\u00f3n de Ingl\u00e9s Nombre Profesor: Daniel Jeria Ram\u00edrez.Curso: 8vo AFecha de la evaluaci\u00f3n: mi\u00e9rcoles 8 de abril.Contenidos: Control acumulativo: ordenar adjetivos seg\u00fan lo trabajado en clases OCTAVO A \u2013 CIENCIAS&#8230;Explore more <\/p><\/div><\/div>\n<\/div>\n\n<\/li><li class=\"wp-block-post post-15046 post type-post status-publish format-standard has-post-thumbnail hentry category-avisos-importantes category-informacion-de-interes\">\n\n<div class=\"wp-block-columns alignwide is-layout-flex wp-container-core-columns-is-layout-9d6595d7 wp-block-columns-is-layout-flex wp-elements-9ca6e3337e57050755dcc52182e40ca3\">\n<div class=\"wp-block-column is-layout-flow wp-block-column-is-layout-flow\" style=\"flex-basis:66.66%\"><figure class=\"wp-block-post-featured-image\"><a href=\"https:\/\/www.northcross.cl\/index.php\/2026\/03\/10\/comunicado-oficial-nuevos-canales-de-comunicacion-2026\/\" target=\"_self\"  ><img loading=\"lazy\" decoding=\"async\" width=\"600\" height=\"380\" src=\"https:\/\/www.northcross.cl\/wp-content\/uploads\/2025\/05\/image-3.png\" class=\"attachment-post-thumbnail size-post-thumbnail wp-post-image\" alt=\"NUEVOS CANALES DE COMUNICACI\u00d3N\" style=\"object-fit:cover;\" srcset=\"https:\/\/www.northcross.cl\/wp-content\/uploads\/2025\/05\/image-3.png 600w, https:\/\/www.northcross.cl\/wp-content\/uploads\/2025\/05\/image-3-300x190.png 300w\" sizes=\"auto, (max-width: 600px) 100vw, 600px\" \/><\/a><\/figure><\/div>\n\n\n\n<div class=\"wp-block-column is-layout-flow wp-block-column-is-layout-flow\" style=\"flex-basis:33.33%\"><h2 class=\"wp-block-post-title\"><a href=\"https:\/\/www.northcross.cl\/index.php\/2026\/03\/10\/comunicado-oficial-nuevos-canales-de-comunicacion-2026\/\" target=\"_self\" >NUEVOS CANALES DE COMUNICACI\u00d3N<\/a><\/h2>\n\n<div class=\"wp-block-post-excerpt\"><p class=\"wp-block-post-excerpt__excerpt\">Estimada Comunidad North Cross: Junto con saludarles, informamos que, con el objetivo de optimizar nuestros procesos administrativos y asegurar una atenci\u00f3n oportuna, a partir de este a\u00f1o escolar se implementar\u00e1n&#8230;Explore more <\/p><\/div><\/div>\n<\/div>\n\n<\/li><li class=\"wp-block-post post-14999 post type-post status-publish format-standard hentry category-sin-categoria\">\n\n<div class=\"wp-block-columns alignwide is-layout-flex wp-container-core-columns-is-layout-9d6595d7 wp-block-columns-is-layout-flex wp-elements-9ca6e3337e57050755dcc52182e40ca3\">\n<div class=\"wp-block-column is-layout-flow wp-block-column-is-layout-flow\" style=\"flex-basis:66.66%\"><\/div>\n\n\n\n<div class=\"wp-block-column is-layout-flow wp-block-column-is-layout-flow\" style=\"flex-basis:33.33%\"><h2 class=\"wp-block-post-title\"><a href=\"https:\/\/www.northcross.cl\/index.php\/2026\/03\/09\/pruebas-y-evaluaciones\/\" target=\"_self\" >PRUEBAS Y EVALUACIONES<\/a><\/h2>\n\n<div class=\"wp-block-post-excerpt\"><p class=\"wp-block-post-excerpt__excerpt\">En este apartado se publican las evaluaciones oficiales del colegio, junto con sus contenidos y fechas correspondientes. El prop\u00f3sito es garantizar una comunicaci\u00f3n clara y accesible para toda la comunidad&#8230;Explore more <\/p><\/div><\/div>\n<\/div>\n\n<\/li><li class=\"wp-block-post post-14910 post type-post status-publish format-standard has-post-thumbnail hentry category-avisos-importantes category-informacion-de-interes category-informacion-de-interes-2\">\n\n<div class=\"wp-block-columns alignwide is-layout-flex wp-container-core-columns-is-layout-9d6595d7 wp-block-columns-is-layout-flex wp-elements-9ca6e3337e57050755dcc52182e40ca3\">\n<div class=\"wp-block-column is-layout-flow wp-block-column-is-layout-flow\" style=\"flex-basis:66.66%\"><figure class=\"wp-block-post-featured-image\"><a href=\"https:\/\/www.northcross.cl\/index.php\/2026\/01\/29\/inicio-ano-escolar-2026\/\" target=\"_self\"  ><img loading=\"lazy\" decoding=\"async\" width=\"1006\" height=\"494\" src=\"https:\/\/www.northcross.cl\/wp-content\/uploads\/2026\/01\/image-3.png\" class=\"attachment-post-thumbnail size-post-thumbnail wp-post-image\" alt=\"INICIO A\u00d1O ESCOLAR 2026\" style=\"object-fit:cover;\" srcset=\"https:\/\/www.northcross.cl\/wp-content\/uploads\/2026\/01\/image-3.png 1006w, https:\/\/www.northcross.cl\/wp-content\/uploads\/2026\/01\/image-3-300x147.png 300w, https:\/\/www.northcross.cl\/wp-content\/uploads\/2026\/01\/image-3-768x377.png 768w\" sizes=\"auto, (max-width: 1006px) 100vw, 1006px\" \/><\/a><\/figure><\/div>\n\n\n\n<div class=\"wp-block-column is-layout-flow wp-block-column-is-layout-flow\" style=\"flex-basis:33.33%\"><h2 class=\"wp-block-post-title\"><a href=\"https:\/\/www.northcross.cl\/index.php\/2026\/01\/29\/inicio-ano-escolar-2026\/\" target=\"_self\" >INICIO A\u00d1O ESCOLAR 2026<\/a><\/h2>\n\n<div class=\"wp-block-post-excerpt\"><p class=\"wp-block-post-excerpt__excerpt\"> <\/p><\/div><\/div>\n<\/div>\n\n<\/li><li class=\"wp-block-post post-14741 post type-post status-publish format-standard has-post-thumbnail hentry category-avisos-importantes category-informacion-de-interes-2\">\n\n<div class=\"wp-block-columns alignwide is-layout-flex wp-container-core-columns-is-layout-9d6595d7 wp-block-columns-is-layout-flex wp-elements-9ca6e3337e57050755dcc52182e40ca3\">\n<div class=\"wp-block-column is-layout-flow wp-block-column-is-layout-flow\" style=\"flex-basis:66.66%\"><figure class=\"wp-block-post-featured-image\"><a href=\"https:\/\/www.northcross.cl\/index.php\/2025\/12\/17\/encuesta-uso-uniforme-para-ano-2026\/\" target=\"_self\"  ><img loading=\"lazy\" decoding=\"async\" width=\"800\" height=\"445\" src=\"https:\/\/www.northcross.cl\/wp-content\/uploads\/2023\/11\/image.png\" class=\"attachment-post-thumbnail size-post-thumbnail wp-post-image\" alt=\"ENCUESTA USO UNIFORME PARA A\u00d1O 2026\" style=\"object-fit:cover;\" srcset=\"https:\/\/www.northcross.cl\/wp-content\/uploads\/2023\/11\/image.png 800w, https:\/\/www.northcross.cl\/wp-content\/uploads\/2023\/11\/image-300x167.png 300w, https:\/\/www.northcross.cl\/wp-content\/uploads\/2023\/11\/image-768x427.png 768w\" sizes=\"auto, (max-width: 800px) 100vw, 800px\" \/><\/a><\/figure><\/div>\n\n\n\n<div class=\"wp-block-column is-layout-flow wp-block-column-is-layout-flow\" style=\"flex-basis:33.33%\"><h2 class=\"wp-block-post-title\"><a href=\"https:\/\/www.northcross.cl\/index.php\/2025\/12\/17\/encuesta-uso-uniforme-para-ano-2026\/\" target=\"_self\" >ENCUESTA USO UNIFORME PARA A\u00d1O 2026<\/a><\/h2>\n\n<div class=\"wp-block-post-excerpt\"><p class=\"wp-block-post-excerpt__excerpt\">Estimada Comunidad North Cross School, queremos dar a conocer los resultados de la encuesta realizada a estudiantes y apoderados, que tuvo como objetivo&nbsp; saber la opini\u00f3n respecto al uso obligatorio&#8230;Explore more <\/p><\/div><\/div>\n<\/div>\n\n<\/li><\/ul><\/div>\n\n\n\n<p><\/p>\n","protected":false},"excerpt":{"rendered":"<p>Mantente Informado: Todas las Novedades de North Cross Noticias North School<\/p>\n","protected":false},"author":1,"featured_media":0,"parent":0,"menu_order":0,"comment_status":"closed","ping_status":"closed","template":"","meta":{"footnotes":""},"class_list":["post-2455","page","type-page","status-publish","hentry"],"_links":{"self":[{"href":"https:\/\/www.northcross.cl\/index.php\/wp-json\/wp\/v2\/pages\/2455","targetHints":{"allow":["GET"]}}],"collection":[{"href":"https:\/\/www.northcross.cl\/index.php\/wp-json\/wp\/v2\/pages"}],"about":[{"href":"https:\/\/www.northcross.cl\/index.php\/wp-json\/wp\/v2\/types\/page"}],"author":[{"embeddable":true,"href":"https:\/\/www.northcross.cl\/index.php\/wp-json\/wp\/v2\/users\/1"}],"replies":[{"embeddable":true,"href":"https:\/\/www.northcross.cl\/index.php\/wp-json\/wp\/v2\/comments?post=2455"}],"version-history":[{"count":3,"href":"https:\/\/www.northcross.cl\/index.php\/wp-json\/wp\/v2\/pages\/2455\/revisions"}],"predecessor-version":[{"id":14690,"href":"https:\/\/www.northcross.cl\/index.php\/wp-json\/wp\/v2\/pages\/2455\/revisions\/14690"}],"wp:attachment":[{"href":"https:\/\/www.northcross.cl\/index.php\/wp-json\/wp\/v2\/media?parent=2455"}],"curies":[{"name":"wp","href":"https:\/\/api.w.org\/{rel}","templated":true}]}}