{"id":2240,"date":"2019-03-25T15:24:46","date_gmt":"2019-03-25T15:24:46","guid":{"rendered":"http:\/\/www.northcross.cl\/?page_id=2240"},"modified":"2019-10-16T14:46:56","modified_gmt":"2019-10-16T14:46:56","slug":"electivo-4-medio","status":"publish","type":"page","link":"https:\/\/www.northcross.cl\/index.php\/electivo-4-medio\/","title":{"rendered":"ELECTIVO 4\u00b0 MEDIO"},"content":{"rendered":"\n<p class=\"has-text-color has-background has-medium-font-size has-very-light-gray-color has-vivid-red-background-color\"><strong>PRUEBA  BIOLOG\u00cdA <\/strong><\/p>\n\n\n\n<p>PROFESORA: VANESSA ROJAS<\/p>\n\n\n\n<p>FECHA: MIERCOLES  23 DE OCTUBRE <\/p>\n\n\n\n<p>CONTENIDO:<\/p>\n\n\n\n<p>REGULACI\u00d3N GEN\u00c9TICA EN EUCARIOTES <\/p>\n\n\n\n<p class=\"has-text-color has-background has-medium-font-size has-very-light-gray-color has-vivid-red-background-color\"><strong>Prueba de Ingl\u00e9s<\/strong><\/p>\n\n\n\n<p>PROFESOR: Daniel Jeria Ram\u00edrez<\/p>\n\n\n\n<p>FECHA: Mi\u00e9rcoles 14 de Agosto&nbsp;<\/p>\n\n\n\n<p>CONTENIDO:&nbsp;<\/p>\n\n\n\n<p>&nbsp;-Expresar deseos de forma escrita identificando y aplicando tiempos verbales, vocabulario y expresiones comunes. (wish, would, if only, etc.)<br><\/p>\n\n\n\n<p class=\"has-text-color has-background has-medium-font-size has-very-light-gray-color has-vivid-red-background-color\"><strong>prueba &nbsp;qu\u00edmica &nbsp;&nbsp;<\/strong><\/p>\n\n\n\n<p>PROFESOR(A): Victoria Berrueta<\/p>\n\n\n\n<p>FECHA: 26 de agosto &nbsp;<\/p>\n\n\n\n<p>CONTENIDO: \n\n&nbsp;&nbsp;&nbsp;&nbsp; &#8211; Relaciones REDOX.\n\n\n\n<\/p>\n\n\n\n<p class=\"has-text-color has-background has-medium-font-size has-very-light-gray-color has-vivid-red-background-color\"><strong>Prueba de historia<\/strong><\/p>\n\n\n\n<p>PROFESOR(A): Sebasti\u00e1n Riquelme<\/p>\n\n\n\n<p>FECHA: 22 de Agosto <\/p>\n\n\n\n<p>CONTENIDO: <\/p>\n\n\n\n<p> &#8211; Teor\u00eda pol\u00edtica del marxismo&nbsp;. <\/p>\n\n\n\n<p class=\"has-text-color has-background has-medium-font-size has-very-light-gray-color has-vivid-red-background-color\"><strong>PRUEBA DE MATEM\u00c1TICA <\/strong><\/p>\n\n\n\n<p>PROFESOR(A): JUAN POU JERIA<\/p>\n\n\n\n<p>FECHA: &nbsp;20 &#8211; 6 \u2013 2019 <\/p>\n\n\n\n<p>CONTENIDOS: &nbsp;<\/p>\n\n\n\n<ul class=\"wp-block-list\"><li>Calcular sumas iteradas<\/li><li>Aplicar propiedades de sumatorias<\/li><li>Resolver sumas telesc\u00f3picas<\/li><li>Identificar sucesiones (convergentes, divergentes, oscilantes, creciente, decreciente) <\/li><li>Calcular Progresiones &nbsp;aritm\u00e9ticas<\/li><li>Calcular Progresiones &nbsp;geom\u00e9tricas<\/li><\/ul>\n\n\n\n<p class=\"has-text-color has-background has-medium-font-size has-very-light-gray-color has-vivid-red-background-color\"><strong>CONTROLES\nE INTERROGACIONES DE QUIMICA<\/strong><\/p>\n\n\n\n<p><strong>Profesora:\nVictoria Berrueta Reyes <\/strong><\/p>\n\n\n\n<p><strong><em>TODAS\nLAS CLASES CONTROLES, SOLO SE SUSPENDE EN EL CASO DE HABER UNA EVALUACION O\nGUIA EVALUADA&nbsp; <\/em><\/strong><\/p>\n\n\n\n<p>PRIMERO MEDIO A = DIAS MIERCOLES <\/p>\n\n\n\n<p>PRIMERO MEDIO B = DIAS MARTES <\/p>\n\n\n\n<p>SEGUNDO MEDIO = DIAS VIERNES <\/p>\n\n\n\n<p>TERCERO MEDIO A =DIAS LUNES<\/p>\n\n\n\n<p>CUARTO MEDIO A =DIAS LUNES <\/p>\n\n\n\n<p>TERCERO MEDIO ELECTIVO =DIAS JUEVES <\/p>\n\n\n\n<p>CUARTO MEDIO ELECTIVO =DIAS JUEVES <\/p>\n\n\n\n<hr class=\"wp-block-separator\"\/>\n\n\n\n<p class=\"has-text-color has-background has-medium-font-size has-very-light-gray-color has-vivid-red-background-color\"><strong>PRUEBA\nDE ELECTIVO DE QUIMICA<\/strong><\/p>\n\n\n\n<p><strong>CUARTO\nA\u00d1O MEDIO <\/strong><\/p>\n\n\n\n<p><strong>Profesora:\nVictoria Berrueta Reyes <\/strong><\/p>\n\n\n\n<p>Mi\u00e9rcoles 22\nde Mayo <\/p>\n\n\n\n<p>Expresi\u00f3n de la constante de equilibrio <\/p>\n\n\n\n<p>C\u00e1lculo de la constante de equilibrio <\/p>\n\n\n\n<p>C\u00e1lculo de gramos, moles y concentraciones a partir de la constante de\nequilibrio<\/p>\n\n\n\n<p>Principio de Le Chatelier<\/p>\n\n\n\n<hr class=\"wp-block-separator\"\/>\n\n\n\n<p style=\"font-size:27px;text-align:left\" class=\"has-text-color has-background has-very-light-gray-color has-vivid-red-background-color\"><strong>Prueba de Historia<\/strong><\/p>\n\n\n\n<p>PROFESOR: SEBASTI\u00c1N RIQUELME V.&nbsp;<br>FECHA: VIERNES 3 DE MAYO<br>CONTENIDOS:&nbsp;<br>&#8211; LIBRO- \u201cALGO VA MAL\u201d DE TONY JUDT.<\/p>\n\n\n\n<hr class=\"wp-block-separator\"\/>\n\n\n\n<p style=\"text-align:left\" class=\"has-text-color has-background has-medium-font-size has-very-light-gray-color has-vivid-red-background-color\"><strong>Prueba de Historia<\/strong><\/p>\n\n\n\n<p>PROFESOR: SEBASTI\u00c1N RIQUELME V.&nbsp;<br>FECHA: JUEVES 25 DE ABRIL.<br>CONTENIDOS:&nbsp;<br>&#8211; LA SOCIOLOG\u00cdA Y SU FOCO DE ESTUDIO.<\/p>\n\n\n\n<hr class=\"wp-block-separator\"\/>\n\n\n\n<figure class=\"wp-block-image\"><img decoding=\"async\" src=\"http:\/\/www.northcross.cl\/wp-content\/uploads\/2019\/03\/VICKY-1.png\" alt=\"\" class=\"wp-image-2241\"\/><\/figure>\n","protected":false},"excerpt":{"rendered":"<p>PRUEBA BIOLOG\u00cdA PROFESORA: VANESSA ROJAS FECHA: MIERCOLES 23 DE OCTUBRE CONTENIDO: REGULACI\u00d3N GEN\u00c9TICA EN EUCARIOTES Prueba de Ingl\u00e9s PROFESOR: Daniel Jeria Ram\u00edrez FECHA: Mi\u00e9rcoles 14 de Agosto&nbsp; CONTENIDO:&nbsp; &nbsp;-Expresar deseos&#8230;<\/p>\n<div class=\"royalnews-readmore-wrap\"><a href=\"https:\/\/www.northcross.cl\/index.php\/electivo-4-medio\/\" class=\"royalnews-readmore\">Explore more <i class=\"far fa-hand-point-right\"><\/i><\/a><\/div>\n","protected":false},"author":1,"featured_media":0,"parent":0,"menu_order":0,"comment_status":"closed","ping_status":"closed","template":"","meta":{"footnotes":""},"class_list":["post-2240","page","type-page","status-publish","hentry"],"_links":{"self":[{"href":"https:\/\/www.northcross.cl\/index.php\/wp-json\/wp\/v2\/pages\/2240","targetHints":{"allow":["GET"]}}],"collection":[{"href":"https:\/\/www.northcross.cl\/index.php\/wp-json\/wp\/v2\/pages"}],"about":[{"href":"https:\/\/www.northcross.cl\/index.php\/wp-json\/wp\/v2\/types\/page"}],"author":[{"embeddable":true,"href":"https:\/\/www.northcross.cl\/index.php\/wp-json\/wp\/v2\/users\/1"}],"replies":[{"embeddable":true,"href":"https:\/\/www.northcross.cl\/index.php\/wp-json\/wp\/v2\/comments?post=2240"}],"version-history":[{"count":0,"href":"https:\/\/www.northcross.cl\/index.php\/wp-json\/wp\/v2\/pages\/2240\/revisions"}],"wp:attachment":[{"href":"https:\/\/www.northcross.cl\/index.php\/wp-json\/wp\/v2\/media?parent=2240"}],"curies":[{"name":"wp","href":"https:\/\/api.w.org\/{rel}","templated":true}]}}