{"id":2107,"date":"2018-12-27T14:51:46","date_gmt":"2018-12-27T14:51:46","guid":{"rendered":"http:\/\/www.northcross.cl\/?page_id=2107"},"modified":"2023-12-20T11:19:55","modified_gmt":"2023-12-20T14:19:55","slug":"lectura-complementaria-ensenanza-media","status":"publish","type":"page","link":"https:\/\/www.northcross.cl\/index.php\/lectura-complementaria-ensenanza-media\/","title":{"rendered":"PLAN LECTOR Ed. Media"},"content":{"rendered":"\n<p><strong>LECTURAS COMPLEMENTARIAS 2024&nbsp;<\/strong><\/p>\n\n\n\n<p><strong>1RO MEDIO A 4TO MEDIO&nbsp;<\/strong><\/p>\n\n\n\n<figure class=\"wp-block-table\"><table><tbody><tr><td><strong>CURSO&nbsp;<\/strong><\/td><td><strong>N\u00b0&nbsp;<\/strong><\/td><td><strong>T\u00cdTULO&nbsp;<\/strong><\/td><td><strong>AUTOR(A) EDITORIAL&nbsp;<\/strong><strong>\/PLATAFORMA&nbsp;<\/strong><strong>SUGERIDA<\/strong><\/td><\/tr><tr><td rowspan=\"5\"><strong>1RO&nbsp;<\/strong><strong>MEDIO<\/strong><\/td><td>1&nbsp;<\/td><td><em>El a\u00f1o que nos volvimos todos un poco locos&nbsp;<\/em><\/td><td>Marco Antonio de&nbsp;Cualquierala Parra&nbsp;<\/td><\/tr><tr><td>2&nbsp;<\/td><td><em>Frankenstein o el moderno Prometeo&nbsp;<\/em><\/td><td>Mary Shelley Zig-Zag<\/td><\/tr><tr><td>3&nbsp;<\/td><td><em>La casa de Bernarda Alba&nbsp;<\/em><\/td><td>Federico Garc\u00eda&nbsp;Zig-ZagLorca&nbsp;<\/td><\/tr><tr><td>4&nbsp;<\/td><td><em>Rebeli\u00f3n en la granja&nbsp;<\/em><\/td><td>George Orwell Zig-Zag<\/td><\/tr><tr><td>5&nbsp;6&nbsp;<\/td><td><em>Documental: El dilema de las&nbsp;<\/em><em>redes sociales&nbsp;<\/em><em>Cr\u00f3nica de una muerte anunciada&nbsp;<\/em><\/td><td>Jeff Orlowski Netflix&nbsp;<strong>*Entregado por el&nbsp;<\/strong><strong>establecimiento&nbsp;<\/strong>Gabriel Garc\u00eda&nbsp;CualquieraM\u00e1rquez&nbsp;<\/td><\/tr><\/tbody><\/table><\/figure>\n\n\n\n<figure class=\"wp-block-table\"><table><tbody><tr><td><strong>CURSO&nbsp;<\/strong><\/td><td><strong>N\u00b0&nbsp;<\/strong><\/td><td><strong>T\u00cdTULO&nbsp;<\/strong><\/td><td><strong>AUTOR(A) EDITORIAL&nbsp;<\/strong><strong>\/PLATAFORMA&nbsp;<\/strong><strong>SUGERIDA<\/strong><\/td><\/tr><tr><td><strong>2DO<\/strong><\/td><td>1&nbsp;<\/td><td><em>El camino m\u00e1s largo&nbsp;<\/em><\/td><td>Irene Bostelmann Zig-Zag<\/td><\/tr><tr><td><strong>MEDIO<\/strong><\/td><td>2&nbsp;<\/td><td><em>Maus (novela gr\u00e1fica)&nbsp;<\/em><\/td><td>Art Spiegelman Literatura Random House<\/td><\/tr><tr><td><\/td><td>3&nbsp;<\/td><td><em>Documental: Nada es privado&nbsp;<\/em><\/td><td>Karim Amer,&nbsp;Netflix&nbsp;<strong>*Entregado por el&nbsp;<\/strong>Jehane Noujaim&nbsp;<strong>establecimiento<\/strong><\/td><\/tr><\/tbody><\/table><\/figure>\n\n\n\n<p>4 <em>Texto de revista especializada: \u201cLas redes sociales on-line: Espacios de socializaci\u00f3n y definici\u00f3n de identidad\u201d&nbsp;<\/em><\/p>\n\n\n\n<p>Annachiara Del Prete,&nbsp;<\/p>\n\n\n\n<p>Silvia Redon Pantoja&nbsp;<\/p>\n\n\n\n<p>Portal web SCielo: \u201cPsicoperspectivas\u201d, Vol. 19, N\u00b01.&nbsp;<\/p>\n\n\n\n<p><strong>*Entregado impreso por el&nbsp;<\/strong><\/p>\n\n\n\n<p><strong>establecimiento&nbsp;<\/strong><strong><\/strong><\/p>\n\n\n\n<p>5 <em>La \u00e9poca de la neblina <\/em>Josefina Hepp Zig-Zag&nbsp;<\/p>\n\n\n\n<p>6 <em>Hamlet <\/em>William Shakespeare&nbsp;<\/p>\n\n\n\n<p>Zig-Zag<br><\/p>\n\n\n\n<figure class=\"wp-block-table\"><table><tbody><tr><td><\/td><td><\/td><td><\/td><td><\/td><\/tr><tr><td><strong>CURSO&nbsp;<\/strong><\/td><td><strong>N\u00b0&nbsp;<\/strong><\/td><td><strong>T\u00cdTULO&nbsp;<\/strong><\/td><td><strong>AUTOR(A) EDITORIAL&nbsp;<\/strong><strong>\/PLATAFORMA&nbsp;<\/strong><strong>SUGERIDA<\/strong><\/td><\/tr><tr><td rowspan=\"11\"><strong>3RO&nbsp;<\/strong><strong>MEDIO&nbsp;<\/strong><strong>ELEC.&nbsp;<\/strong><strong>3RO&nbsp;<\/strong><strong>MEDIO&nbsp;<\/strong><strong>PART. Y ARG.&nbsp;<\/strong><strong>EN&nbsp;<\/strong><strong>DEMO&nbsp;<\/strong><strong>CRACI&nbsp;<\/strong><strong>A<\/strong><\/td><td>1&nbsp;<\/td><td><em>Mala conexi\u00f3n&nbsp;<\/em><\/td><td>JO Witek Zig-Zag<\/td><\/tr><tr><td>2&nbsp;<\/td><td><em>Casa de mu\u00f1ecas&nbsp;<\/em><\/td><td>Henrik Ibsen Zig-Zag<\/td><\/tr><tr><td>3&nbsp;<\/td><td><em>Mandela (novela gr\u00e1fica)&nbsp;<\/em><\/td><td>Emanuel Castro Zig-Zag<\/td><\/tr><tr><td>4&nbsp;<\/td><td><em>El se\u00f1or de las moscas&nbsp;<\/em><\/td><td>William Goldin Cualquiera<\/td><\/tr><tr><td>5&nbsp;<\/td><td><em>La sociedad del cansancio&nbsp;<\/em><\/td><td>Byung Chul-Han Cualquiera<\/td><\/tr><tr><td>6&nbsp;1&nbsp;<\/td><td><em>Texto de revista especializada:&nbsp;<\/em><em>\u201cArte y algoritmos\u201d&nbsp;<\/em><em>21 lecciones para el siglo XXI (1ra selecci\u00f3n)<\/em><\/td><td>An\u00edbal Astobiza Portal web SCielo: \u201cAISTHESIS\u201d, N\u00b072&nbsp;<strong>*Entregado impreso&nbsp;<\/strong><strong>por el&nbsp;<\/strong><strong>establecimiento&nbsp;<\/strong>Yuval Noah Harari Debate<\/td><\/tr><tr><td>2&nbsp;<\/td><td><em>21 lecciones para el siglo XXI (2da selecci\u00f3n)<\/em><\/td><td>Yuval Noah Harari Debate<\/td><\/tr><tr><td>3&nbsp;<\/td><td><em>Texto de revista especializada:&nbsp;<\/em><em>\u201cPlanos de realidad, identidad virtual y discurso en las redes sociales\u201d<\/em><\/td><td>Jes\u00fas Portillo Portal web SCielo: \u201cLOGOS\u201d&nbsp;<strong>*Entregado impreso&nbsp;<\/strong><strong>por el&nbsp;<\/strong><strong>establecimiento<\/strong><\/td><\/tr><tr><td>4&nbsp;<\/td><td><em>Un mundo feliz&nbsp;<\/em><\/td><td>Aldous Huxley Cualquiera<\/td><\/tr><tr><td>5&nbsp;<\/td><td><em>La Brecha&nbsp;<\/em><\/td><td>Mercedes&nbsp;CualquieraValdivieso&nbsp;<\/td><\/tr><tr><td>6&nbsp;<\/td><td><em>Traves\u00edas del hombre lobo&nbsp;<\/em><\/td><td>Luc\u00eda Guerra Zig-Zag<\/td><\/tr><tr><td><\/td><td><\/td><td><\/td><td><\/td><\/tr><\/tbody><\/table><\/figure>\n\n\n\n<figure class=\"wp-block-table\"><table><tbody><tr><td><\/td><td><\/td><td><\/td><td><\/td><\/tr><tr><td><strong>CURSO&nbsp;<\/strong><\/td><td><strong>N\u00b0&nbsp;<\/strong><\/td><td><strong>T\u00cdTULO&nbsp;<\/strong><\/td><td><strong>AUTOR(A) EDITORIAL&nbsp;<\/strong><strong>\/PLATAFORMA&nbsp;<\/strong><strong>SUGERIDA<\/strong><\/td><\/tr><tr><td rowspan=\"11\"><strong>4TO&nbsp;<\/strong><strong>MEDIO&nbsp;<\/strong><strong>ELEC.&nbsp;<\/strong><strong>4TO&nbsp;<\/strong><strong>MEDIO&nbsp;<\/strong><strong>LECTU&nbsp;<\/strong><strong>RA Y&nbsp;<\/strong><strong>ESCRIT&nbsp;<\/strong><strong>URA&nbsp;<\/strong><strong>ESPECI&nbsp;<\/strong><strong>ALIZAD AS<\/strong><\/td><td>1&nbsp;<\/td><td><em>Quiltras&nbsp;<\/em><\/td><td>Arelis Uribe Cualquiera<\/td><\/tr><tr><td rowspan=\"2\">2&nbsp;<\/td><td><em>Obra dram\u00e1tica&nbsp;<\/em><em>Opci\u00f3n 1: \u201cHans Pozo\u201d<\/em><\/td><td rowspan=\"2\">Luis Barrales <strong>*Entregado impreso por el&nbsp;<\/strong><strong>establecimiento<\/strong><\/td><\/tr><tr><td><em>Obra dram\u00e1tica&nbsp;<\/em><em>Opci\u00f3n 2: \u201cNi\u00f1as ara\u00f1as\u201d<\/em><\/td><\/tr><tr><td>3&nbsp;<\/td><td><em>Formas de volver a casa&nbsp;<\/em><\/td><td>Alejandro Zambra Cualquiera<\/td><\/tr><tr><td>4&nbsp;<\/td><td><em>Topolog\u00eda de la violencia&nbsp;<\/em><\/td><td>Byung-Chul Han Cualquiera<\/td><\/tr><tr><td>5&nbsp;<\/td><td><em>Texto de revista especializada:&nbsp;<\/em><em>\u201cAlgunas notas sobre el&nbsp;<\/em><em>concepto de objeci\u00f3n de&nbsp;<\/em><em>conciencia\u201d<\/em><\/td><td>\u00cd\u00f1igo \u00c1lvarez&nbsp;Portal web SCielo:&nbsp;\u201cAtenea\u201d, N\u00b0 516&nbsp;G\u00e1lvez&nbsp;<strong>*Entregado impreso&nbsp;<\/strong><strong>por el&nbsp;<\/strong><strong>establecimiento<\/strong><\/td><\/tr><tr><td rowspan=\"2\">6&nbsp;1&nbsp;<\/td><td><em>Texto de revista especializada:&nbsp;<\/em><em>Opci\u00f3n 1: \u201cLas dimensiones optimistas y pesimistas de la democracia electr\u00f3nica\u201d<\/em><\/td><td>Jorge Aguirre Portal web SCielo: \u201cIntersticios Sociales\u201d,&nbsp;N\u00b025&nbsp;<strong>*Entregado impreso&nbsp;<\/strong><strong>por el&nbsp;<\/strong><strong>establecimiento<\/strong><\/td><\/tr><tr><td><em>Texto de revista especializada:&nbsp;<\/em><em>Opci\u00f3n 2: \u201cDesarrollo humano y redes sociales en sociedades digitales\u201d&nbsp;<\/em><em>El consumo me consume&nbsp;<\/em><\/td><td>Vicent Goz\u00e1lvez,&nbsp;Portal web SCielo:&nbsp;Gemma Cortijo&nbsp;\u201cSophia\u201d, N\u00b034&nbsp;<strong>*Entregado impreso&nbsp;<\/strong><strong>por el&nbsp;<\/strong><strong>establecimiento&nbsp;<\/strong>Thomas Moulian LOM<\/td><\/tr><tr><td>2&nbsp;<\/td><td><em>Texto especializado&nbsp;<\/em><em>\u201cDel perd\u00f3n que se pide y del perd\u00f3n que se da\u201d<\/em><\/td><td>Portal web SCielo:&nbsp;Humberto&nbsp;Giannini&nbsp;\u201cAtenea\u201d, N\u00b0 497&nbsp;<strong>*Entregado impreso&nbsp;<\/strong><strong>por el&nbsp;<\/strong><strong>establecimiento<\/strong><\/td><\/tr><tr><td rowspan=\"2\">3&nbsp;<\/td><td><em>Texto especializado&nbsp;<\/em><em>Opci\u00f3n 1: \u201cRedes sociales, funas, honor y libertad de expresi\u00f3n: an\u00e1lisis cr\u00edtico de los est\u00e1ndares de la jurisprudencia de la Corte Suprema chilena\u201d<\/em><\/td><td>Pablo Contreras,&nbsp;Portal web SCielo:&nbsp;Domingo Lovera&nbsp;\u201cDerecho PUCP\u201d&nbsp;<strong>*Entregado impreso&nbsp;<\/strong><strong>por el&nbsp;<\/strong><strong>establecimiento<\/strong><\/td><\/tr><tr><td><em>Texto especializado&nbsp;<\/em><\/td><td>Marta Rosa Portal web SCielo:<\/td><\/tr><\/tbody><\/table><\/figure>\n\n\n\n<figure class=\"wp-block-table\"><table><tbody><tr><td rowspan=\"2\"><\/td><td><\/td><td><em>Opci\u00f3n 2: \u201cUltrajados, mal pagados y nominados: La violencia simb\u00f3lica y f\u00edsica sobre los participantes de los reality shows\u201d<\/em><\/td><td>Casale \u201cCuadernos del&nbsp;Centro de Estudios&nbsp;en Dise\u00f1o y&nbsp;Comunicaci\u00f3n.&nbsp;Ensayos\u201d, N\u00b0 108&nbsp;<strong>*Entregado&nbsp;<\/strong><strong>impreso por el&nbsp;<\/strong><strong>establecimiento<\/strong><\/td><\/tr><tr><td>4&nbsp;<\/td><td><em>Black-Out&nbsp;<\/em><\/td><td>Tania Ulloa Ceibo<\/td><\/tr><\/tbody><\/table><\/figure>\n","protected":false},"excerpt":{"rendered":"<p>LECTURAS COMPLEMENTARIAS 2024&nbsp; 1RO MEDIO A 4TO MEDIO&nbsp; CURSO&nbsp; N\u00b0&nbsp; T\u00cdTULO&nbsp; AUTOR(A) EDITORIAL&nbsp;\/PLATAFORMA&nbsp;SUGERIDA 1RO&nbsp;MEDIO 1&nbsp; El a\u00f1o que nos volvimos todos un poco locos&nbsp; Marco Antonio de&nbsp;Cualquierala Parra&nbsp; 2&nbsp; Frankenstein&#8230;<\/p>\n<div class=\"royalnews-readmore-wrap\"><a href=\"https:\/\/www.northcross.cl\/index.php\/lectura-complementaria-ensenanza-media\/\" class=\"royalnews-readmore\">Explore more <i class=\"far fa-hand-point-right\"><\/i><\/a><\/div>\n","protected":false},"author":1,"featured_media":0,"parent":0,"menu_order":0,"comment_status":"closed","ping_status":"closed","template":"","meta":{"footnotes":""},"class_list":["post-2107","page","type-page","status-publish","hentry"],"_links":{"self":[{"href":"https:\/\/www.northcross.cl\/index.php\/wp-json\/wp\/v2\/pages\/2107","targetHints":{"allow":["GET"]}}],"collection":[{"href":"https:\/\/www.northcross.cl\/index.php\/wp-json\/wp\/v2\/pages"}],"about":[{"href":"https:\/\/www.northcross.cl\/index.php\/wp-json\/wp\/v2\/types\/page"}],"author":[{"embeddable":true,"href":"https:\/\/www.northcross.cl\/index.php\/wp-json\/wp\/v2\/users\/1"}],"replies":[{"embeddable":true,"href":"https:\/\/www.northcross.cl\/index.php\/wp-json\/wp\/v2\/comments?post=2107"}],"version-history":[{"count":0,"href":"https:\/\/www.northcross.cl\/index.php\/wp-json\/wp\/v2\/pages\/2107\/revisions"}],"wp:attachment":[{"href":"https:\/\/www.northcross.cl\/index.php\/wp-json\/wp\/v2\/media?parent=2107"}],"curies":[{"name":"wp","href":"https:\/\/api.w.org\/{rel}","templated":true}]}}