{"id":2095,"date":"2018-12-27T14:49:21","date_gmt":"2018-12-27T14:49:21","guid":{"rendered":"http:\/\/www.northcross.cl\/?page_id=2095"},"modified":"2024-12-16T12:34:13","modified_gmt":"2024-12-16T15:34:13","slug":"ensenanza-media","status":"publish","type":"page","link":"https:\/\/www.northcross.cl\/index.php\/ensenanza-media\/","title":{"rendered":"ENSE\u00d1ANZA MEDIA"},"content":{"rendered":"\n<figure class=\"wp-block-image size-full\"><img loading=\"lazy\" decoding=\"async\" width=\"948\" height=\"671\" src=\"https:\/\/www.northcross.cl\/wp-content\/uploads\/2024\/12\/image-7.png\" alt=\"\" class=\"wp-image-11815\" srcset=\"https:\/\/www.northcross.cl\/wp-content\/uploads\/2024\/12\/image-7.png 948w, https:\/\/www.northcross.cl\/wp-content\/uploads\/2024\/12\/image-7-300x212.png 300w, https:\/\/www.northcross.cl\/wp-content\/uploads\/2024\/12\/image-7-768x544.png 768w\" sizes=\"auto, (max-width: 948px) 100vw, 948px\" \/><\/figure>\n\n\n\n<p>Estimados apoderados,<\/p>\n\n\n\n<p>Informamos que las listas de \u00fatiles&nbsp; a\u00f1o 2025 se ven reducidas, ya que el establecimiento proporcionar\u00e1 a cada estudiante parte de los \u00fatiles escolares necesarios. Algunas asignaturas no figuran en la lista, ya que solo se utilizar\u00e1n cuadernos, los cuales ser\u00e1n entregados por el colegio. Agradecemos su comprensi\u00f3n y colaboraci\u00f3n.<\/p>\n\n\n\n<p>Atentamente,NCS<\/p>\n\n\n\n<p class=\"has-medium-font-size\"><strong>1\u00b0 Y 2\u00b0 MEDIO<\/strong> <\/p>\n\n\n\n<div class=\"wp-block-buttons is-layout-flex wp-block-buttons-is-layout-flex\">\n<div class=\"wp-block-button\"><a class=\"wp-block-button__link wp-element-button\" href=\"https:\/\/www.northcross.cl\/wp-content\/uploads\/2024\/12\/LIST.-UTILES-1\u00b0-y-2\u00b0-medios-2025.pdf\"><strong>DESCARGAR<\/strong><\/a><\/div>\n<\/div>\n\n\n\n<p class=\"has-medium-font-size\"><strong>3\u00b0 MEDIO<\/strong><\/p>\n\n\n\n<div class=\"wp-block-buttons is-layout-flex wp-block-buttons-is-layout-flex\">\n<div class=\"wp-block-button\"><a class=\"wp-block-button__link wp-element-button\" href=\"https:\/\/www.northcross.cl\/wp-content\/uploads\/2024\/12\/LISTA-DE-UTILES-3ro-medio-2025.pdf\"><strong>DESCARGAR<\/strong><\/a><\/div>\n<\/div>\n\n\n\n<p class=\"has-medium-font-size\"><strong>4\u00b0 MEDIO <\/strong><\/p>\n\n\n\n<div class=\"wp-block-buttons is-layout-flex wp-block-buttons-is-layout-flex\">\n<div class=\"wp-block-button\"><a class=\"wp-block-button__link wp-element-button\" href=\"https:\/\/www.northcross.cl\/wp-content\/uploads\/2024\/12\/LISTA-DE-UTILES-4to-medio-2025.pdf\"><strong>DESCARGAR<\/strong><\/a><\/div>\n<\/div>\n\n\n<div class=\"wp-block-image\">\n<figure class=\"aligncenter size-large\"><img loading=\"lazy\" decoding=\"async\" width=\"1024\" height=\"293\" src=\"https:\/\/www.northcross.cl\/wp-content\/uploads\/2022\/05\/cropped-portada-4-1024x293.png\" alt=\"\" class=\"wp-image-7576\" srcset=\"https:\/\/www.northcross.cl\/wp-content\/uploads\/2022\/05\/cropped-portada-4-1024x293.png 1024w, https:\/\/www.northcross.cl\/wp-content\/uploads\/2022\/05\/cropped-portada-4-300x86.png 300w, https:\/\/www.northcross.cl\/wp-content\/uploads\/2022\/05\/cropped-portada-4-768x219.png 768w, https:\/\/www.northcross.cl\/wp-content\/uploads\/2022\/05\/cropped-portada-4.png 1113w\" sizes=\"auto, (max-width: 1024px) 100vw, 1024px\" \/><\/figure>\n<\/div>","protected":false},"excerpt":{"rendered":"<p>Estimados apoderados, Informamos que las listas de \u00fatiles&nbsp; a\u00f1o 2025 se ven reducidas, ya que el establecimiento proporcionar\u00e1 a cada estudiante parte de los \u00fatiles escolares necesarios. Algunas asignaturas no&#8230;<\/p>\n<div class=\"royalnews-readmore-wrap\"><a href=\"https:\/\/www.northcross.cl\/index.php\/ensenanza-media\/\" class=\"royalnews-readmore\">Explore more <i class=\"far fa-hand-point-right\"><\/i><\/a><\/div>\n","protected":false},"author":1,"featured_media":0,"parent":0,"menu_order":0,"comment_status":"closed","ping_status":"closed","template":"","meta":{"footnotes":""},"class_list":["post-2095","page","type-page","status-publish","hentry"],"_links":{"self":[{"href":"https:\/\/www.northcross.cl\/index.php\/wp-json\/wp\/v2\/pages\/2095","targetHints":{"allow":["GET"]}}],"collection":[{"href":"https:\/\/www.northcross.cl\/index.php\/wp-json\/wp\/v2\/pages"}],"about":[{"href":"https:\/\/www.northcross.cl\/index.php\/wp-json\/wp\/v2\/types\/page"}],"author":[{"embeddable":true,"href":"https:\/\/www.northcross.cl\/index.php\/wp-json\/wp\/v2\/users\/1"}],"replies":[{"embeddable":true,"href":"https:\/\/www.northcross.cl\/index.php\/wp-json\/wp\/v2\/comments?post=2095"}],"version-history":[{"count":0,"href":"https:\/\/www.northcross.cl\/index.php\/wp-json\/wp\/v2\/pages\/2095\/revisions"}],"wp:attachment":[{"href":"https:\/\/www.northcross.cl\/index.php\/wp-json\/wp\/v2\/media?parent=2095"}],"curies":[{"name":"wp","href":"https:\/\/api.w.org\/{rel}","templated":true}]}}