{"id":15062,"date":"2026-03-10T13:04:23","date_gmt":"2026-03-10T16:04:23","guid":{"rendered":"https:\/\/www.northcross.cl\/?page_id=15062"},"modified":"2026-04-30T16:25:12","modified_gmt":"2026-04-30T20:25:12","slug":"4-medio-b","status":"publish","type":"page","link":"https:\/\/www.northcross.cl\/index.php\/4-medio-b\/","title":{"rendered":"4\u00b0 MEDIO B"},"content":{"rendered":"\n<p class=\"has-white-color has-vivid-red-background-color has-text-color has-background has-link-color wp-elements-04d0581a3f9f00310e9fed62ace05c41\"><strong>Gu\u00eda con cuaderno Cs. Para la ciudadan\u00eda 4\u00b0 Medio B<\/strong><\/p>\n\n\n\n<p>05\/05<\/p>\n\n\n\n<p>Contenidos: Salud, enfermedad, enfermedades no transmisibles, estr\u00e9s, sue\u00f1o, h\u00e1bitos de vida<br>saludables, h\u00e1bitos de vida no saludables, nutrientes.<\/p>\n\n\n\n<p class=\"has-white-color has-vivid-red-background-color has-text-color has-background has-link-color wp-elements-8b88def87a23e93662223345e3927106\"><strong>EVALUACI\u00d3N DE LENGUA Y LITERATURA [TIMBRES]<\/strong><\/p>\n\n\n\n<p>Nombre Profesora: Jasm\u00edn Vargas<\/p>\n\n\n\n<p>Curso: 4to medio B<\/p>\n\n\n\n<p>Fecha de la evaluaci\u00f3n: Mi\u00e9rcoles 29\/04\/26<\/p>\n\n\n\n<p>Contenido: Revisi\u00f3n de timbres de actividades de la Unidad 1 (cierre nota de proceso)<\/p>\n\n\n\n<p class=\"has-white-color has-vivid-red-background-color has-text-color has-background has-link-color wp-elements-69a5aa02d739b74e52a24b9f100d8fbf\"><strong>EVALUACI\u00d3N DE MATEMATICA<\/strong><\/p>\n\n\n\n<p>4 medio B<\/p>\n\n\n\n<p>PROFESOR(A): JUAN POU JERIA<br>FECHA: 29-04-2026<br>CONTENIDOS: Decisiones en el \u00e1mbito econ\u00f3mico<br>\uf0b7 Completar liquidaciones de sueldo.<br>\uf0b7 Crear tabla de amortizaci\u00f3n para cr\u00e9ditos.<br>\uf0b7 Resolver problemas de cr\u00e9ditos y sueldo.<\/p>\n\n\n\n<p class=\"has-white-color has-vivid-red-background-color has-text-color has-background has-link-color wp-elements-3d79f96c120322d44abb246479078138\"><strong>Prueba IV Medio B<\/strong><\/p>\n\n\n\n<p>Fecha: Viernes 24 de abril<\/p>\n\n\n\n<p>Profesor: Sebasti\u00e1n Riquelme<\/p>\n\n\n\n<p>Historia, geograf\u00eda y ciencias sociales<\/p>\n\n\n\n<p>Temario: Institucionalidad\u00a0pol\u00edtica de Chile<\/p>\n\n\n\n<p class=\"has-white-color has-vivid-red-background-color has-text-color has-background has-link-color wp-elements-6aff8e81e7c10c8e76ae3f6121fbe9fb\"><strong>Evaluaci\u00f3n de Ingl\u00e9s<\/strong><\/p>\n\n\n\n<p>Nombre Profesor: Daniel Jeria Ram\u00edrez.<br>Curso: 4to medio B<br>Fecha de la evaluaci\u00f3n: lunes 27 de abril.<br>Contenidos:<br>\uf0b7 Evaluaci\u00f3n escrita de s\u00edmbolos fon\u00e9ticos.<br>Deben transcribir palabras y oraciones a partir de s\u00edmbolos fon\u00e9ticos trabajados en<br>clases.<\/p>\n\n\n\n<p class=\"has-white-color has-vivid-red-background-color has-text-color has-background has-link-color wp-elements-db7f88effa06e5ccf4a1d1398e32e478\"><strong>Prueba Cs. Para la ciudadan\u00eda 4\u00b0 Medio B<\/strong><\/p>\n\n\n\n<p>14\/04<\/p>\n\n\n\n<p>Contenidos: Salud, enfermedad, enfermedades no transmisibles, estr\u00e9s, sue\u00f1o, h\u00e1bitos de vida<br>saludables, h\u00e1bitos de vida no saludables.<\/p>\n\n\n\n<p class=\"has-white-color has-vivid-red-background-color has-text-color has-background has-link-color wp-elements-dfff47fafb08414d30687961f0a44d52\"><strong>Evaluaci\u00f3n de: Control de Orientaci\u00f3n Vocacional\u00a0<\/strong><\/p>\n\n\n\n<p><br>Nombre Profesor(a): Francisca Wegner<br>Curso: 4 Medio B<br>Fecha de la evaluaci\u00f3n: 09 de abril<br>Contenidos: PAES<\/p>\n\n\n\n<p class=\"has-white-color has-vivid-red-background-color has-text-color has-background has-link-color wp-elements-d0a68c2954b99622c33657907327bbfc\"><strong>PRUEBA DE TALLER DE F\u00cdSICA<br><\/strong>IV\u00b0 medio A y B<\/p>\n\n\n\n<p>PROFESOR: RODRIGO NAVAS F.<br>FECHA: 13-04-2026<br>CONTENIDOS:<br>\uf0b7 Trabajo, Potencia y Energ\u00eda, resoluci\u00f3n hasta la pregunta 33 de la gu\u00eda.<\/p>\n\n\n\n<p class=\"has-white-color has-vivid-red-background-color has-text-color has-background has-link-color wp-elements-572661008a682bb7d56c1d60d5970219\"><strong>(Evaluaci\u00f3n de Artes Visuales)<\/strong><\/p>\n\n\n\n<p>Nombre Profesora: Alejandra Gonz\u00e1lez<br>Curso: IV Medio<br>Fecha de la evaluaci\u00f3n: 07 de Abril<br>Contenido: Entrega de obra visual representando una problem\u00e1tica actual<\/p>\n\n\n\n<p class=\"has-white-color has-vivid-red-background-color has-text-color has-background has-link-color wp-elements-c41d8ef8535a4cc0ba7ded0e9eeb6049\"><strong>EDUCACI\u00d3N F\u00cdSICA Y SALUD<\/strong><\/p>\n\n\n\n<p>Nombre Profesor(a):Ljubab Antonella Espinosa<br>Curso: 4to medio B<br>Fecha de la evaluaci\u00f3n: 16\/04<br>Realizar trote 20 minutos (se promediar\u00e1n los tres mejores tiempos) No se exige cantidad de<br>vueltas ni tampoco velocidad del trote. Solo que el ritmo del trote debe permitir al estudiante<br>poder lograr el trabajo sin caminatas y ni detenciones.<br>Fecha de la evaluaci\u00f3n: 23\/04<br>Salto con la cuerda: Cada estudiante con su cuerda presenta de manera grupal coreograf\u00eda de<br>un minuto de duraci\u00f3n en la cual coordinen saltos a pies junto; pie derecho; pie izquierdo; salto<br>para atr\u00e1s; cambios de posici\u00f3n y alguna destreza.<\/p>\n\n\n\n<p class=\"has-white-color has-vivid-red-background-color has-text-color has-background has-link-color wp-elements-13d338e0ff14c7d20f9d100061cd7723\"><strong>Prueba Biolog\u00eda de los ecosistemas 4\u00b0 Medio<\/strong><\/p>\n\n\n\n<p>30\/03<\/p>\n\n\n\n<p>Contenidos: Evoluci\u00f3n y biodiversidad, explicaciones cient\u00edficas y no cient\u00edficas para la<br>biodiversidad.<\/p>\n\n\n\n<p class=\"has-white-color has-vivid-red-background-color has-text-color has-background has-link-color wp-elements-69a5aa02d739b74e52a24b9f100d8fbf\"><strong>EVALUACI\u00d3N DE MATEMATICA<\/strong><\/p>\n\n\n\n<p>4 medio B<\/p>\n\n\n\n<p>PROFESOR(A): JUAN POU JERIA<br>FECHA: 27-03-2026<br>CONTENIDOS: Porcentajes<br>\uf0b7 Resolver problemas que involucran porcentajes.<br>\uf0b7 Resolver problemas de inter\u00e9s simple y compuesto.<\/p>\n\n\n\n<p class=\"has-white-color has-vivid-red-background-color has-text-color has-background has-link-color wp-elements-0912b8dcd30a872f5c7804d5e7344623\"><strong>LECTURAS<\/strong><\/p>\n\n\n\n<figure class=\"wp-block-table\"><table class=\"has-fixed-layout\"><tbody><tr><td colspan=\"3\"><strong>4TO MEDIO B<\/strong><\/td><\/tr><tr><td><strong>T\u00edtulo<\/strong><\/td><td><strong>Autor<\/strong><\/td><td><strong>Fecha de aplicaci\u00f3n<\/strong><\/td><\/tr><tr><td><em>Quiltras\u00a0<\/em><\/td><td>Arelis Uribe<\/td><td>Jueves 02 de abril<\/td><\/tr><tr><td><em>Obra dram\u00e1tica<\/em><em>Opci\u00f3n 1: \u201cHans Pozo\u201d\u00a0<\/em><\/td><td rowspan=\"2\">Luis Barrales\u00a0<\/td><td rowspan=\"2\">Jueves 30 de abril<\/td><\/tr><tr><td><em>Obra dram\u00e1tica<\/em><em>Opci\u00f3n 2: \u201cNi\u00f1as ara\u00f1as\u201d\u00a0<\/em><\/td><\/tr><tr><td><em>Formas de volver a casa\u00a0<\/em><\/td><td>Alejandro Zambra\u00a0<\/td><td>Jueves 28 de mayo<\/td><\/tr><\/tbody><\/table><\/figure>\n","protected":false},"excerpt":{"rendered":"<p>Gu\u00eda con cuaderno Cs. Para la ciudadan\u00eda 4\u00b0 Medio B 05\/05 Contenidos: Salud, enfermedad, enfermedades no transmisibles, estr\u00e9s, sue\u00f1o, h\u00e1bitos de vidasaludables, h\u00e1bitos de vida no saludables, nutrientes. EVALUACI\u00d3N DE&#8230;<\/p>\n<div class=\"royalnews-readmore-wrap\"><a href=\"https:\/\/www.northcross.cl\/index.php\/4-medio-b\/\" class=\"royalnews-readmore\">Explore more <i class=\"far fa-hand-point-right\"><\/i><\/a><\/div>\n","protected":false},"author":1,"featured_media":0,"parent":0,"menu_order":0,"comment_status":"closed","ping_status":"closed","template":"","meta":{"footnotes":""},"class_list":["post-15062","page","type-page","status-publish","hentry"],"_links":{"self":[{"href":"https:\/\/www.northcross.cl\/index.php\/wp-json\/wp\/v2\/pages\/15062","targetHints":{"allow":["GET"]}}],"collection":[{"href":"https:\/\/www.northcross.cl\/index.php\/wp-json\/wp\/v2\/pages"}],"about":[{"href":"https:\/\/www.northcross.cl\/index.php\/wp-json\/wp\/v2\/types\/page"}],"author":[{"embeddable":true,"href":"https:\/\/www.northcross.cl\/index.php\/wp-json\/wp\/v2\/users\/1"}],"replies":[{"embeddable":true,"href":"https:\/\/www.northcross.cl\/index.php\/wp-json\/wp\/v2\/comments?post=15062"}],"version-history":[{"count":14,"href":"https:\/\/www.northcross.cl\/index.php\/wp-json\/wp\/v2\/pages\/15062\/revisions"}],"predecessor-version":[{"id":15503,"href":"https:\/\/www.northcross.cl\/index.php\/wp-json\/wp\/v2\/pages\/15062\/revisions\/15503"}],"wp:attachment":[{"href":"https:\/\/www.northcross.cl\/index.php\/wp-json\/wp\/v2\/media?parent=15062"}],"curies":[{"name":"wp","href":"https:\/\/api.w.org\/{rel}","templated":true}]}}