{"id":14809,"date":"2025-12-22T14:42:05","date_gmt":"2025-12-22T17:42:05","guid":{"rendered":"https:\/\/www.northcross.cl\/?page_id=14809"},"modified":"2026-01-05T10:12:34","modified_gmt":"2026-01-05T13:12:34","slug":"utiles-escolares","status":"publish","type":"page","link":"https:\/\/www.northcross.cl\/index.php\/utiles-escolares\/","title":{"rendered":"\u00daTILES ESCOLARES"},"content":{"rendered":"\n<figure class=\"wp-block-image size-large\"><img loading=\"lazy\" decoding=\"async\" width=\"1024\" height=\"460\" src=\"https:\/\/www.northcross.cl\/wp-content\/uploads\/2025\/12\/image-10-1024x460.png\" alt=\"\" class=\"wp-image-14831\" srcset=\"https:\/\/www.northcross.cl\/wp-content\/uploads\/2025\/12\/image-10-1024x460.png 1024w, https:\/\/www.northcross.cl\/wp-content\/uploads\/2025\/12\/image-10-300x135.png 300w, https:\/\/www.northcross.cl\/wp-content\/uploads\/2025\/12\/image-10-768x345.png 768w, https:\/\/www.northcross.cl\/wp-content\/uploads\/2025\/12\/image-10.png 1189w\" sizes=\"auto, (max-width: 1024px) 100vw, 1024px\" \/><\/figure>\n\n\n\n<p>Estimados apoderados,<\/p>\n\n\n\n<p>Informamos que las listas de \u00fatiles&nbsp; a\u00f1o 2026 se ven reducidas, ya que el establecimiento proporcionar\u00e1 a cada estudiante parte de los \u00fatiles escolares necesarios. Algunas asignaturas no figuran en la lista, ya que solo se utilizar\u00e1n cuadernos, los cuales ser\u00e1n entregados por el colegio. Agradecemos su comprensi\u00f3n y colaboraci\u00f3n.<\/p>\n\n\n\n<p>Atentamente, NCS<\/p>\n\n\n\n<figure class=\"wp-block-gallery has-nested-images columns-default is-cropped wp-block-gallery-1 is-layout-flex wp-block-gallery-is-layout-flex\">\n<figure class=\"wp-block-image size-large\"><a href=\"https:\/\/www.northcross.cl\/wp-content\/uploads\/2026\/01\/Lista-de-utiles-pk_2026.docx.pdf\"><img loading=\"lazy\" decoding=\"async\" width=\"403\" height=\"291\" data-id=\"14888\" src=\"https:\/\/www.northcross.cl\/wp-content\/uploads\/2026\/01\/Captura-de-pantalla-2026-01-05-100737.png\" alt=\"\" class=\"wp-image-14888\" srcset=\"https:\/\/www.northcross.cl\/wp-content\/uploads\/2026\/01\/Captura-de-pantalla-2026-01-05-100737.png 403w, https:\/\/www.northcross.cl\/wp-content\/uploads\/2026\/01\/Captura-de-pantalla-2026-01-05-100737-300x217.png 300w\" sizes=\"auto, (max-width: 403px) 100vw, 403px\" \/><\/a><\/figure>\n\n\n\n<figure class=\"wp-block-image size-large\"><a href=\"https:\/\/www.northcross.cl\/wp-content\/uploads\/2026\/01\/Lista-de-utiles-Kinder_2026.docx.pdf\"><img loading=\"lazy\" decoding=\"async\" width=\"401\" height=\"290\" data-id=\"14887\" src=\"https:\/\/www.northcross.cl\/wp-content\/uploads\/2026\/01\/Captura-de-pantalla-2026-01-05-100804.png\" alt=\"\" class=\"wp-image-14887\" srcset=\"https:\/\/www.northcross.cl\/wp-content\/uploads\/2026\/01\/Captura-de-pantalla-2026-01-05-100804.png 401w, https:\/\/www.northcross.cl\/wp-content\/uploads\/2026\/01\/Captura-de-pantalla-2026-01-05-100804-300x217.png 300w\" sizes=\"auto, (max-width: 401px) 100vw, 401px\" \/><\/a><\/figure>\n\n\n\n<figure class=\"wp-block-image size-large\"><a href=\"https:\/\/www.northcross.cl\/wp-content\/uploads\/2026\/01\/LISTE-DE-UTILES-PRIMER-ANO-BASICO-2026.docx.pdf\"><img loading=\"lazy\" decoding=\"async\" width=\"276\" height=\"200\" data-id=\"14851\" src=\"https:\/\/www.northcross.cl\/wp-content\/uploads\/2025\/12\/Captura-de-pantalla-2025-12-23-110046.png\" alt=\"\" class=\"wp-image-14851\"\/><\/a><\/figure>\n\n\n\n<figure class=\"wp-block-image size-large\"><a href=\"https:\/\/www.northcross.cl\/wp-content\/uploads\/2026\/01\/Lista-de-utiles-2\u00b0-basico-2026.docx.pdf\"><img loading=\"lazy\" decoding=\"async\" width=\"276\" height=\"199\" data-id=\"14854\" src=\"https:\/\/www.northcross.cl\/wp-content\/uploads\/2025\/12\/Captura-de-pantalla-2025-12-23-110056.png\" alt=\"\" class=\"wp-image-14854\"\/><\/a><\/figure>\n\n\n\n<figure class=\"wp-block-image size-large\"><a href=\"https:\/\/www.northcross.cl\/wp-content\/uploads\/2026\/01\/Lista-de-utiles-Tercer-ano-basico-2026.docx.pdf\"><img loading=\"lazy\" decoding=\"async\" width=\"278\" height=\"199\" data-id=\"14853\" src=\"https:\/\/www.northcross.cl\/wp-content\/uploads\/2025\/12\/Captura-de-pantalla-2025-12-23-110108.png\" alt=\"\" class=\"wp-image-14853\"\/><\/a><\/figure>\n\n\n\n<figure class=\"wp-block-image size-large\"><a href=\"https:\/\/www.northcross.cl\/wp-content\/uploads\/2026\/01\/Lista-de-utiles-Cuarto-ano-basico-2026.docx.pdf\"><img loading=\"lazy\" decoding=\"async\" width=\"278\" height=\"198\" data-id=\"14850\" src=\"https:\/\/www.northcross.cl\/wp-content\/uploads\/2025\/12\/Captura-de-pantalla-2025-12-23-110123.png\" alt=\"\" class=\"wp-image-14850\"\/><\/a><\/figure>\n\n\n\n<figure class=\"wp-block-image size-large\"><a href=\"https:\/\/www.northcross.cl\/wp-content\/uploads\/2026\/01\/Lista-de-utiles-Quinto-ano-basico-2026.docx.pdf\"><img loading=\"lazy\" decoding=\"async\" width=\"276\" height=\"198\" data-id=\"14856\" src=\"https:\/\/www.northcross.cl\/wp-content\/uploads\/2025\/12\/Captura-de-pantalla-2025-12-23-110133.png\" alt=\"\" class=\"wp-image-14856\"\/><\/a><\/figure>\n\n\n\n<figure class=\"wp-block-image size-large\"><a href=\"https:\/\/www.northcross.cl\/wp-content\/uploads\/2026\/01\/Lista-de-utiles-Sexto-ano-basico-2026.docx.pdf\"><img loading=\"lazy\" decoding=\"async\" width=\"277\" height=\"197\" data-id=\"14855\" src=\"https:\/\/www.northcross.cl\/wp-content\/uploads\/2025\/12\/Captura-de-pantalla-2025-12-23-110147.png\" alt=\"\" class=\"wp-image-14855\"\/><\/a><\/figure>\n\n\n\n<figure class=\"wp-block-image size-large\"><a href=\"https:\/\/www.northcross.cl\/wp-content\/uploads\/2026\/01\/Lista-de-utiles-7mo-y-8vo-ano-basico-2026.docx.pdf\"><img loading=\"lazy\" decoding=\"async\" width=\"273\" height=\"195\" data-id=\"14857\" src=\"https:\/\/www.northcross.cl\/wp-content\/uploads\/2025\/12\/Captura-de-pantalla-2025-12-23-110444.png\" alt=\"\" class=\"wp-image-14857\"\/><\/a><\/figure>\n\n\n\n<figure class=\"wp-block-image size-large\"><a href=\"https:\/\/www.northcross.cl\/wp-content\/uploads\/2026\/01\/LIST.-UTILES-1\u00b0-y-2\u00b0-medios-2026.docx.pdf\"><img loading=\"lazy\" decoding=\"async\" width=\"278\" height=\"199\" data-id=\"14848\" src=\"https:\/\/www.northcross.cl\/wp-content\/uploads\/2025\/12\/Captura-de-pantalla-2025-12-23-110238.png\" alt=\"\" class=\"wp-image-14848\"\/><\/a><\/figure>\n\n\n\n<figure class=\"wp-block-image size-large\"><a href=\"https:\/\/www.northcross.cl\/wp-content\/uploads\/2026\/01\/LISTA-DE-UTILES-3ro-medio-2026.docx.pdf\"><img loading=\"lazy\" decoding=\"async\" width=\"401\" height=\"288\" data-id=\"14886\" src=\"https:\/\/www.northcross.cl\/wp-content\/uploads\/2026\/01\/Captura-de-pantalla-2026-01-05-100831.png\" alt=\"\" class=\"wp-image-14886\" srcset=\"https:\/\/www.northcross.cl\/wp-content\/uploads\/2026\/01\/Captura-de-pantalla-2026-01-05-100831.png 401w, https:\/\/www.northcross.cl\/wp-content\/uploads\/2026\/01\/Captura-de-pantalla-2026-01-05-100831-300x215.png 300w\" sizes=\"auto, (max-width: 401px) 100vw, 401px\" \/><\/a><\/figure>\n\n\n\n<figure class=\"wp-block-image size-full\"><a href=\"https:\/\/www.northcross.cl\/wp-content\/uploads\/2026\/01\/LISTA-DE-UTILES-4to-medio-2026.docx.pdf\"><img loading=\"lazy\" decoding=\"async\" width=\"403\" height=\"288\" data-id=\"14885\" src=\"https:\/\/www.northcross.cl\/wp-content\/uploads\/2026\/01\/Captura-de-pantalla-2026-01-05-100845.png\" alt=\"\" class=\"wp-image-14885\" srcset=\"https:\/\/www.northcross.cl\/wp-content\/uploads\/2026\/01\/Captura-de-pantalla-2026-01-05-100845.png 403w, https:\/\/www.northcross.cl\/wp-content\/uploads\/2026\/01\/Captura-de-pantalla-2026-01-05-100845-300x214.png 300w\" sizes=\"auto, (max-width: 403px) 100vw, 403px\" \/><\/a><\/figure>\n<\/figure>\n\n\n\n<p><\/p>\n","protected":false},"excerpt":{"rendered":"<p>Estimados apoderados, Informamos que las listas de \u00fatiles&nbsp; a\u00f1o 2026 se ven reducidas, ya que el establecimiento proporcionar\u00e1 a cada estudiante parte de los \u00fatiles escolares necesarios. Algunas asignaturas no&#8230;<\/p>\n<div class=\"royalnews-readmore-wrap\"><a href=\"https:\/\/www.northcross.cl\/index.php\/utiles-escolares\/\" class=\"royalnews-readmore\">Explore more <i class=\"far fa-hand-point-right\"><\/i><\/a><\/div>\n","protected":false},"author":1,"featured_media":0,"parent":0,"menu_order":0,"comment_status":"closed","ping_status":"closed","template":"","meta":{"footnotes":""},"class_list":["post-14809","page","type-page","status-publish","hentry"],"_links":{"self":[{"href":"https:\/\/www.northcross.cl\/index.php\/wp-json\/wp\/v2\/pages\/14809","targetHints":{"allow":["GET"]}}],"collection":[{"href":"https:\/\/www.northcross.cl\/index.php\/wp-json\/wp\/v2\/pages"}],"about":[{"href":"https:\/\/www.northcross.cl\/index.php\/wp-json\/wp\/v2\/types\/page"}],"author":[{"embeddable":true,"href":"https:\/\/www.northcross.cl\/index.php\/wp-json\/wp\/v2\/users\/1"}],"replies":[{"embeddable":true,"href":"https:\/\/www.northcross.cl\/index.php\/wp-json\/wp\/v2\/comments?post=14809"}],"version-history":[{"count":6,"href":"https:\/\/www.northcross.cl\/index.php\/wp-json\/wp\/v2\/pages\/14809\/revisions"}],"predecessor-version":[{"id":14890,"href":"https:\/\/www.northcross.cl\/index.php\/wp-json\/wp\/v2\/pages\/14809\/revisions\/14890"}],"wp:attachment":[{"href":"https:\/\/www.northcross.cl\/index.php\/wp-json\/wp\/v2\/media?parent=14809"}],"curies":[{"name":"wp","href":"https:\/\/api.w.org\/{rel}","templated":true}]}}