{"id":1419,"date":"2018-03-09T19:20:38","date_gmt":"2018-03-09T19:20:38","guid":{"rendered":"http:\/\/www.northcross.cl\/?page_id=1419"},"modified":"2019-11-11T14:39:31","modified_gmt":"2019-11-11T14:39:31","slug":"6-basico-a","status":"publish","type":"page","link":"https:\/\/www.northcross.cl\/index.php\/6-basico-a\/","title":{"rendered":"6\u00b0 B\u00c1SICO A"},"content":{"rendered":"\n<p class=\"has-text-color has-background has-medium-font-size has-very-light-gray-color has-vivid-red-background-color\"><strong>Prueba de Matem\u00e1tica<\/strong><\/p>\n\n\n\n<p>PROFESOR: NICOL\u00c1S G\u00d3MEZ<\/p>\n\n\n\n<p>FECHA: Viernes 15 de Noviembre<\/p>\n\n\n\n<p>CONTENIDO:&nbsp;<\/p>\n\n\n\n<ul class=\"wp-block-list\"><li>Experimentos Aleatorios<\/li><li>Ley de Laplace \u2013 Frecuencia Relativa&nbsp;<\/li><li>Repetici\u00f3n de Experimentos Aleatorios<\/li><\/ul>\n\n\n\n<p class=\"has-text-color has-background has-medium-font-size has-very-light-gray-color has-vivid-red-background-color\"><strong>Tecnolog\u00eda<\/strong><\/p>\n\n\n\n<p>PROFESORA: Alejandra Gonz\u00e1lez<\/p>\n\n\n\n<p>FECHA: Viernes 08 de Noviembre<\/p>\n\n\n\n<p>CONTENIDO:&nbsp;<\/p>\n\n\n\n<p>Laberinto an\u00e1logo (Materiales reciclados)<br><\/p>\n\n\n\n<p class=\"has-text-color has-background has-medium-font-size has-very-light-gray-color has-vivid-red-background-color\"><strong>Tecnolog\u00eda<\/strong><\/p>\n\n\n\n<p>PROFESORA: Alejandra Gonz\u00e1lez<\/p>\n\n\n\n<p>FECHA: Viernes 25 de Octubre<\/p>\n\n\n\n<p>CONTENIDO:&nbsp;<\/p>\n\n\n\n<p>Juego an\u00e1logo (laberinto)<br><\/p>\n\n\n\n<p class=\"has-text-color has-background has-medium-font-size has-very-light-gray-color has-vivid-red-background-color\"><strong>Artes Visuales<\/strong><\/p>\n\n\n\n<p>PROFESORA: Alejandra Gonz\u00e1lez<\/p>\n\n\n\n<p>FECHA: Mi\u00e9rcoles 16 de Octubre<\/p>\n\n\n\n<p>CONTENIDO:&nbsp;<\/p>\n\n\n\n<p>Evaluaci\u00f3n: Arte Cin\u00e9tico<br><\/p>\n\n\n\n<p class=\"has-text-color has-background has-medium-font-size has-very-light-gray-color has-vivid-red-background-color\"><strong>Tecnolog\u00eda<\/strong><\/p>\n\n\n\n<p>PROFESORA: Alejandra Gonz\u00e1lez<\/p>\n\n\n\n<p>FECHA: Viernes 25 de Octubre<\/p>\n\n\n\n<p>CONTENIDO:&nbsp;<\/p>\n\n\n\n<p>Evaluaci\u00f3n: Laberinto an\u00e1logo (Con materiales reciclados)<br><\/p>\n\n\n\n<p class=\"has-text-color has-background has-medium-font-size has-very-light-gray-color has-vivid-red-background-color\"><strong> Evaluaci\u00f3n de Lengua y   Literatura<\/strong><\/p>\n\n\n\n<p>PROFESORA: JASM\u00cdN VARGAS   <\/p>\n\n\n\n<p>FECHA ENTREGA FINAL: LUNES 14 DE OCTUBRE   <\/p>\n\n\n\n<p>CONTENIDO: <\/p>\n\n\n\n<p>-Fichas bibliogr\u00e1ficas de textos literarios   (aplicaci\u00f3n de contenidos de narrativa Unidad IV)  <\/p>\n\n\n\n<p class=\"has-text-color has-background has-medium-font-size has-very-light-gray-color has-vivid-red-background-color\"><strong>Artes Visuales<\/strong><\/p>\n\n\n\n<p>PROFESORA: Alejandra Gonz\u00e1lez<\/p>\n\n\n\n<p>FECHA: Mi\u00e9rcoles 11 de Septiembre<\/p>\n\n\n\n<p>CONTENIDO:&nbsp;<\/p>\n\n\n\n<p>Reinterpretaci\u00f3n de arte objetual.<br><\/p>\n\n\n\n<p class=\"has-text-color has-background has-medium-font-size has-very-light-gray-color has-vivid-red-background-color\"><strong>Tecnolog\u00eda<\/strong><\/p>\n\n\n\n<p>PROFESORA: Alejandra Gonz\u00e1lez<\/p>\n\n\n\n<p>FECHA: Viernes 06 de Septiembre<\/p>\n\n\n\n<p>CONTENIDO:&nbsp;<\/p>\n\n\n\n<p>Coevaluaci\u00f3n Sopa de letras.<br><\/p>\n\n\n\n<p class=\"has-text-color has-background has-medium-font-size has-very-light-gray-color has-vivid-red-background-color\"><strong>Prueba de Matem\u00e1tica<\/strong><\/p>\n\n\n\n<p>PROFESOR: NICOL\u00c1S G\u00d3MEZ<\/p>\n\n\n\n<p>FECHA: Mi\u00e9rcoles 28 de Agosto<\/p>\n\n\n\n<p>CONTENIDO:&nbsp;<\/p>\n\n\n\n<ul class=\"wp-block-list\"><li>\u00c1ngulos entre Rectas&nbsp;<\/li><li>Construcci\u00f3n de Tri\u00e1ngulos<\/li><li>\u00c1ngulos internos y Externos<\/li><\/ul>\n\n\n\n<p class=\"has-text-color has-background has-medium-font-size has-very-light-gray-color has-vivid-red-background-color\"><strong>Tecnolog\u00eda<\/strong><\/p>\n\n\n\n<p>PROFESORA: Alejandra Gonz\u00e1lez<\/p>\n\n\n\n<p>FECHA: Viernes 23 de Agosto<\/p>\n\n\n\n<p>CONTENIDO:&nbsp;<\/p>\n\n\n\n<p>Afiche Publicitario en Documento Word.<br><\/p>\n\n\n\n<p class=\"has-text-color has-background has-medium-font-size has-very-light-gray-color has-vivid-red-background-color\"><strong>Artes Visuales<\/strong><\/p>\n\n\n\n<p>PROFESORA: Alejandra Gonz\u00e1lez<\/p>\n\n\n\n<p>FECHA: Mi\u00e9rcoles 21 de Agosto<\/p>\n\n\n\n<p>CONTENIDO:&nbsp;<\/p>\n\n\n\n<p>Arte Objetual<br><\/p>\n\n\n\n<p class=\"has-text-color has-background has-medium-font-size has-very-light-gray-color has-vivid-red-background-color\"><strong>Prueba de Matem\u00e1tica<\/strong><\/p>\n\n\n\n<p>PROFESOR: NICOL\u00c1S G\u00d3MEZ<\/p>\n\n\n\n<p>FECHA: Martes 6 de Agosto<\/p>\n\n\n\n<p>CONTENIDO:&nbsp;<\/p>\n\n\n\n<ul class=\"wp-block-list\"><li>\u00c1ngulos<\/li><li>Medidas, Lecturas y Construcci\u00f3n<\/li><\/ul>\n\n\n\n<p class=\"has-text-color has-background has-medium-font-size has-very-light-gray-color has-vivid-red-background-color\"> <strong>CIENCIAS NATURALES<\/strong> <\/p>\n\n\n\n<p>Se\u00f1or Apoderado<\/p>\n\n\n\n<p>Esperando que se encuentre bien al recibo de esta comunicaci\u00f3n y esperando que sea un excelente semestre quisiera dar los siguientes avisos con respecto a la asignatura de <strong>CIENCIAS NATURALES<\/strong><\/p>\n\n\n\n<ul class=\"wp-block-list\"><li>Este semestre el alumno (a) debe tener una <strong>carpeta<\/strong>, donde se encuentren archivados los controles, gu\u00edas y evaluaciones realizadas con su respectiva correcci\u00f3n y firmas del apoderado. La cual podr\u00e1 ser solicitada en cualquier momento y ser evaluada.&nbsp;<\/li><li>En cada actividad realizada, se coloca un <strong>timbre<\/strong> el que al finalizar el semestre se convierte en punto para una nota. Si el alumno se ausenta en la clase, deber\u00e1 traerla a la clase siguiente de caso contrario el timbre no se considera.<\/li><li>Los <strong>controles<\/strong> ser\u00e1n realizados los d\u00edas <strong>JUEVES, <\/strong>en caso de ausencia el control ser\u00e1 realizado a la clase siguiente inmediatamente.<\/li><\/ul>\n\n\n\n<p>Frente a cualquier situaci\u00f3n o duda no olvidar enviarme una nota por libreta. Se despide cari\u00f1osamente&nbsp;<\/p>\n\n\n\n<p><br> &nbsp; &nbsp; &nbsp; &nbsp; &nbsp; &nbsp; &nbsp; &nbsp; &nbsp; &nbsp; &nbsp; &nbsp; &nbsp; &nbsp; &nbsp; &nbsp; &nbsp; &nbsp; &nbsp; &nbsp; &nbsp; Profesora Victoria Berrueta Reyes<br><\/p>\n\n\n\n<p class=\"has-text-color has-background has-medium-font-size has-very-light-gray-color has-vivid-red-background-color\"><strong>&nbsp;Ciencias Naturales&nbsp;<\/strong><\/p>\n\n\n\n<p>PROFESOR:Victoria Berrueta Reyes<\/p>\n\n\n\n<ul class=\"wp-block-list\"><li>CONTROL 1 JUEVES 08\/08 FOTOS\u00cdNTESIS&nbsp;<\/li><li>CONTROL 2 JUEVES 12\/08 FUNCIONES VITALES&nbsp;<\/li><li>GUIA DE REPASO PARA LA PRUEBA LUNES 19\/08<\/li><li>CONTROL 3 JUEVES 22\/08 INTERACCIONES BIOL\u00d3GICAS&nbsp;<\/li><li>PRUEBA DE FOTOS\u00cdNTESIS E INTERACCIONES BIOL\u00d3GICAS LUNES 26\/08<\/li><\/ul>\n\n\n\n<p class=\"has-text-color has-background has-medium-font-size has-very-light-gray-color has-vivid-red-background-color\"><strong>Tecnolog\u00eda<\/strong><\/p>\n\n\n\n<p>PROFESORA: Alejandra Gonz\u00e1lez<\/p>\n\n\n\n<p>FECHA: Viernes 21 de Junio<\/p>\n\n\n\n<p>CONTENIDO: <\/p>\n\n\n\n<p>Dise\u00f1o de afiche publicitario.<br><\/p>\n\n\n\n<p class=\"has-text-color has-background has-medium-font-size has-very-light-gray-color has-vivid-red-background-color\"><strong>Artes Visuales<\/strong><\/p>\n\n\n\n<p>PROFESORA: Alejandra Gonz\u00e1lez<\/p>\n\n\n\n<p>FECHA: Mi\u00e9rcoles 12 de Junio<\/p>\n\n\n\n<p>CONTENIDO: <\/p>\n\n\n\n<p>Revisi\u00f3n de Esculturas pendientes.<br><\/p>\n\n\n\n<p class=\"has-text-color has-background has-medium-font-size has-very-light-gray-color has-vivid-red-background-color\"><strong>Trabajo pr\u00e1ctico Artes Visuales<\/strong><\/p>\n\n\n\n<p><strong>PROFESORA:<\/strong> Alejandra Gonz\u00e1lez<\/p>\n\n\n\n<p><strong>FECHA:<\/strong> 5\/Junio\/2019<\/p>\n\n\n\n<p><strong>CONTENIDO:<\/strong> &nbsp;Escultura Greda<\/p>\n\n\n\n<p> &nbsp;&nbsp;&nbsp;&nbsp;&#8211; Dominio en el uso del material (greda)<\/p>\n\n\n\n<p> &nbsp;&nbsp;&nbsp;&nbsp;&#8211; Identificar: Volumen Lleno-Vac\u00edo<\/p>\n\n\n\n<p> &nbsp;&nbsp;&nbsp;&nbsp;&#8211; Dise\u00f1ar boceto e ideas de planificaci\u00f3n de escultura<br><\/p>\n\n\n\n<hr class=\"wp-block-separator\"\/>\n\n\n\n<p class=\"has-text-color has-background has-medium-font-size has-very-light-gray-color has-vivid-red-background-color\"><strong>CONTROLES E INTERROGACIONES DE <\/strong> <strong>CIENCIAS NATURALES <\/strong> <strong> <\/strong><\/p>\n\n\n\n<p><\/p>\n\n\n\n<p><strong>Profesora:\nVictoria Berrueta Reyes <\/strong><\/p>\n\n\n\n<p><strong><em>TODAS\nLAS CLASES CONTROLES, SOLO SE SUSPENDE EN EL CASO DE HABER UNA EVALUACION O\nGUIA EVALUADA&nbsp; <\/em><\/strong><\/p>\n\n\n\n<p>&nbsp;QUINTO BASICO A =DIAS MIERCOLES<\/p>\n\n\n\n<p>QUINTO BASICO B = DIAS MIERCOLES <\/p>\n\n\n\n<p>SEXTO BASICO=DIAS JUEVES <\/p>\n\n\n\n<hr class=\"wp-block-separator\"\/>\n\n\n\n<p class=\"has-text-color has-background has-medium-font-size has-very-light-gray-color has-vivid-red-background-color\"><strong>PRUEBA\nDE CIENCIAS NATURALES<\/strong><\/p>\n\n\n\n<p><strong>Profesora:\nVictoria Berrueta Reyes <\/strong><\/p>\n\n\n\n<p>Jueves 30 De\nMayo<\/p>\n\n\n\n<p>La Materia y sus Cambios<\/p>\n\n\n\n<ul class=\"wp-block-list\"><li>Caracter\u00edsticas de los tres\nestados de la materia <\/li><li>Cambios de estados de la\nmateria <\/li><li>Tabla de relaci\u00f3n de cambios\nde estado con la energ\u00eda t\u00e9rmica y cin\u00e9tica <\/li><li>Cambios f\u00edsicos y cambios\nqu\u00edmicos <\/li><li>Reacciones Qu\u00edmicas <\/li><li>C\u00e1lculo de Masa Molar <\/li><\/ul>\n\n\n\n<hr class=\"wp-block-separator\"\/>\n\n\n\n<p style=\"text-align:left\" class=\"has-text-color has-background has-medium-font-size has-very-light-gray-color has-vivid-red-background-color\"><strong>Prueba de Lengua y Literatura<\/strong><br><\/p>\n\n\n\n<p>PROFESORA: JASM\u00cdN VARGAS<br>FECHA: VIERNES 03 DE MAYO<br>CONTENIDO:&nbsp;<br>&#8211; Textos narrativos: Elementos de la narraci\u00f3n (tipos de narradores, personajes y acciones; estructura b\u00e1sica)<br>&#8211; Textos informativos: Recursos textuales y gr\u00e1ficos.<br>&#8211; Caracter\u00edsticas de mitos y leyendas.&nbsp;<br>&#8211; Tipos de marcadores.<br>&#8211; Etapas de la escritura.<\/p>\n\n\n\n<hr class=\"wp-block-separator\"\/>\n\n\n\n<figure class=\"wp-block-image\"><img decoding=\"async\" src=\"http:\/\/www.northcross.cl\/wp-content\/uploads\/2019\/03\/vicky-1.png\" alt=\"\" class=\"wp-image-2221\"\/><\/figure>\n\n\n\n<figure class=\"wp-block-image\"><img decoding=\"async\" src=\"http:\/\/www.northcross.cl\/wp-content\/uploads\/2019\/03\/6\u00b0.jpg\" alt=\"\" class=\"wp-image-2166\"\/><\/figure>\n","protected":false},"excerpt":{"rendered":"<p>Prueba de Matem\u00e1tica PROFESOR: NICOL\u00c1S G\u00d3MEZ FECHA: Viernes 15 de Noviembre CONTENIDO:&nbsp; Experimentos Aleatorios Ley de Laplace \u2013 Frecuencia Relativa&nbsp; Repetici\u00f3n de Experimentos Aleatorios Tecnolog\u00eda PROFESORA: Alejandra Gonz\u00e1lez FECHA: Viernes&#8230;<\/p>\n<div class=\"royalnews-readmore-wrap\"><a href=\"https:\/\/www.northcross.cl\/index.php\/6-basico-a\/\" class=\"royalnews-readmore\">Explore more <i class=\"far fa-hand-point-right\"><\/i><\/a><\/div>\n","protected":false},"author":1,"featured_media":0,"parent":0,"menu_order":0,"comment_status":"closed","ping_status":"closed","template":"","meta":{"footnotes":""},"class_list":["post-1419","page","type-page","status-publish","hentry"],"_links":{"self":[{"href":"https:\/\/www.northcross.cl\/index.php\/wp-json\/wp\/v2\/pages\/1419","targetHints":{"allow":["GET"]}}],"collection":[{"href":"https:\/\/www.northcross.cl\/index.php\/wp-json\/wp\/v2\/pages"}],"about":[{"href":"https:\/\/www.northcross.cl\/index.php\/wp-json\/wp\/v2\/types\/page"}],"author":[{"embeddable":true,"href":"https:\/\/www.northcross.cl\/index.php\/wp-json\/wp\/v2\/users\/1"}],"replies":[{"embeddable":true,"href":"https:\/\/www.northcross.cl\/index.php\/wp-json\/wp\/v2\/comments?post=1419"}],"version-history":[{"count":0,"href":"https:\/\/www.northcross.cl\/index.php\/wp-json\/wp\/v2\/pages\/1419\/revisions"}],"wp:attachment":[{"href":"https:\/\/www.northcross.cl\/index.php\/wp-json\/wp\/v2\/media?parent=1419"}],"curies":[{"name":"wp","href":"https:\/\/api.w.org\/{rel}","templated":true}]}}