{"id":10392,"date":"2024-03-18T12:37:51","date_gmt":"2024-03-18T15:37:51","guid":{"rendered":"https:\/\/www.northcross.cl\/?page_id=10392"},"modified":"2026-04-17T12:22:08","modified_gmt":"2026-04-17T16:22:08","slug":"2-medio-b","status":"publish","type":"page","link":"https:\/\/www.northcross.cl\/index.php\/2-medio-b\/","title":{"rendered":"2\u00b0 MEDIO B PRUEBAS Y EVALUACIONES"},"content":{"rendered":"\n<p class=\"has-white-color has-vivid-red-background-color has-text-color has-background has-link-color wp-elements-6aff8e81e7c10c8e76ae3f6121fbe9fb\"><strong>Evaluaci\u00f3n de Ingl\u00e9s<\/strong><\/p>\n\n\n\n<p>Nombre Profesor: Daniel Jeria Ram\u00edrez.<br>Curso: 2do medio B<br>Fecha de la evaluaci\u00f3n: mi\u00e9rcoles 22 de abril.<br>Contenidos:<br>\uf0b7 Uso de palabras para expresar cantidad (many, few, some, etc)<br>\uf0b7 Uso del presente perfecto continuo en todas sus formas<br>\uf0b7 Verbos modales (should, must, might, etc)<br>\uf0b7 Comprensi\u00f3n lectora de textos trabajados en clase.<\/p>\n\n\n\n<p class=\"has-white-color has-vivid-red-background-color has-text-color has-background has-link-color wp-elements-d0e0d48797d22d17d8567034fd538a5f\"><strong>Evaluaci\u00f3n prueba de matem\u00e1ticas<\/strong><\/p>\n\n\n\n<p>Nombre Profesor(a): Jens Voss<br>Curso: 2o medios A-B<br>Fecha de la evaluaci\u00f3n: 27-04-26<br>Contenidos:<br>-Potencias.<br>-Ra\u00edces.<br>-Propiedades de logaritmos.<br>-Logaritmo por definici\u00f3n.<\/p>\n\n\n\n<p class=\"has-white-color has-vivid-red-background-color has-text-color has-background has-link-color wp-elements-e27c9c6dfd568e9a5cf3757973b96338\"><strong>Evaluaci\u00f3n control de matem\u00e1ticas<\/strong><\/p>\n\n\n\n<p>Nombre Profesor(a):Jens Voss<br>Curso: 2o medios A-B<br>Fecha de la evaluaci\u00f3n: 24-04-26<br>Contenidos:<\/p>\n\n\n\n<ul class=\"wp-block-list\">\n<li>Propiedades de Logaritmos.<\/li>\n<\/ul>\n\n\n\n<p class=\"has-white-color has-vivid-red-background-color has-text-color has-background has-link-color wp-elements-e27c9c6dfd568e9a5cf3757973b96338\"><strong>Evaluaci\u00f3n control de matem\u00e1ticas<\/strong><\/p>\n\n\n\n<p>Nombre Profesor(a):Jens Voss<br>Curso: Segundo medio A-B<br>Fecha de la evaluaci\u00f3n: 15\/04\/26 (A); 16\/04\/26 (B)<br>Contenidos:<br>-Propiedades de ra\u00edces.<br>-Ubicaci\u00f3n de ra\u00edces en recta num\u00e9rica.<\/p>\n\n\n\n<p class=\"has-white-color has-vivid-red-background-color has-text-color has-background has-link-color wp-elements-7f8e00dd3240e3c9e2bd93f0e5d9a592\"><strong>Evaluaci\u00f3n de Historia<\/strong><\/p>\n\n\n\n<p><br>Nombre Profesor(a): Liang Lay Roco<br>Curso: II\u00b0 Medio B<br>Fecha de la evaluaci\u00f3n: 15 de abril<br>Contenido: Segunda Guerra Mundial<\/p>\n\n\n\n<ul class=\"wp-block-list\">\n<li>Causas<\/li>\n\n\n\n<li>Caracter\u00edsticas<\/li>\n\n\n\n<li>Consecuencias<\/li>\n\n\n\n<li>Tratados de paz<\/li>\n<\/ul>\n\n\n\n<p class=\"has-white-color has-vivid-red-background-color has-text-color has-background has-link-color wp-elements-6aff8e81e7c10c8e76ae3f6121fbe9fb\"><strong>Evaluaci\u00f3n de Ingl\u00e9s<\/strong><\/p>\n\n\n\n<p>Nombre Profesor: Daniel Jeria Ram\u00edrez.<br>Curso: 2do medio B<br>Fecha de la evaluaci\u00f3n: mi\u00e9rcoles 8 de abril.<br>Contenidos:<br>Control acumulativo sobre dar sugerencias escritas para problemas medioambientales.<\/p>\n\n\n\n<p class=\"has-white-color has-vivid-red-background-color has-text-color has-background has-link-color wp-elements-f378a27c50ea59a7ddd06cae12ed4381\"><strong>Prueba matem\u00e1ticas segundo medio B, 8 de Abril.<\/strong><\/p>\n\n\n\n<p>Profesor: Jens Voss<\/p>\n\n\n\n<p>Contenidos.<\/p>\n\n\n\n<p>-N\u00fameros&nbsp;&nbsp;\u2115,&nbsp;\u2124,&nbsp;\u211a,&nbsp;\ud835\udd40&nbsp;y&nbsp;\u211d.<\/p>\n\n\n\n<p>-Operatorias combinadas.<\/p>\n\n\n\n<p>-Ra\u00edces.<\/p>\n\n\n\n<p class=\"has-white-color has-vivid-red-background-color has-text-color has-background has-link-color wp-elements-59ba906f761bc315de942bb15e039b5f\"><strong>SEGUNDO MEDIO B &#8211; F\u00cdSICA<\/strong><\/p>\n\n\n\n<p>PRUEBA DE F\u00cdSICA<br>NOMBRE PROFESOR(A): KARLA FERRADA GONZ\u00c1LEZ<br>CURSO: SEGUNDO MEDIO B<br>FECHA: VIERNES 10 DE ABRIL<br>CONTENIDOS:<br>UNIDAD 1: INTRODUCCI\u00d3N AL MOVIMIENTO, AN\u00c1LISIS VECTORIAL Y MRU<br>\uf020\uf020\uf020\uf020\uf0f0 \u00bfQU\u00c9 ES EL MOVIMIENTO, TRAYECTORIA, DISTANCIA RECORRIDA, DESPLAZAMIENTO?<br>\uf020\uf020\uf020\uf020\uf0f0 AN\u00c1LISIS VECTORIAL DE FORMA GR\u00c1FICA Y ANAL\u00cdTICA DE FUNCIONES ARITM\u00c9TICAS (SUMA,<br>RESTA, MULTIPLICACI\u00d3N, M\u00d3DULO)<br>\uf020\uf020\uf020\uf020\uf0f0 MOVIMIENTO RECTIL\u00cdNEO UNIFORME<br>MATERIAL DE ESTUDIO:<br>\uf0b7 APUNTES DE CLASES<br>\uf0b7 GU\u00cdA TE\u00d3RICO \u2013 PR\u00c1CTICA DE \u201cAN\u00c1LISIS VECTORIAL\u201d COMPLETA<br>\uf0b7 GU\u00cdA TE\u00d3RICO \u2013 PR\u00c1CTICA DE \u201cMOVMIENTO RECTIL\u00cdNEO UNIFORME\u201d COMPLETA<br>\uf0b7 LIBRO DE F\u00cdSICA 1ro\/2do MEDIO (UNIDAD 6; pp 130 \u2013 139)<\/p>\n\n\n\n<p class=\"has-white-color has-vivid-red-background-color has-text-color has-background has-link-color wp-elements-3455959bf894d3c5217dcabb47130e73\"><strong>(Evaluaci\u00f3n de M\u00fasica)<\/strong><\/p>\n\n\n\n<p>Nombre Profesor(a): Gabriel L\u00f3pez Carroza<br>Curso: 2do medio<br>Fecha de la evaluaci\u00f3n: 2 de Abril<br>Contenido: Evaluaci\u00f3n individual sobre interpretaci\u00f3n musical: Dominio de la melod\u00eda o<br>acordes, precisi\u00f3n r\u00edtmica, pulso constante, trabajo en clases.<\/p>\n\n\n\n<p class=\"has-white-color has-vivid-red-background-color has-text-color has-background has-link-color wp-elements-4ef0c80f056349288e734d1f67e56df7\"><strong>(Evaluaci\u00f3n de Tecnolog\u00eda)<\/strong><\/p>\n\n\n\n<p>Nombre Profesora: Alejandra Gonz\u00e1lez<br>Curso: II\u00b0 medio A y B<br>Fecha de la evaluaci\u00f3n: 10 de Abril<br>Contenido: Entrega de objeto tecnol\u00f3gico que soluciona<\/p>\n\n\n\n<p class=\"has-white-color has-vivid-red-background-color has-text-color has-background has-link-color wp-elements-b75e8b4b4920bd55f6427d8f7898a815\"><strong>Evaluaci\u00f3n de Unidad 1 (Lengua y Literatura)<\/strong><\/p>\n\n\n\n<p>Nombre Profesor: V\u00edctor Herrera<br>Curso: 2\u00b0 medio B<br>Fecha de la evaluaci\u00f3n: lunes 6 de abril de 2026<br>Contenido:<br>An\u00e1lisis e interpretaci\u00f3n de textos narrativos, considerando:<br>\uf0b7 Tipos de narradores.<br>\uf0b7 Estilos narrativos (directo, indirecto e indirecto libre).<br>\uf0b7 Contexto de producci\u00f3n, visi\u00f3n de mundo, prejuicios, estereotipos y contexto de<br>recepci\u00f3n.<\/p>\n\n\n\n<p class=\"has-white-color has-vivid-red-background-color has-text-color has-background has-link-color wp-elements-9c324f8f25bde09e2e592e1c74bd64de\"><strong>Evaluaci\u00f3n de Lectura complementaria (Lengua y Literatura)<\/strong><\/p>\n\n\n\n<p>Nombre Profesor: V\u00edctor Herrera<br>Curso: 2\u00b0 medio B<br>Fecha de la evaluaci\u00f3n: lunes 20 de abril de 2026<br>Contenido: \u201cMaus\u201d (primera parte) de Art Spiegelman<\/p>\n\n\n\n<p class=\"has-white-color has-vivid-red-background-color has-text-color has-background has-link-color wp-elements-68b9cf7d9b071cb40d58e2e9b4dedd67\"><strong>(PRUEBA DE QUIMICA)<\/strong><\/p>\n\n\n\n<p>Nombre Profesor(a): Victoria Berrueta Reyes<br>Curso: 2 Medio B<br>Fecha de la evaluaci\u00f3n: Martes 14 de Abril<br>CONTENIDOS<br>Unidad de Disoluciones Qu\u00edmicas<br>QUE ES LA MATERIA<br>ESTADOS DE LA MATERIA Y CAMBIOS DE ESTADO<br>CLASIFICACION DE LA MATERIA<br>TIPOS DE DISOLUCIONES QUIMICAS<br>METODOS DE SEPARACION DE MEZCLAS<br>CALCULOS PORCENTUALES<br>CALCULO DE FRACCION MOLAR<br>CALCULO DE MOLARIDAD<\/p>\n\n\n\n<p class=\"has-white-color has-vivid-red-background-color has-text-color has-background has-link-color wp-elements-572661008a682bb7d56c1d60d5970219\"><strong>(Evaluaci\u00f3n de Artes Visuales)<\/strong><\/p>\n\n\n\n<p>Nombre Profesora: Alejandra Gonz\u00e1lez<br>Curso: II\u00b0 medio<br>Fecha de la evaluaci\u00f3n: 02 de Abril<br>Contenido: Entrega de ilustraci\u00f3n<\/p>\n\n\n\n<p class=\"has-white-color has-vivid-red-background-color has-text-color has-background has-link-color wp-elements-5f1489651e829a1a0671592417bb3069\"><strong>Prueba Biolog\u00eda 2\u00b0 Medio <\/strong>B<\/p>\n\n\n\n<p class=\"has-white-background-color has-background\"><strong><br><\/strong>27\/03<br>Contenidos: Material gen\u00e9tico, ciclo celular y sus etapas.<\/p>\n\n\n\n<p class=\"has-white-color has-vivid-red-background-color has-text-color has-background has-link-color wp-elements-9c324f8f25bde09e2e592e1c74bd64de\"><strong>Evaluaci\u00f3n de Lectura complementaria (Lengua y Literatura)<\/strong><\/p>\n\n\n\n<p>Nombre Profesor: V\u00edctor Herrera<br>Curso: 2\u00b0 medio B<br>Fecha de la evaluaci\u00f3n: lunes 23 de marzo 2026<br>Contenido: \u201cEl camino m\u00e1s largo\u201d de Irene Bostelmann<\/p>\n\n\n\n<p><\/p>\n\n\n\n<p class=\"has-white-color has-vivid-red-background-color has-text-color has-background has-link-color wp-elements-7f8e00dd3240e3c9e2bd93f0e5d9a592\"><strong>Evaluaci\u00f3n de Historia<\/strong><\/p>\n\n\n\n<p><br>Nombre Profesor(a): Liang Lay Roco<br>Curso: II\u00b0 Medio B<br>Fecha de la evaluaci\u00f3n: 23 de marzo<br>Contenido: Periodo Entreguerras<\/p>\n\n\n\n<ul class=\"wp-block-list\">\n<li>Vanguardias y Medios de comunicaci\u00f3n<\/li>\n\n\n\n<li>Crisis del 29 y New Deal<\/li>\n\n\n\n<li>Totalitarismos<\/li>\n<\/ul>\n\n\n\n<p><\/p>\n","protected":false},"excerpt":{"rendered":"<p>Evaluaci\u00f3n de Ingl\u00e9s Nombre Profesor: Daniel Jeria Ram\u00edrez.Curso: 2do medio BFecha de la evaluaci\u00f3n: mi\u00e9rcoles 22 de abril.Contenidos:\uf0b7 Uso de palabras para expresar cantidad (many, few, some, etc)\uf0b7 Uso del&#8230;<\/p>\n<div class=\"royalnews-readmore-wrap\"><a href=\"https:\/\/www.northcross.cl\/index.php\/2-medio-b\/\" class=\"royalnews-readmore\">Explore more <i class=\"far fa-hand-point-right\"><\/i><\/a><\/div>\n","protected":false},"author":1,"featured_media":0,"parent":0,"menu_order":0,"comment_status":"closed","ping_status":"closed","template":"","meta":{"footnotes":""},"class_list":["post-10392","page","type-page","status-publish","hentry"],"_links":{"self":[{"href":"https:\/\/www.northcross.cl\/index.php\/wp-json\/wp\/v2\/pages\/10392","targetHints":{"allow":["GET"]}}],"collection":[{"href":"https:\/\/www.northcross.cl\/index.php\/wp-json\/wp\/v2\/pages"}],"about":[{"href":"https:\/\/www.northcross.cl\/index.php\/wp-json\/wp\/v2\/types\/page"}],"author":[{"embeddable":true,"href":"https:\/\/www.northcross.cl\/index.php\/wp-json\/wp\/v2\/users\/1"}],"replies":[{"embeddable":true,"href":"https:\/\/www.northcross.cl\/index.php\/wp-json\/wp\/v2\/comments?post=10392"}],"version-history":[{"count":20,"href":"https:\/\/www.northcross.cl\/index.php\/wp-json\/wp\/v2\/pages\/10392\/revisions"}],"predecessor-version":[{"id":15421,"href":"https:\/\/www.northcross.cl\/index.php\/wp-json\/wp\/v2\/pages\/10392\/revisions\/15421"}],"wp:attachment":[{"href":"https:\/\/www.northcross.cl\/index.php\/wp-json\/wp\/v2\/media?parent=10392"}],"curies":[{"name":"wp","href":"https:\/\/api.w.org\/{rel}","templated":true}]}}