{"id":10356,"date":"2024-03-18T10:57:40","date_gmt":"2024-03-18T13:57:40","guid":{"rendered":"https:\/\/www.northcross.cl\/?page_id=10356"},"modified":"2026-04-27T08:41:51","modified_gmt":"2026-04-27T12:41:51","slug":"5-basico-b-5","status":"publish","type":"page","link":"https:\/\/www.northcross.cl\/index.php\/5-basico-b-5\/","title":{"rendered":"3\u00b0 MEDIO B   PRUEBAS Y EVALUACIONES"},"content":{"rendered":"\n<p class=\"has-white-color has-vivid-red-background-color has-text-color has-background has-link-color wp-elements-180fb3b168029936c7c0b81471600988\"><strong>Evaluaci\u00f3n<\/strong><\/p>\n\n\n\n<p>Nombre Profesor(a):Jens Voss<br>Curso: 3o medio B<br>Fecha de la evaluaci\u00f3n: 28-04-26<br>Contenidos:<br>-Probabilidad simple<br>-Probabilidad sin reemplazo<\/p>\n\n\n\n<p class=\"has-white-color has-vivid-red-background-color has-text-color has-background has-link-color wp-elements-6aff8e81e7c10c8e76ae3f6121fbe9fb\"><strong>Evaluaci\u00f3n de Ingl\u00e9s<\/strong><\/p>\n\n\n\n<p>Nombre Profesor: Daniel Jeria Ram\u00edrez.<br>Curso: 3ro medio B<br>Fecha de la evaluaci\u00f3n: mi\u00e9rcoles 29 de abril.<br>Contenidos:<br>Comprensi\u00f3n lectora de los textos trabajados en clase:<br>\uf0b7 Snow White goes to town (pdf enviado al correo)<br>\uf0b7 Pay it forward (libro de ingl\u00e9s, pag. 8)<br>\uf0b7 We were born thinking that humans must exist in balance with nature (Libro de<br>ingl\u00e9s, pag. 12)<br>\uf0b7 Meet Skipper, the miracle puppy born with 6 legs and 2 tails (libro de ingl\u00e9s, pag.<br>25).<\/p>\n\n\n\n<p class=\"has-white-color has-vivid-red-background-color has-text-color has-background has-link-color wp-elements-c671ff672f0d00470dd3ac7cd4df357e\"><strong>(Lengua y Literatura)<\/strong><\/p>\n\n\n\n<p>Nombre Profesor(a): Nathaly Y\u00e1\u00f1ez<br>Curso: III medio B<br>Fecha de la evaluaci\u00f3n: jueves 23 de abril<br>Contenido: timbres Unidad 1<\/p>\n\n\n\n<p class=\"has-white-color has-vivid-red-background-color has-text-color has-background has-link-color wp-elements-69a5aa02d739b74e52a24b9f100d8fbf\"><strong>EVALUACI\u00d3N DE MATEMATICA<\/strong><\/p>\n\n\n\n<p>3 medio B<\/p>\n\n\n\n<p>PROFESOR(A): JUAN POU JERIA<br>FECHA: 13-04 \u2013 2026<br>CONTENIDOS: Tablas y medidas de dispersi\u00f3n<br>\uf0b7 Calcular medidas de tendencia central.<br>\uf0b7 Calcular medidas de dispersi\u00f3n<br>\uf0b7 Construir tablas de frecuencia.<br>\uf0b7 Identificar tipos de variables.<\/p>\n\n\n\n<p class=\"has-white-color has-vivid-red-background-color has-text-color has-background has-link-color wp-elements-730f6e6d5eb885138ccf9fa0503c250c\"><strong>Prueba de Filosof\u00eda\u00a0<\/strong><\/p>\n\n\n\n<p>Curso: III\u00b0 Medio B<\/p>\n\n\n\n<p>Profesora: Francisca Wegner C<\/p>\n\n\n\n<p>Fecha:17 de abril de 2026<br>Contenidos: Unidad I<\/p>\n\n\n\n<p class=\"has-white-color has-vivid-red-background-color has-text-color has-background has-link-color wp-elements-2d0ece324f820923a9696d2e04400889\"><strong>PRUEBA DE TALLER DE F\u00cdSICA<br><\/strong>III\u00b0 medio A y B<\/p>\n\n\n\n<p>PROFESOR: RODRIGO NAVAS F.<br>FECHA: 13-04-2026<br>CONTENIDOS:<br>\uf0b7 Cinem\u00e1tica, resoluci\u00f3n hasta la pregunta 25 de la gu\u00eda.<\/p>\n\n\n\n<p class=\"has-white-color has-vivid-red-background-color has-text-color has-background has-link-color wp-elements-ca5565457ced5b926e75abea6072953f\"><strong>Control taller matem\u00e1ticas tercero medio B <\/strong><\/p>\n\n\n\n<p>Fecha: 7 de Abril<\/p>\n\n\n\n<p>Profesor: Jens Voss<\/p>\n\n\n\n<p>-C\u00e1lculo de medidas de dispersi\u00f3n.<\/p>\n\n\n\n<p class=\"has-white-color has-vivid-red-background-color has-text-color has-background has-link-color wp-elements-03fc5cab763c65ebce4f36ac149afc3b\"><strong>TERCERO MEDIO B \u2013 CIENCIAS PARA LA CIUDADAN\u00cdA<\/strong><\/p>\n\n\n\n<p>PRUEBA DE CIENCIAS PARA LA CIUDADANIA<\/p>\n\n\n\n<p>NOMBRE PROFESOR(A): KARLA FERRADA GONZ\u00c1LEZ<br>CURSO: TERCERO MEDIO B<br>FECHA: MI\u00c9COLES 08 DE ABRIL<br>CONTENIDOS:<br>UNIDAD 1: REPRODUCCI\u00d3N Y SEXUALIDAD<br>\uf020\uf020\uf020\uf020\uf0f0 REPRODUCCI\u00d3N ASEXUAL V\/S SEXUAL<br>\uf0f0 \u00d3RGANOS Y FUNCI\u00d3N DEL SISTEMA REPRODUCTOR FEMENINO Y MASCULINO<br>\uf020\uf020\uf020\uf020\uf0f0 CICLO SEXUAL FEMENINO (CICLOS: HIPOFISIARIO, OV\u00c1RICO, ENDOMETRIAL O UTERINO,<br>HORMONAS SEXUALES<br>\uf020\uf020\uf020\uf020\uf0f0 M\u00c9TODOS ANTICONCEPTIVOS NATURALES Y ARTIFICIALES<br>MATERIAL DE ESTUDIO:<br>\uf0b7 APUNTES DE CLASES<br>\uf0b7 GU\u00cdA DE ACTIVIDADES PR\u00c1CTICA DE \u201cREPRODUCCIPON Y SEXUALIDAD\u201d COMPLETA<br>\uf0b7 GU\u00cdA TE\u00d3RICO \u201cREPRODUCCI\u00d3N Y SEXUALIDAD\u201d COMPLETA<\/p>\n\n\n\n<p class=\"has-white-color has-vivid-red-background-color has-text-color has-background has-link-color wp-elements-572661008a682bb7d56c1d60d5970219\"><strong>(Evaluaci\u00f3n de Artes Visuales)<\/strong><\/p>\n\n\n\n<p>Nombre Profesora: Alejandra Gonz\u00e1lez<br>Curso: III\u00b0 medio<br>Fecha de la evaluaci\u00f3n: 07 de Abril<br>Contenido: Entrega de ejercicio pr\u00e1ctico de Bodeg\u00f3n (utilizando 4 t\u00e9cnicas)<\/p>\n\n\n\n<p class=\"has-white-color has-vivid-red-background-color has-text-color has-background has-link-color wp-elements-c41d8ef8535a4cc0ba7ded0e9eeb6049\"><strong>EDUCACI\u00d3N F\u00cdSICA Y SALUD<\/strong><\/p>\n\n\n\n<p>Nombre Profesor(a):Ljubab Antonella Espinosa<br>Curso: 3ro medio B<br>Fecha de la evaluaci\u00f3n: 13\/04<br>Realizar trote 19 minutos (se promediar\u00e1n los tres mejores tiempos) No se exige cantidad de<br>vueltas ni tampoco velocidad del trote. Solo que el ritmo del trote debe permitir al estudiante<br>poder lograr el trabajo sin caminatas y ni detenciones.<br>Fecha de la evaluaci\u00f3n: 20\/04<br>Saque alto o bajo con recepci\u00f3n (Voleibol)<\/p>\n\n\n\n<p class=\"has-white-color has-vivid-red-background-color has-text-color has-background has-link-color wp-elements-95de2aa1d597fee2e863f0e511687aeb\"><strong>Prueba Biolog\u00eda celular y molecular 3\u00b0 Medio A\/B<\/strong><\/p>\n\n\n\n<p>30\/03<\/p>\n\n\n\n<p>Contenidos: Caracter\u00edsticas de la vida, c\u00e9lula eucarionte\/procarionte y sus caracter\u00edsticas, teor\u00eda<br>celular, biomol\u00e9culas.<\/p>\n\n\n\n<p class=\"has-white-color has-vivid-red-background-color has-text-color has-background has-link-color wp-elements-d7778fc0b919ddf6fe38851a2af3dc22\"><strong>Evaluaci\u00f3n de: Control de Filosof\u00eda<\/strong><\/p>\n\n\n\n<p><br>Nombre Profesor(a): Francisca Wegner<br>Curso: 3\u00b0 Medio B<br>Fecha de la evaluaci\u00f3n: 26 de marzo\u00a0<br>Contenidos: Unidad I<\/p>\n\n\n\n<p class=\"has-white-color has-vivid-red-background-color has-text-color has-background has-link-color wp-elements-8a6bfccb3bd306d4db03c2a38f956ae1\"><strong>(Evaluaci\u00f3n de Lengua y Literatura)<\/strong><\/p>\n\n\n\n<p>Nombre Profesor(a): Nathaly Y\u00e1\u00f1ez<br>Curso: III medio B<br>Fecha de la evaluaci\u00f3n: jueves 19 de marzo<br>Contenido: Prueba de Lectura Complementaria Mala conexi\u00f3n<\/p>\n\n\n\n<p class=\"has-white-color has-vivid-red-background-color has-text-color has-background has-link-color wp-elements-8a6bfccb3bd306d4db03c2a38f956ae1\"><strong>(Evaluaci\u00f3n de Lengua y Literatura)<\/strong><\/p>\n\n\n\n<p>Nombre Profesor(a): Nathaly Y\u00e1\u00f1ez<br>Curso: III medio B<br>Fecha de la evaluaci\u00f3n: jueves 16 de abril<br>Contenido: Prueba de Lectura Complementaria Casa de mu\u00f1ecas<\/p>\n\n\n\n<p class=\"has-white-color has-vivid-red-background-color has-text-color has-background has-link-color wp-elements-8a6bfccb3bd306d4db03c2a38f956ae1\"><strong>(Evaluaci\u00f3n de Lengua y Literatura)<\/strong><\/p>\n\n\n\n<p>Nombre Profesor(a): Nathaly Y\u00e1\u00f1ez<br>Curso: III medio B<br>Fecha de la evaluaci\u00f3n: jueves 14 de mayo<br>Contenido: Prueba de Lectura Complementaria Pers\u00e9polis<\/p>\n","protected":false},"excerpt":{"rendered":"<p>Evaluaci\u00f3n Nombre Profesor(a):Jens VossCurso: 3o medio BFecha de la evaluaci\u00f3n: 28-04-26Contenidos:-Probabilidad simple-Probabilidad sin reemplazo Evaluaci\u00f3n de Ingl\u00e9s Nombre Profesor: Daniel Jeria Ram\u00edrez.Curso: 3ro medio BFecha de la evaluaci\u00f3n: mi\u00e9rcoles 29&#8230;<\/p>\n<div class=\"royalnews-readmore-wrap\"><a href=\"https:\/\/www.northcross.cl\/index.php\/5-basico-b-5\/\" class=\"royalnews-readmore\">Explore more <i class=\"far fa-hand-point-right\"><\/i><\/a><\/div>\n","protected":false},"author":1,"featured_media":0,"parent":0,"menu_order":0,"comment_status":"closed","ping_status":"closed","template":"","meta":{"footnotes":""},"class_list":["post-10356","page","type-page","status-publish","hentry"],"_links":{"self":[{"href":"https:\/\/www.northcross.cl\/index.php\/wp-json\/wp\/v2\/pages\/10356","targetHints":{"allow":["GET"]}}],"collection":[{"href":"https:\/\/www.northcross.cl\/index.php\/wp-json\/wp\/v2\/pages"}],"about":[{"href":"https:\/\/www.northcross.cl\/index.php\/wp-json\/wp\/v2\/types\/page"}],"author":[{"embeddable":true,"href":"https:\/\/www.northcross.cl\/index.php\/wp-json\/wp\/v2\/users\/1"}],"replies":[{"embeddable":true,"href":"https:\/\/www.northcross.cl\/index.php\/wp-json\/wp\/v2\/comments?post=10356"}],"version-history":[{"count":16,"href":"https:\/\/www.northcross.cl\/index.php\/wp-json\/wp\/v2\/pages\/10356\/revisions"}],"predecessor-version":[{"id":15457,"href":"https:\/\/www.northcross.cl\/index.php\/wp-json\/wp\/v2\/pages\/10356\/revisions\/15457"}],"wp:attachment":[{"href":"https:\/\/www.northcross.cl\/index.php\/wp-json\/wp\/v2\/media?parent=10356"}],"curies":[{"name":"wp","href":"https:\/\/api.w.org\/{rel}","templated":true}]}}